{"id":1042,"date":"2024-09-27T09:13:53","date_gmt":"2024-09-27T07:13:53","guid":{"rendered":"https:\/\/test-www.odiseja.com\/about\/podjetje\/"},"modified":"2025-06-11T13:56:05","modified_gmt":"2025-06-11T11:56:05","slug":"o-podjetju","status":"publish","type":"page","link":"https:\/\/test-www.odiseja.com\/sl\/o-podjetju\/","title":{"rendered":"O Podjetju"},"content":{"rendered":"\t\t<div data-elementor-type=\"wp-page\" data-elementor-id=\"1042\" class=\"elementor elementor-1042 elementor-881\" data-elementor-post-type=\"page\">\n\t\t\t\t<div class=\"elementor-element elementor-element-dd74649 odiseja-page-header e-flex e-con-boxed e-con e-parent\" data-id=\"dd74649\" data-element_type=\"container\" data-settings=\"{&quot;background_background&quot;:&quot;classic&quot;}\">\n\t\t\t\t\t<div class=\"e-con-inner\">\n\t\t\t\t<div class=\"elementor-element elementor-element-9af98ff elementor-widget elementor-widget-heading\" data-id=\"9af98ff\" data-element_type=\"widget\" data-widget_type=\"heading.default\">\n\t\t\t\t<div class=\"elementor-widget-container\">\n\t\t\t<style>\/*! elementor - v3.23.0 - 15-07-2024 *\/\n.elementor-heading-title{padding:0;margin:0;line-height:1}.elementor-widget-heading .elementor-heading-title[class*=elementor-size-]>a{color:inherit;font-size:inherit;line-height:inherit}.elementor-widget-heading .elementor-heading-title.elementor-size-small{font-size:15px}.elementor-widget-heading .elementor-heading-title.elementor-size-medium{font-size:19px}.elementor-widget-heading .elementor-heading-title.elementor-size-large{font-size:29px}.elementor-widget-heading .elementor-heading-title.elementor-size-xl{font-size:39px}.elementor-widget-heading .elementor-heading-title.elementor-size-xxl{font-size:59px}<\/style><h1 class=\"elementor-heading-title elementor-size-default\">O Podjetju<\/h1>\t\t<\/div>\n\t\t\t\t<\/div>\n\t\t\t\t\t<\/div>\n\t\t\t\t<\/div>\n\t\t<div class=\"elementor-element elementor-element-2c42ea3 e-flex e-con-boxed e-con e-parent\" data-id=\"2c42ea3\" data-element_type=\"container\">\n\t\t\t\t\t<div class=\"e-con-inner\">\n\t\t\t\t<div class=\"elementor-element elementor-element-88715ee odiseja-body-text elementor-widget elementor-widget-text-editor\" data-id=\"88715ee\" data-element_type=\"widget\" data-widget_type=\"text-editor.default\">\n\t\t\t\t<div class=\"elementor-widget-container\">\n\t\t\t<style>\/*! elementor - v3.23.0 - 15-07-2024 *\/\n.elementor-widget-text-editor.elementor-drop-cap-view-stacked .elementor-drop-cap{background-color:#69727d;color:#fff}.elementor-widget-text-editor.elementor-drop-cap-view-framed .elementor-drop-cap{color:#69727d;border:3px solid;background-color:transparent}.elementor-widget-text-editor:not(.elementor-drop-cap-view-default) .elementor-drop-cap{margin-top:8px}.elementor-widget-text-editor:not(.elementor-drop-cap-view-default) .elementor-drop-cap-letter{width:1em;height:1em}.elementor-widget-text-editor .elementor-drop-cap{float:left;text-align:center;line-height:1;font-size:50px}.elementor-widget-text-editor .elementor-drop-cap-letter{display:inline-block}<\/style>\t\t\t\t<h2><strong>ODISEJA &#8211; Od kultnega prizori\u0161\u010da do \u017eive legende<\/strong><\/h2>\n<p>Leta 2001 je v sredi\u0161\u010du BTC CITY Ljubljana za\u017eivel Kolosej \u2013 takrat najsodobnej\u0161i kinokompleks v Sloveniji, ki je s svojo \u010drno, monumentalno arhitekturo in napredno tehnologijo postal simbol sodobnega urbanega \u017eivljenja. V svojih najbolj\u0161ih letih je privabljal do dva milijona obiskovalcev letno, a s\u010dasoma je njegova priljubljenost upadla, kar je vodilo v zaprtje 14. marca 2023 po 22 letih delovanja.<\/p>\n<p>Kmalu zatem je Kolosej dobil novega lastnika \u2013 podjetnika Iva Boscarola, ustanovitelja Pipistrela, ki je \u010drno lepotico kupil na dra\u017ebi. Za Ivovo odlo\u010ditvijo se skriva ljubezen do glasbe in rad pove, da je v svoji mladosti deloval tudi kot koncertni fotograf in tako ekskluzivno pokukal v marsikatero zaodrje:<\/p>\n<p>\u00bbBil sem koncertni fotograf in tako obiskal prek 2000 koncertov. Med drugim sem bil tudi v hribih nad Nico, v studiu Super Bear, prav v obdobju, ko je skupina Pink Floyd tam snemala legendarni album The Wall.To so bili res \u010dasi rock&#8217;n&#8217;rolla,\u00ab<\/p>\n<p>Tako se je na pogori\u0161\u010du Koloseja za\u010dela rojevati Odiseja \u2013 Vesolje vsebin, ki zdru\u017euje kino, koncerte, kongrese in druge dogodke. Kompleks obsega 12 sodobnih kinodvoran, od katerih so nekatere opremljene z najnovej\u0161o LED tehnologijo, druge prilagojene za gledali\u0161ke predstave, ena pa je multifunkcijska. Posebnost Odiseje je tudi koncertni prostor za 3.500 obiskovalcev ter najve\u010dji notranji LED kino zaslon v Evropi. Celostno prenovljen kompleks s skoraj 19.000 kvadratnimi metri ponuja Vesolje vsebin.<\/p>\n<p>Odiseja je pod lastni\u0161tvom gospodarske dru\u017ebe Boscarol d.o.o., a deluje samostojno kot gospodarska dru\u017eba Odisejada d.o.o., katere izvr\u0161na direktorica je Ur\u0161a Zupan. V juniju 2025 bo Odiseja vstala kot feniks iz pepela in za\u017eivela kot najbolj svetle\u010da zvezda v BTC CITY Ljubljana.<\/p>\n<p>Odiseja je s poletjem 2025 postala \u017eiva legenda.<\/p>\n<p><\/p>\n<p><strong>Odisejada d.o.o.<\/strong><\/p>\n<p>Moskovska ulica 11<br>1000 Ljubljana<br>Dav\u010dna \u0161tevilka: 27983838<br>Mati\u010dna \u0161tevilka: 9278931000<br>TRR:&nbsp;SI56 0400 0027 7249 803 <i>(odprt 23. 12. 2022, OTP banka d.d.)<\/i><\/p>\t\t\t\t\t\t<\/div>\n\t\t\t\t<\/div>\n\t\t\t\t\t<\/div>\n\t\t\t\t<\/div>\n\t\t<div class=\"elementor-element elementor-element-89696bf e-flex e-con-boxed e-con e-parent\" data-id=\"89696bf\" data-element_type=\"container\">\n\t\t\t\t\t<div class=\"e-con-inner\">\n\t\t\t\t<div class=\"elementor-element elementor-element-45efabc elementor-widget elementor-widget-spacer\" data-id=\"45efabc\" data-element_type=\"widget\" data-widget_type=\"spacer.default\">\n\t\t\t\t<div class=\"elementor-widget-container\">\n\t\t\t<style>\/*! elementor - v3.23.0 - 15-07-2024 *\/\n.elementor-column .elementor-spacer-inner{height:var(--spacer-size)}.e-con{--container-widget-width:100%}.e-con-inner>.elementor-widget-spacer,.e-con>.elementor-widget-spacer{width:var(--container-widget-width,var(--spacer-size));--align-self:var(--container-widget-align-self,initial);--flex-shrink:0}.e-con-inner>.elementor-widget-spacer>.elementor-widget-container,.e-con>.elementor-widget-spacer>.elementor-widget-container{height:100%;width:100%}.e-con-inner>.elementor-widget-spacer>.elementor-widget-container>.elementor-spacer,.e-con>.elementor-widget-spacer>.elementor-widget-container>.elementor-spacer{height:100%}.e-con-inner>.elementor-widget-spacer>.elementor-widget-container>.elementor-spacer>.elementor-spacer-inner,.e-con>.elementor-widget-spacer>.elementor-widget-container>.elementor-spacer>.elementor-spacer-inner{height:var(--container-widget-height,var(--spacer-size))}.e-con-inner>.elementor-widget-spacer.elementor-widget-empty,.e-con>.elementor-widget-spacer.elementor-widget-empty{position:relative;min-height:22px;min-width:22px}.e-con-inner>.elementor-widget-spacer.elementor-widget-empty .elementor-widget-empty-icon,.e-con>.elementor-widget-spacer.elementor-widget-empty .elementor-widget-empty-icon{position:absolute;top:0;bottom:0;left:0;right:0;margin:auto;padding:0;width:22px;height:22px}<\/style>\t\t<div class=\"elementor-spacer\">\n\t\t\t<div class=\"elementor-spacer-inner\"><\/div>\n\t\t<\/div>\n\t\t\t\t<\/div>\n\t\t\t\t<\/div>\n\t\t\t\t\t<\/div>\n\t\t\t\t<\/div>\n\t\t\t\t<\/div>\n\t\t","protected":false},"excerpt":{"rendered":"<p>O Podjetju ODISEJA &#8211; Od kultnega prizori\u0161\u010da do \u017eive legende Leta 2001 je v sredi\u0161\u010du BTC CITY Ljubljana za\u017eivel Kolosej \u2013 takrat najsodobnej\u0161i kinokompleks v Sloveniji, ki je s svojo \u010drno, monumentalno arhitekturo in napredno tehnologijo postal simbol sodobnega urbanega \u017eivljenja. V svojih najbolj\u0161ih letih je privabljal do dva milijona obiskovalcev letno, a s\u010dasoma je [&hellip;]<\/p>\n","protected":false},"author":1,"featured_media":0,"parent":0,"menu_order":0,"comment_status":"closed","ping_status":"closed","template":"template-parts\/template-page-untitled-full.php","meta":{"_acf_changed":false,"footnotes":""},"acf":[],"yoast_head":"<!-- This site is optimized with the Yoast SEO plugin v23.0 - https:\/\/yoast.com\/wordpress\/plugins\/seo\/ -->\n<title>O Odiseji | Odiseja Ljubljana<\/title>\n<meta name=\"description\" content=\"Izvedite ve\u010d o O Odiseji \u2013 kulturne vsebine, ki navdihujejo.\" \/>\n<meta name=\"robots\" content=\"index, follow, max-snippet:-1, max-image-preview:large, max-video-preview:-1\" \/>\n<link rel=\"canonical\" href=\"https:\/\/test-www.odiseja.com\/sl\/o-podjetju\/\" \/>\n<meta property=\"og:locale\" content=\"sl_SI\" \/>\n<meta property=\"og:type\" content=\"article\" \/>\n<meta property=\"og:title\" content=\"O Odiseji | Odiseja Ljubljana\" \/>\n<meta property=\"og:description\" content=\"Izvedite ve\u010d o O Odiseji \u2013 kulturne vsebine, ki navdihujejo.\" \/>\n<meta property=\"og:url\" content=\"https:\/\/test-www.odiseja.com\/sl\/o-podjetju\/\" \/>\n<meta property=\"og:site_name\" content=\"Odisejada\" \/>\n<meta property=\"article:modified_time\" content=\"2025-06-11T11:56:05+00:00\" \/>\n<meta name=\"twitter:card\" content=\"summary_large_image\" \/>\n<meta name=\"twitter:label1\" content=\"Est. reading time\" \/>\n\t<meta name=\"twitter:data1\" content=\"2 minutes\" \/>\n<script type=\"application\/ld+json\" class=\"yoast-schema-graph\">{\"@context\":\"https:\/\/schema.org\",\"@graph\":[{\"@type\":\"WebPage\",\"@id\":\"https:\/\/test-www.odiseja.com\/sl\/o-podjetju\/\",\"url\":\"https:\/\/test-www.odiseja.com\/sl\/o-podjetju\/\",\"name\":\"O Odiseji | Odiseja Ljubljana\",\"isPartOf\":{\"@id\":\"https:\/\/test-www.odiseja.com\/sl\/#website\"},\"datePublished\":\"2024-09-27T07:13:53+00:00\",\"dateModified\":\"2025-06-11T11:56:05+00:00\",\"description\":\"Izvedite ve\u010d o O Odiseji \u2013 kulturne vsebine, ki navdihujejo.\",\"breadcrumb\":{\"@id\":\"https:\/\/test-www.odiseja.com\/sl\/o-podjetju\/#breadcrumb\"},\"inLanguage\":\"sl-SI\",\"potentialAction\":[{\"@type\":\"ReadAction\",\"target\":[\"https:\/\/test-www.odiseja.com\/sl\/o-podjetju\/\"]}]},{\"@type\":\"BreadcrumbList\",\"@id\":\"https:\/\/test-www.odiseja.com\/sl\/o-podjetju\/#breadcrumb\",\"itemListElement\":[{\"@type\":\"ListItem\",\"position\":1,\"name\":\"Home\",\"item\":\"https:\/\/test-www.odiseja.com\/sl\/\"},{\"@type\":\"ListItem\",\"position\":2,\"name\":\"O Podjetju\"}]},{\"@type\":\"WebSite\",\"@id\":\"https:\/\/test-www.odiseja.com\/sl\/#website\",\"url\":\"https:\/\/test-www.odiseja.com\/sl\/\",\"name\":\"Odisejada DEV\",\"description\":\"\",\"potentialAction\":[{\"@type\":\"SearchAction\",\"target\":{\"@type\":\"EntryPoint\",\"urlTemplate\":\"https:\/\/test-www.odiseja.com\/sl\/?s={search_term_string}\"},\"query-input\":\"required name=search_term_string\"}],\"inLanguage\":\"sl-SI\"}]}<\/script>\n<!-- \/ Yoast SEO plugin. -->","yoast_head_json":{"title":"O Odiseji | Odiseja Ljubljana","description":"Izvedite ve\u010d o O Odiseji \u2013 kulturne vsebine, ki navdihujejo.","robots":{"index":"index","follow":"follow","max-snippet":"max-snippet:-1","max-image-preview":"max-image-preview:large","max-video-preview":"max-video-preview:-1"},"canonical":"https:\/\/test-www.odiseja.com\/sl\/o-podjetju\/","og_locale":"sl_SI","og_type":"article","og_title":"O Odiseji | Odiseja Ljubljana","og_description":"Izvedite ve\u010d o O Odiseji \u2013 kulturne vsebine, ki navdihujejo.","og_url":"https:\/\/test-www.odiseja.com\/sl\/o-podjetju\/","og_site_name":"Odisejada","article_modified_time":"2025-06-11T11:56:05+00:00","twitter_card":"summary_large_image","twitter_misc":{"Est. reading time":"2 minutes"},"schema":{"@context":"https:\/\/schema.org","@graph":[{"@type":"WebPage","@id":"https:\/\/test-www.odiseja.com\/sl\/o-podjetju\/","url":"https:\/\/test-www.odiseja.com\/sl\/o-podjetju\/","name":"O Odiseji | Odiseja Ljubljana","isPartOf":{"@id":"https:\/\/test-www.odiseja.com\/sl\/#website"},"datePublished":"2024-09-27T07:13:53+00:00","dateModified":"2025-06-11T11:56:05+00:00","description":"Izvedite ve\u010d o O Odiseji \u2013 kulturne vsebine, ki navdihujejo.","breadcrumb":{"@id":"https:\/\/test-www.odiseja.com\/sl\/o-podjetju\/#breadcrumb"},"inLanguage":"sl-SI","potentialAction":[{"@type":"ReadAction","target":["https:\/\/test-www.odiseja.com\/sl\/o-podjetju\/"]}]},{"@type":"BreadcrumbList","@id":"https:\/\/test-www.odiseja.com\/sl\/o-podjetju\/#breadcrumb","itemListElement":[{"@type":"ListItem","position":1,"name":"Home","item":"https:\/\/test-www.odiseja.com\/sl\/"},{"@type":"ListItem","position":2,"name":"O Podjetju"}]},{"@type":"WebSite","@id":"https:\/\/test-www.odiseja.com\/sl\/#website","url":"https:\/\/test-www.odiseja.com\/sl\/","name":"Odisejada DEV","description":"","potentialAction":[{"@type":"SearchAction","target":{"@type":"EntryPoint","urlTemplate":"https:\/\/test-www.odiseja.com\/sl\/?s={search_term_string}"},"query-input":"required name=search_term_string"}],"inLanguage":"sl-SI"}]}},"_links":{"self":[{"href":"https:\/\/test-www.odiseja.com\/sl\/wp-json\/wp\/v2\/pages\/1042"}],"collection":[{"href":"https:\/\/test-www.odiseja.com\/sl\/wp-json\/wp\/v2\/pages"}],"about":[{"href":"https:\/\/test-www.odiseja.com\/sl\/wp-json\/wp\/v2\/types\/page"}],"author":[{"embeddable":true,"href":"https:\/\/test-www.odiseja.com\/sl\/wp-json\/wp\/v2\/users\/1"}],"replies":[{"embeddable":true,"href":"https:\/\/test-www.odiseja.com\/sl\/wp-json\/wp\/v2\/comments?post=1042"}],"version-history":[{"count":21,"href":"https:\/\/test-www.odiseja.com\/sl\/wp-json\/wp\/v2\/pages\/1042\/revisions"}],"predecessor-version":[{"id":5392,"href":"https:\/\/test-www.odiseja.com\/sl\/wp-json\/wp\/v2\/pages\/1042\/revisions\/5392"}],"wp:attachment":[{"href":"https:\/\/test-www.odiseja.com\/sl\/wp-json\/wp\/v2\/media?parent=1042"}],"curies":[{"name":"wp","href":"https:\/\/api.w.org\/{rel}","templated":true}]}}