{"id":1056,"date":"2024-09-27T09:27:16","date_gmt":"2024-09-27T07:27:16","guid":{"rendered":"https:\/\/test-www.odiseja.com\/b2b\/darilni-boni\/"},"modified":"2025-09-19T13:00:36","modified_gmt":"2025-09-19T11:00:36","slug":"kuponi-za-podjetja","status":"publish","type":"page","link":"https:\/\/test-www.odiseja.com\/sl\/kuponi-za-podjetja\/","title":{"rendered":"Kuponi za podjetja"},"content":{"rendered":"\t\t<div data-elementor-type=\"wp-page\" data-elementor-id=\"1056\" class=\"elementor elementor-1056 elementor-922\" data-elementor-post-type=\"page\">\n\t\t\t\t<div class=\"elementor-element elementor-element-3873875 odiseja-page-header e-flex e-con-boxed e-con e-parent\" data-id=\"3873875\" data-element_type=\"container\" data-settings=\"{&quot;background_background&quot;:&quot;classic&quot;}\">\n\t\t\t\t\t<div class=\"e-con-inner\">\n\t\t\t\t<div class=\"elementor-element elementor-element-9d48a15 elementor-widget elementor-widget-heading\" data-id=\"9d48a15\" data-element_type=\"widget\" data-widget_type=\"heading.default\">\n\t\t\t\t<div class=\"elementor-widget-container\">\n\t\t\t<style>\/*! elementor - v3.23.0 - 15-07-2024 *\/\n.elementor-heading-title{padding:0;margin:0;line-height:1}.elementor-widget-heading .elementor-heading-title[class*=elementor-size-]>a{color:inherit;font-size:inherit;line-height:inherit}.elementor-widget-heading .elementor-heading-title.elementor-size-small{font-size:15px}.elementor-widget-heading .elementor-heading-title.elementor-size-medium{font-size:19px}.elementor-widget-heading .elementor-heading-title.elementor-size-large{font-size:29px}.elementor-widget-heading .elementor-heading-title.elementor-size-xl{font-size:39px}.elementor-widget-heading .elementor-heading-title.elementor-size-xxl{font-size:59px}<\/style><h1 class=\"elementor-heading-title elementor-size-default\">Filmski kuponi za podjetja<\/h1>\t\t<\/div>\n\t\t\t\t<\/div>\n\t\t\t\t\t<\/div>\n\t\t\t\t<\/div>\n\t\t<div class=\"elementor-element elementor-element-5315606 e-flex e-con-boxed e-con e-parent\" data-id=\"5315606\" data-element_type=\"container\">\n\t\t\t\t\t<div class=\"e-con-inner\">\n\t\t\t\t<div class=\"elementor-element elementor-element-7f768c3 elementor-widget elementor-widget-heading\" data-id=\"7f768c3\" data-element_type=\"widget\" data-widget_type=\"heading.default\">\n\t\t\t\t<div class=\"elementor-widget-container\">\n\t\t\t<h2 class=\"elementor-heading-title elementor-size-default\"><h2 style=\"margin-bottom: 30px; font-size: 32px; color: rgb(255, 255, 255); font-family: UnitedSans, sans-serif; white-space-collapse: collapse;\"><span style=\"font-weight: bolder;\">Obogatite poslovne trenutke s filmsko izku\u0161njo!<\/span><span style=\"font-size: 2rem; color: rgb(110, 193, 228); font-family: Roboto, sans-serif; font-weight: 600; white-space-collapse: preserve;\"><\/span><\/h2><\/h2>\t\t<\/div>\n\t\t\t\t<\/div>\n\t\t\t\t<div class=\"elementor-element elementor-element-15c7517 elementor-widget elementor-widget-heading\" data-id=\"15c7517\" data-element_type=\"widget\" data-widget_type=\"heading.default\">\n\t\t\t\t<div class=\"elementor-widget-container\">\n\t\t\t<div class=\"elementor-heading-title elementor-size-default\"><h2 style=\"margin-bottom: 30px; font-size: 32px; color: hex(00A1B1); font-family: UnitedSans, sans-serif; white-space-collapse: collapse;\"><span style=\"font-weight: bolder;\">Bianco kino kuponi - prilagodljiva filmska do\u017eivetja<\/span><span style=\"font-size: 2rem; color: rgb(110, 193, 228); font-family: Roboto, sans-serif; font-weight: 600; white-space-collapse: preserve;\"><\/span><\/h2><\/div>\t\t<\/div>\n\t\t\t\t<\/div>\n\t\t\t\t<div class=\"elementor-element elementor-element-9ddcc55 odiseja-body-text elementor-widget elementor-widget-text-editor\" data-id=\"9ddcc55\" data-element_type=\"widget\" data-widget_type=\"text-editor.default\">\n\t\t\t\t<div class=\"elementor-widget-container\">\n\t\t\t<style>\/*! elementor - v3.23.0 - 15-07-2024 *\/\n.elementor-widget-text-editor.elementor-drop-cap-view-stacked .elementor-drop-cap{background-color:#69727d;color:#fff}.elementor-widget-text-editor.elementor-drop-cap-view-framed .elementor-drop-cap{color:#69727d;border:3px solid;background-color:transparent}.elementor-widget-text-editor:not(.elementor-drop-cap-view-default) .elementor-drop-cap{margin-top:8px}.elementor-widget-text-editor:not(.elementor-drop-cap-view-default) .elementor-drop-cap-letter{width:1em;height:1em}.elementor-widget-text-editor .elementor-drop-cap{float:left;text-align:center;line-height:1;font-size:50px}.elementor-widget-text-editor .elementor-drop-cap-letter{display:inline-block}<\/style>\t\t\t\t<h2><span style=\"font-size: 20px;\">Navdu\u0161ite svoje zaposlene ali poslovne partnerje z izjemnim filmskim do\u017eivetjem. Na\u0161i kino kuponi so popolna izbira za skupinske oglede, prazni\u010dna darila ali motivacijske nagrade.<\/span><\/h2><ul><li><strong>Vsestranska uporaba:<\/strong> Kupone se lahko uporabi za poljubni film na rednem sporedu.<\/li><li><strong>Elegantna gesta:<\/strong> Idealni za novoletna darila, obletnice ali posebne prilo\u017enosti.<\/li><\/ul><p>Za kupone veljajo vsa dopla\u010dila kot za redne vstopnice.<br \/>Kuponi ne veljajo za dvorano 1.<\/p>\t\t\t\t\t\t<\/div>\n\t\t\t\t<\/div>\n\t\t\t\t\t<\/div>\n\t\t\t\t<\/div>\n\t\t<div class=\"elementor-element elementor-element-a6849e5 e-flex e-con-boxed e-con e-parent\" data-id=\"a6849e5\" data-element_type=\"container\">\n\t\t\t\t\t<div class=\"e-con-inner\">\n\t\t<div class=\"elementor-element elementor-element-96cb716 e-con-full e-flex e-con e-child\" data-id=\"96cb716\" data-element_type=\"container\">\n\t\t\t\t<div class=\"elementor-element elementor-element-f1ec4b6 elementor-widget elementor-widget-heading\" data-id=\"f1ec4b6\" data-element_type=\"widget\" data-widget_type=\"heading.default\">\n\t\t\t\t<div class=\"elementor-widget-container\">\n\t\t\t<div class=\"elementor-heading-title elementor-size-default\"><h2 style=\"margin-bottom: 30px;\"><font face=\"UnitedSans, sans-serif\"><span style=\"white-space-collapse: collapse;\"><b>Kuponi za izbrani film - brezskrbna filmska zabava<\/b><\/span><\/font><span style=\"font-family: Roboto, sans-serif; font-size: 1rem; white-space-collapse: preserve; font-weight: 600;\"><\/span><\/h2><\/div>\t\t<\/div>\n\t\t\t\t<\/div>\n\t\t\t\t<\/div>\n\t\t\t\t\t<\/div>\n\t\t\t\t<\/div>\n\t\t<div class=\"elementor-element elementor-element-70202b0 e-flex e-con-boxed e-con e-parent\" data-id=\"70202b0\" data-element_type=\"container\">\n\t\t\t\t\t<div class=\"e-con-inner\">\n\t\t<div class=\"elementor-element elementor-element-55db048 e-con-full e-flex e-con e-child\" data-id=\"55db048\" data-element_type=\"container\">\n\t\t\t\t<div class=\"elementor-element elementor-element-a716550 odiseja-body-text elementor-widget elementor-widget-text-editor\" data-id=\"a716550\" data-element_type=\"widget\" data-widget_type=\"text-editor.default\">\n\t\t\t\t<div class=\"elementor-widget-container\">\n\t\t\t\t\t\t\t<p><span style=\"font-size: 20px;\">Organizirajte ogled to\u010dno dolo\u010denega filma za svojo ekipo ali izvedite filmsko promocijo!&nbsp;<\/span> <br>Obdarjencem ne bo treba skrbeti za dopla\u010dila za filme v 3D ali dalj\u0161e od 120 minut.<\/p>\n<p style=\"font-size: 20px;\">Za sede\u017ee VIP in VIP Elegance je potrebno dopla\u010dilo.<br>Kuponi ne veljajo za dvorano 1.<\/p>\n<h2><span style=\"font-weight: bolder;\">Skupinski popusti &#8211; ve\u010d kupite, ve\u010d prihranite!<\/span><\/h2>\n<p style=\"font-size: 20px;\">Izkoristite ugodnosti ob ve\u010djih naro\u010dilih:<\/p>\n<ul style=\"font-size: 20px;\">\n<li><span style=\"font-weight: bolder;\">50 kuponov: 10 % popusta<\/span><\/li>\n<li><span style=\"font-weight: bolder;\">100 kuponov: 11 % popusta<\/span><\/li>\n<li><span style=\"font-weight: bolder;\">200 kuponov: 13 % popusta<\/span><\/li>\n<li><span style=\"font-weight: bolder;\">500 kuponov: 15 % popusta<\/span><\/li>\n<\/ul>\n<p style=\"font-size: 20px;\">Veljavnost: Kuponi veljajo 12 mesecev ali dokler je izbrani film na sporedu v kinu Odiseja.<\/p>\t\t\t\t\t\t<\/div>\n\t\t\t\t<\/div>\n\t\t\t\t<\/div>\n\t\t\t\t\t<\/div>\n\t\t\t\t<\/div>\n\t\t<div class=\"elementor-element elementor-element-391129e e-flex e-con-boxed e-con e-parent\" data-id=\"391129e\" data-element_type=\"container\">\n\t\t\t\t\t<div class=\"e-con-inner\">\n\t\t<div class=\"elementor-element elementor-element-b017eb4 e-con-full e-flex e-con e-child\" data-id=\"b017eb4\" data-element_type=\"container\" data-settings=\"{&quot;background_background&quot;:&quot;classic&quot;}\">\n\t\t\t\t<div class=\"elementor-element elementor-element-6e57977 elementor-widget elementor-widget-button\" data-id=\"6e57977\" data-element_type=\"widget\" data-widget_type=\"button.default\">\n\t\t\t\t<div class=\"elementor-widget-container\">\n\t\t\t\t\t<div class=\"elementor-button-wrapper\">\n\t\t\t<a class=\"elementor-button elementor-button-link elementor-size-sm\" href=\"mailto:najem@odiseja.si\" target=\"_blank\">\n\t\t\t\t\t\t<span class=\"elementor-button-content-wrapper\">\n\t\t\t\t\t\t\t\t\t<span class=\"elementor-button-text\">Naro\u010di kupone<\/span>\n\t\t\t\t\t<\/span>\n\t\t\t\t\t<\/a>\n\t\t<\/div>\n\t\t\t\t<\/div>\n\t\t\t\t<\/div>\n\t\t\t\t<\/div>\n\t\t\t\t\t<\/div>\n\t\t\t\t<\/div>\n\t\t<div class=\"elementor-element elementor-element-370544a e-flex e-con-boxed e-con e-parent\" data-id=\"370544a\" data-element_type=\"container\">\n\t\t\t\t\t<div class=\"e-con-inner\">\n\t\t\t\t<div class=\"elementor-element elementor-element-862a46a elementor-widget elementor-widget-spacer\" data-id=\"862a46a\" data-element_type=\"widget\" data-widget_type=\"spacer.default\">\n\t\t\t\t<div class=\"elementor-widget-container\">\n\t\t\t<style>\/*! elementor - v3.23.0 - 15-07-2024 *\/\n.elementor-column .elementor-spacer-inner{height:var(--spacer-size)}.e-con{--container-widget-width:100%}.e-con-inner>.elementor-widget-spacer,.e-con>.elementor-widget-spacer{width:var(--container-widget-width,var(--spacer-size));--align-self:var(--container-widget-align-self,initial);--flex-shrink:0}.e-con-inner>.elementor-widget-spacer>.elementor-widget-container,.e-con>.elementor-widget-spacer>.elementor-widget-container{height:100%;width:100%}.e-con-inner>.elementor-widget-spacer>.elementor-widget-container>.elementor-spacer,.e-con>.elementor-widget-spacer>.elementor-widget-container>.elementor-spacer{height:100%}.e-con-inner>.elementor-widget-spacer>.elementor-widget-container>.elementor-spacer>.elementor-spacer-inner,.e-con>.elementor-widget-spacer>.elementor-widget-container>.elementor-spacer>.elementor-spacer-inner{height:var(--container-widget-height,var(--spacer-size))}.e-con-inner>.elementor-widget-spacer.elementor-widget-empty,.e-con>.elementor-widget-spacer.elementor-widget-empty{position:relative;min-height:22px;min-width:22px}.e-con-inner>.elementor-widget-spacer.elementor-widget-empty .elementor-widget-empty-icon,.e-con>.elementor-widget-spacer.elementor-widget-empty .elementor-widget-empty-icon{position:absolute;top:0;bottom:0;left:0;right:0;margin:auto;padding:0;width:22px;height:22px}<\/style>\t\t<div class=\"elementor-spacer\">\n\t\t\t<div class=\"elementor-spacer-inner\"><\/div>\n\t\t<\/div>\n\t\t\t\t<\/div>\n\t\t\t\t<\/div>\n\t\t\t\t\t<\/div>\n\t\t\t\t<\/div>\n\t\t<div class=\"elementor-element elementor-element-d7d8123 e-flex e-con-boxed e-con e-parent\" data-id=\"d7d8123\" data-element_type=\"container\">\n\t\t\t\t\t<div class=\"e-con-inner\">\n\t\t\t\t\t<\/div>\n\t\t\t\t<\/div>\n\t\t\t\t<\/div>\n\t\t","protected":false},"excerpt":{"rendered":"<p>Filmski kuponi za podjetja Obogatite poslovne trenutke s filmsko izku\u0161njo! Bianco kino kuponi &#8211; prilagodljiva filmska do\u017eivetja Navdu\u0161ite svoje zaposlene ali poslovne partnerje z izjemnim filmskim do\u017eivetjem. Na\u0161i kino kuponi so popolna izbira za skupinske oglede, prazni\u010dna darila ali motivacijske nagrade. Vsestranska uporaba: Kupone se lahko uporabi za poljubni film na rednem sporedu. Elegantna gesta: [&hellip;]<\/p>\n","protected":false},"author":1,"featured_media":0,"parent":0,"menu_order":0,"comment_status":"closed","ping_status":"closed","template":"template-parts\/template-page-untitled-full.php","meta":{"_acf_changed":false,"footnotes":""},"acf":[],"yoast_head":"<!-- This site is optimized with the Yoast SEO plugin v23.0 - https:\/\/yoast.com\/wordpress\/plugins\/seo\/ -->\n<title>Kuponi za podjetja | Odiseja Ljubljana<\/title>\n<meta name=\"description\" content=\"Podjetni\u0161ki kuponi za motivacijo zaposlenih ali darilo poslovnim partnerjem.\" \/>\n<meta name=\"robots\" content=\"index, follow, max-snippet:-1, max-image-preview:large, max-video-preview:-1\" \/>\n<link rel=\"canonical\" href=\"https:\/\/test-www.odiseja.com\/sl\/kuponi-za-podjetja\/\" \/>\n<meta property=\"og:locale\" content=\"sl_SI\" \/>\n<meta property=\"og:type\" content=\"article\" \/>\n<meta property=\"og:title\" content=\"Kuponi za podjetja | Odiseja Ljubljana\" \/>\n<meta property=\"og:description\" content=\"Podjetni\u0161ki kuponi za motivacijo zaposlenih ali darilo poslovnim partnerjem.\" \/>\n<meta property=\"og:url\" content=\"https:\/\/test-www.odiseja.com\/sl\/kuponi-za-podjetja\/\" \/>\n<meta property=\"og:site_name\" content=\"Odisejada\" \/>\n<meta property=\"article:modified_time\" content=\"2025-09-19T11:00:36+00:00\" \/>\n<meta name=\"twitter:card\" content=\"summary_large_image\" \/>\n<meta name=\"twitter:label1\" content=\"Est. reading time\" \/>\n\t<meta name=\"twitter:data1\" content=\"1 minute\" \/>\n<script type=\"application\/ld+json\" class=\"yoast-schema-graph\">{\"@context\":\"https:\/\/schema.org\",\"@graph\":[{\"@type\":\"WebPage\",\"@id\":\"https:\/\/test-www.odiseja.com\/sl\/kuponi-za-podjetja\/\",\"url\":\"https:\/\/test-www.odiseja.com\/sl\/kuponi-za-podjetja\/\",\"name\":\"Kuponi za podjetja | Odiseja Ljubljana\",\"isPartOf\":{\"@id\":\"https:\/\/test-www.odiseja.com\/sl\/#website\"},\"datePublished\":\"2024-09-27T07:27:16+00:00\",\"dateModified\":\"2025-09-19T11:00:36+00:00\",\"description\":\"Podjetni\u0161ki kuponi za motivacijo zaposlenih ali darilo poslovnim partnerjem.\",\"breadcrumb\":{\"@id\":\"https:\/\/test-www.odiseja.com\/sl\/kuponi-za-podjetja\/#breadcrumb\"},\"inLanguage\":\"sl-SI\",\"potentialAction\":[{\"@type\":\"ReadAction\",\"target\":[\"https:\/\/test-www.odiseja.com\/sl\/kuponi-za-podjetja\/\"]}]},{\"@type\":\"BreadcrumbList\",\"@id\":\"https:\/\/test-www.odiseja.com\/sl\/kuponi-za-podjetja\/#breadcrumb\",\"itemListElement\":[{\"@type\":\"ListItem\",\"position\":1,\"name\":\"Home\",\"item\":\"https:\/\/test-www.odiseja.com\/sl\/\"},{\"@type\":\"ListItem\",\"position\":2,\"name\":\"Kuponi za podjetja\"}]},{\"@type\":\"WebSite\",\"@id\":\"https:\/\/test-www.odiseja.com\/sl\/#website\",\"url\":\"https:\/\/test-www.odiseja.com\/sl\/\",\"name\":\"Odisejada DEV\",\"description\":\"\",\"potentialAction\":[{\"@type\":\"SearchAction\",\"target\":{\"@type\":\"EntryPoint\",\"urlTemplate\":\"https:\/\/test-www.odiseja.com\/sl\/?s={search_term_string}\"},\"query-input\":\"required name=search_term_string\"}],\"inLanguage\":\"sl-SI\"}]}<\/script>\n<!-- \/ Yoast SEO plugin. -->","yoast_head_json":{"title":"Kuponi za podjetja | Odiseja Ljubljana","description":"Podjetni\u0161ki kuponi za motivacijo zaposlenih ali darilo poslovnim partnerjem.","robots":{"index":"index","follow":"follow","max-snippet":"max-snippet:-1","max-image-preview":"max-image-preview:large","max-video-preview":"max-video-preview:-1"},"canonical":"https:\/\/test-www.odiseja.com\/sl\/kuponi-za-podjetja\/","og_locale":"sl_SI","og_type":"article","og_title":"Kuponi za podjetja | Odiseja Ljubljana","og_description":"Podjetni\u0161ki kuponi za motivacijo zaposlenih ali darilo poslovnim partnerjem.","og_url":"https:\/\/test-www.odiseja.com\/sl\/kuponi-za-podjetja\/","og_site_name":"Odisejada","article_modified_time":"2025-09-19T11:00:36+00:00","twitter_card":"summary_large_image","twitter_misc":{"Est. reading time":"1 minute"},"schema":{"@context":"https:\/\/schema.org","@graph":[{"@type":"WebPage","@id":"https:\/\/test-www.odiseja.com\/sl\/kuponi-za-podjetja\/","url":"https:\/\/test-www.odiseja.com\/sl\/kuponi-za-podjetja\/","name":"Kuponi za podjetja | Odiseja Ljubljana","isPartOf":{"@id":"https:\/\/test-www.odiseja.com\/sl\/#website"},"datePublished":"2024-09-27T07:27:16+00:00","dateModified":"2025-09-19T11:00:36+00:00","description":"Podjetni\u0161ki kuponi za motivacijo zaposlenih ali darilo poslovnim partnerjem.","breadcrumb":{"@id":"https:\/\/test-www.odiseja.com\/sl\/kuponi-za-podjetja\/#breadcrumb"},"inLanguage":"sl-SI","potentialAction":[{"@type":"ReadAction","target":["https:\/\/test-www.odiseja.com\/sl\/kuponi-za-podjetja\/"]}]},{"@type":"BreadcrumbList","@id":"https:\/\/test-www.odiseja.com\/sl\/kuponi-za-podjetja\/#breadcrumb","itemListElement":[{"@type":"ListItem","position":1,"name":"Home","item":"https:\/\/test-www.odiseja.com\/sl\/"},{"@type":"ListItem","position":2,"name":"Kuponi za podjetja"}]},{"@type":"WebSite","@id":"https:\/\/test-www.odiseja.com\/sl\/#website","url":"https:\/\/test-www.odiseja.com\/sl\/","name":"Odisejada DEV","description":"","potentialAction":[{"@type":"SearchAction","target":{"@type":"EntryPoint","urlTemplate":"https:\/\/test-www.odiseja.com\/sl\/?s={search_term_string}"},"query-input":"required name=search_term_string"}],"inLanguage":"sl-SI"}]}},"_links":{"self":[{"href":"https:\/\/test-www.odiseja.com\/sl\/wp-json\/wp\/v2\/pages\/1056"}],"collection":[{"href":"https:\/\/test-www.odiseja.com\/sl\/wp-json\/wp\/v2\/pages"}],"about":[{"href":"https:\/\/test-www.odiseja.com\/sl\/wp-json\/wp\/v2\/types\/page"}],"author":[{"embeddable":true,"href":"https:\/\/test-www.odiseja.com\/sl\/wp-json\/wp\/v2\/users\/1"}],"replies":[{"embeddable":true,"href":"https:\/\/test-www.odiseja.com\/sl\/wp-json\/wp\/v2\/comments?post=1056"}],"version-history":[{"count":26,"href":"https:\/\/test-www.odiseja.com\/sl\/wp-json\/wp\/v2\/pages\/1056\/revisions"}],"predecessor-version":[{"id":7943,"href":"https:\/\/test-www.odiseja.com\/sl\/wp-json\/wp\/v2\/pages\/1056\/revisions\/7943"}],"wp:attachment":[{"href":"https:\/\/test-www.odiseja.com\/sl\/wp-json\/wp\/v2\/media?parent=1056"}],"curies":[{"name":"wp","href":"https:\/\/api.w.org\/{rel}","templated":true}]}}