{"id":1072,"date":"2024-09-27T09:35:57","date_gmt":"2024-09-27T07:35:57","guid":{"rendered":"https:\/\/test-www.odiseja.com\/terms-of-business\/splosni-pogoji-poslovanja\/"},"modified":"2025-06-20T10:19:16","modified_gmt":"2025-06-20T08:19:16","slug":"splosni-pogoji-uporabe","status":"publish","type":"page","link":"https:\/\/test-www.odiseja.com\/sl\/splosni-pogoji-uporabe\/","title":{"rendered":"Splo\u0161ni pogoji uporabe"},"content":{"rendered":"\t\t<div data-elementor-type=\"wp-page\" data-elementor-id=\"1072\" class=\"elementor elementor-1072 elementor-953\" data-elementor-post-type=\"page\">\n\t\t\t\t<div class=\"elementor-element elementor-element-a908c27 odiseja-page-header e-flex e-con-boxed e-con e-parent\" data-id=\"a908c27\" data-element_type=\"container\" data-settings=\"{&quot;background_background&quot;:&quot;classic&quot;}\">\n\t\t\t\t\t<div class=\"e-con-inner\">\n\t\t\t\t<div class=\"elementor-element elementor-element-7002208 elementor-widget elementor-widget-heading\" data-id=\"7002208\" data-element_type=\"widget\" data-widget_type=\"heading.default\">\n\t\t\t\t<div class=\"elementor-widget-container\">\n\t\t\t<style>\/*! elementor - v3.23.0 - 15-07-2024 *\/\n.elementor-heading-title{padding:0;margin:0;line-height:1}.elementor-widget-heading .elementor-heading-title[class*=elementor-size-]>a{color:inherit;font-size:inherit;line-height:inherit}.elementor-widget-heading .elementor-heading-title.elementor-size-small{font-size:15px}.elementor-widget-heading .elementor-heading-title.elementor-size-medium{font-size:19px}.elementor-widget-heading .elementor-heading-title.elementor-size-large{font-size:29px}.elementor-widget-heading .elementor-heading-title.elementor-size-xl{font-size:39px}.elementor-widget-heading .elementor-heading-title.elementor-size-xxl{font-size:59px}<\/style><h1 class=\"elementor-heading-title elementor-size-default\">Splo\u0161ni pogoji uporabe<\/h1>\t\t<\/div>\n\t\t\t\t<\/div>\n\t\t\t\t\t<\/div>\n\t\t\t\t<\/div>\n\t\t<div class=\"elementor-element elementor-element-cef32db e-flex e-con-boxed e-con e-parent\" data-id=\"cef32db\" data-element_type=\"container\">\n\t\t\t\t\t<div class=\"e-con-inner\">\n\t\t<div class=\"elementor-element elementor-element-dfbcea8 e-con-full e-flex e-con e-child\" data-id=\"dfbcea8\" data-element_type=\"container\">\n\t\t<div class=\"elementor-element elementor-element-01734a1 e-con-full e-flex e-con e-child\" data-id=\"01734a1\" data-element_type=\"container\">\n\t\t\t\t<div class=\"elementor-element elementor-element-7914c74 odiseja-body-text elementor-widget elementor-widget-text-editor\" data-id=\"7914c74\" data-element_type=\"widget\" data-widget_type=\"text-editor.default\">\n\t\t\t\t<div class=\"elementor-widget-container\">\n\t\t\t<style>\/*! elementor - v3.23.0 - 15-07-2024 *\/\n.elementor-widget-text-editor.elementor-drop-cap-view-stacked .elementor-drop-cap{background-color:#69727d;color:#fff}.elementor-widget-text-editor.elementor-drop-cap-view-framed .elementor-drop-cap{color:#69727d;border:3px solid;background-color:transparent}.elementor-widget-text-editor:not(.elementor-drop-cap-view-default) .elementor-drop-cap{margin-top:8px}.elementor-widget-text-editor:not(.elementor-drop-cap-view-default) .elementor-drop-cap-letter{width:1em;height:1em}.elementor-widget-text-editor .elementor-drop-cap{float:left;text-align:center;line-height:1;font-size:50px}.elementor-widget-text-editor .elementor-drop-cap-letter{display:inline-block}<\/style>\t\t\t\t<h2><strong>SPLO\u0160NI POGOJI UPORABE SPLETNEGA MESTA\u00a0<\/strong><a href=\"http:\/\/WWW.ODISEJA.SI\"><strong>WWW.ODISEJA.SI<\/strong><\/a> <strong>IN MOBILNE APLIKACIJE ODISEJA<\/strong><\/h2><h2><strong>Uvodne dolo\u010dbe<\/strong><\/h2><p>Splo\u0161ni pogoji so sestavljeni v skladu z Zakonom o varstvu potro\u0161nikov (ZVPot), Zakonom o varstvu osebnih podatkov (ZVOP-1) ter Zakonom o elektronskem poslovanju na trgu (ZEPT).<\/p><p>Splo\u0161ni pogoji opisujejo delovanje spletnega mesta <a href=\"http:\/\/test-www.odiseja.com\" data-wplink-edit=\"true\">test-www.odiseja.com<\/a> in mobilne aplikacije ODISEJA, ki je v lasti podjetja Odisejada d.o.o. (v nadaljevanju \u00bbOdisejada\u00ab).<\/p><p>S spletnim mestom in aplikacijo upravlja podjetje Odisejada d.o.o., Moskovska ulica 11, 1000 Ljubljana, dav\u010dna \u0161tevilka SI27983838, ki je tudi organizator dogodkov in prireditev, ki so predmet spletne prodaje, razen kadar je to ozna\u010deno na razporedu ter v opisu dogodka ali prireditve.<\/p><p>V primeru, da Odisejada ni organizator prireditve ali dogodka, nastopa le kot posrednik. Organizator mora biti naveden na za to predvidenih mestih, prav tako pa lahko podatke o organizatorju zahtevate na <a href=\"mailto:kontakt@odiseja.si\">kontakt@odiseja.si<\/a>.<\/p><p>Splo\u0161ni pogoji urejajo tudi poslovni odnos med upravljavcem spletnega mesta in aplikacije ODISEJA ter uporabnikom. Uporabnike spletne strani in aplikacije ODISEJA zavezujejo vsakokratni veljavni in objavljeni Splo\u0161ni pogoji uporabe, ki so dostopni vsem uporabnikom in obiskovalcem spletnega mesta in aplikacije ODISEJA.<\/p><p>Splo\u0161ni pogoji uporabe so dostopni vsem obiskovalcem in uporabnikom spletnega mesta in aplikacije ODISEJA, vsakokratni veljavni pogoji uporabe so objavljeni na spletnem mestu <a href=\"http:\/\/test-www.odiseja.com\">test-www.odiseja.com<\/a>.<\/p><p>Ti splo\u0161ni pogoji ne urejajo uporabe \u00bbkartice zvestobe\u00ab. Splo\u0161ni pogoji in pravila uporabe \u00bbkartice zvestobe\u00ab so opredeljeni v dokumentu \u00bbPogoji uporabe kartice zvestobe\u00ab.<\/p><p><strong style=\"font-size: 32px;\">Pogoji uporabe<\/strong><\/p><p>Z uporabo spletnega mesta in aplikacije ODISEJA se uporabnik strinja s temi pogoji. Upravljavec spletnega mesta si pridr\u017euje pravico do spremembe splo\u0161nih pogojev. \u010ce se uporabnik ne strinja s predmetnimi pogoji, svetujemo, naj ne uporablja spletnega mesta in aplikacije ODISEJA, ki sta predmet teh splo\u0161nih pogojev uporabe.<\/p><p>Spletno mesto je namenjeno izklju\u010dno osebni uporabi in ni namenjeno za komercialne namene. Brez izrecnega dovoljenja podjetja Odisejada je prepovedano objavljati, reproducirati, distribuirati ali kako druga\u010de uporabljati logotip ODISEJA in grafiko s spletnega mesta ali iz aplikacije ODISEJA.<\/p><p><strong style=\"font-size: 32px;\">Namen in vsebina spletnega mesta in aplikacije ODISEJA<\/strong><\/p><p>Spletno mesto in aplikacija ODISEJA sta namenjena:<\/p><ul><li>pregledovanju vsebin o filmih, gledali\u0161kih predstavah, koncertih in drugih vsebinah, ki jih Odisejada nudi v poslovno-zabavi\u0161\u010dnem centru ODISEJA<\/li><li>obve\u0161\u010danju o aktualnih prireditvah, nagradnih igrah in akcijah, ki se bodo odvili v poslovno-zabavi\u0161\u010dnem centru ODISEJA<\/li><li>pregledovanju novic in foto galerije z dogodkov v poslovno-zabavi\u0161\u010dnem centru ODISEJA<\/li><li>predstavitvi vseh segmentov delovanja (kino, gledali\u0161\u010de, koncerti, gostinstvo in druge vsebine)<\/li><li>predstavitvi vsebin za poslovne uporabnike (B2B)<\/li><li>registraciji uporabnikov z namenom nakupa in morebitnih rezervacij vstopnic za dogodke in kinopredstave, ki se bodo odvile v poslovno-zabavi\u0161\u010dnem centru ODISEJA<\/li><li>\u010dlanstvu v klubu ugodnosti ODISEJE \u2013 \u00bbkartica zvestobe\u00ab<\/li><li>prijavi na e-novice.<\/li><\/ul><h2><strong>Varstvo podatkov<\/strong><\/h2><p>Odisejada se zavezuje k varovanju osebnih podatkov uporabnikov v skladu z ZVOP-1 in GDPR. Osebni podatki se zbirajo in obdelujejo zgolj za namene zagotavljanja storitev, kot so registracija, nakup vstopnic in obve\u0161\u010danje uporabnikov.<\/p><p>Uporabniki imajo pravico do:<\/p><ul><li>vpogleda v svoje podatke<\/li><li>popravka ali izbrisa podatkov<\/li><li>preklica soglasja za obdelavo osebnih podatkov.<\/li><\/ul><p>Da bi skladno z ZVOP-1 prepre\u010dili nepoobla\u0161\u010den dostop do teh podatkov ali njihovo razkritje in zagotovili njihovo ustrezno uporabo, uporabljamo ustrezne tehni\u010dne in organizacijske postopke za zavarovanje osebnih podatkov, ki jih dolo\u010dajo Pravilnik o varstvu osebnih podatkov, \u00a0ZVOP-1 ter drugi veljavni predpisi, ki veljajo v Sloveniji.<\/p><p>Odisejada zbira tudi osebne podatke ob obisku uporabnikov spletnega mesta <a href=\"http:\/\/test-www.odiseja.com\">test-www.odiseja.com<\/a> ter aplikacije ODISEJA, in sicer s pi\u0161kotki, za namene zagotavljanja dolo\u010denih funkcionalnosti, bolj\u0161e uporabni\u0161ke izku\u0161nje, varnosti ter nemotenega delovanja spletnega mesta in aplikacije ODISEJA. Ve\u010d informacij o uporabi pi\u0161kotkov je na voljo v <strong>Politiki zasebnosti<\/strong>.<\/p><p>Odisejada bo osebne podatke obdelovala do izpolnitve namena za obdelavo oziroma do zakonsko dolo\u010denega roka. Osebni podatki, ki so pridobljeni na podlagi soglasij, se hranijo do preklica soglasij, razen v primeru, kadar je rok hrambe osebnih podatkov dolo\u010den z zakonom.<\/p><h2><strong>Nakup in rezervacija vstopnic na spletnem mestu <\/strong><a href=\"http:\/\/test-www.odiseja.com\"><strong>test-www.odiseja.com<\/strong><\/a><strong> in v aplikaciji ODISEJA<\/strong><\/h2><p>Spletno mesto in aplikacija ODISEJA omogo\u010data nakup in\/ali rezervacijo vstopnic za vse kinopredstave in druge dogodke (gledali\u0161\u010de, koncerti in drugo), ki se bodo izvajali v poslovno-zabavi\u0161\u010dnem centru ODISEJA.<\/p><p>Uporabnik, ki \u017eeli opraviti storitev iz predhodnega odstavka, mora najprej opraviti registracijo na spletnem mestu ali v aplikaciji ODISEJA ali pa izvesti postopek registracije v fazi pridobitve \u00bbkartice zvestobe\u00ab na spletnem mestu, v aplikaciji ODISEJA ali fizi\u010dno na blagajni v poslovno-zabavi\u0161\u010dnem centru ODISEJA.<\/p><p>Uporabnik je dol\u017ean preveriti vse podatke o filmu, ki si ga \u017eeli ogledati, ali dogodku, ki ga \u017eeli obiskati, terminu in lokaciji, ki jih vna\u0161a v sistem med postopkom naro\u010danja vstopnic in\/ali rezervacij. Pred kon\u010dno potrditvijo spletnega nakupa ali nakupa v aplikaciji ODISEJA je treba podatke zelo natan\u010dno pregledati, saj kasnej\u0161ih reklamacij NE upo\u0161tevamo.<\/p><p>Na spletnem mestu ali v aplikaciji ODISEJA kupljene vstopnice lahko koristite z dokazilom, ki ga prejmete na svoj elektronski naslov, zato preverite, ali ste vnesli pravi elektronski naslov. Na dokazilu ali e-vstopnici je koda, ki jo poka\u017eete ob vstopu v dvorane ali pred prizori\u0161\u010dem drugega dogodka. Vstopnic ni treba natisniti, dovolj je koda na telefonu, lahko pa jih seveda tudi natisnete. V primeru rezervacije vstopnic (\u010de so omogo\u010dene) je vstopnice treba prevzeti vsaj 30 minut pred za\u010detkom kinopredstave ali drugega dogodka, in sicer na blagajni poslovno-zabavi\u0161\u010dnega centra ODISEJA.<\/p><p>Kupljenih vstopnic ni mogo\u010de stornirati ali zamenjati.<\/p><p>Vstop v kinodvorane in\/ali druga prizori\u0161\u010da, kjer se odvija dogodek, za katerega ste kupili vstopnico, brez potrebnih dokazil (e-vstopnica) <strong>ni mogo\u010d.<\/strong><\/p><p>Odisejada ne odgovarja za morebitne zlorabe ali napake, ki so posledica napa\u010dne oziroma neustrezne uporabe storitve spletnega mesta in aplikacije ODISEJA, prodaje ali rezervacije na neustrezno zavarovanem uporabnikovem ra\u010dunalniku ali telefonu.<\/p><h2><strong>Odstop od pogodbe<\/strong><\/h2><p>Po zaklju\u010dku spletnega nakupa ali nakupa v aplikaciji ODISEJA vstopnic ni mogo\u010de preklicati ali jih menjati. V skladu z ZVOP-1 <strong>kupec ne more<\/strong> odstopiti od pogodbe in reklamacij v zvezi s tem ne upo\u0161tevamo, saj je pri storitvah za prosti \u010das dolo\u010dena izjema. \u010ce se podjetje zave\u017ee, da bo izpolnilo svojo obveznost ob to\u010dno dolo\u010denem \u010dasu ali v to\u010dno dolo\u010denem roku, v skladu z 12. to\u010dko 43. \u010dlena ZVOP-1, uporabnik nima pravice do odstopa od pogodbe. Tako so vsa naro\u010dila vstopnic obvezujo\u010da, ne glede na na\u010din naro\u010dila.<\/p><p>V primeru odpovedi ali prestavitve termina kinopredstave ali drugega dogodka, ki ga organizira Odisejada, je za urejanje situacije in vra\u010dilo sredstev odgovorna Odisejada V tak\u0161nem primeru bo Odisejada v najkraj\u0161em mo\u017enem \u010dasu obvestila uporabnika o nastali situaciji oziroma o mo\u017enosti vra\u010dila denarja in sredstev.<\/p><p>\u010ce uporabnik izgubi vstopnice ali so le-te ukradene, kupec ni upravi\u010den do povra\u010dila stro\u0161kov, zamenjave ali nadomestnih vstopnic.<\/p><h2><strong>Pravice in obveznosti upravljavca spletnega mesta in aplikacije ODISEJA<\/strong><\/h2><p>Odisejada ne zagotavlja to\u010dnosti podatkov na spletnem mestu in v aplikaciji ODISEJA in prav tako ne jam\u010di za stalno dostopnost spletnega mesta in aplikacije ter ne prevzema odgovornosti za morebitno \u0161kodo, nastalo zaradi tehni\u010dnih te\u017eav, vzdr\u017eevalnih del ali zlorabe uporabni\u0161kih podatkov.<\/p><p>Odisejada tudi ne odgovarja za vsebino zunanjih spletnih mest, do katerih lahko uporabnik pride prek objavljenih povezav.<\/p><p>Odisejada se zavezuje, da bodo uporabniku na spletnem mestu in v aplikaciji ODISEJA vedno na voljo informacije o identiteti podjetja, kontaktni naslovi, spored kinopredstav in drugih dogodkov, prostih mestih oziroma sede\u017eih, cenah, ki so jasno in nedvoumno dolo\u010dene, splo\u0161nih pogojih poslovanja ter druge pomembne informacije za uporabnika.<\/p><p>Odisejada se tudi zavezuje, da bo za vsakokratno nagradno igro na spletnem mestu in v aplikaciji ODISEJA objavila pravila nagradne igre in sodelovanja v njih.<\/p><p>Odisejada ima pravico stopiti v stik z uporabnikom prek sredstev komunikacije na daljavo, \u010de se uporabnik s tem strinja, \u010de je to potrebno zaradi opravljanja storitev nakupa ali rezervacije vstopnic, \u010de zato obstaja tehten razlog ipd.<\/p><p>Oglasna elektronska sporo\u010dila bodo vsebovala jasno oznako, da gre za oglasna sporo\u010dila, po\u0161iljatelj bo razviden, akcije, promocije in druge tr\u017ene tehnike bodo ozna\u010dene kot tak\u0161ne, jasno pa bo tudi obrazlo\u017een na\u010din odjave od prejemanja oglasnih sporo\u010dil, \u010de se uporabnik odlo\u010di, da ne bi ve\u010d prejemal oglasnih sporo\u010dil.<\/p><h2><strong>Pravice in obveznosti uporabnika spletnega mesta in aplikacije ODISEJA<\/strong><\/h2><p>Ob registraciji, kreiranju profila, nakupu in\/ali rezervaciji vstopnic je uporabnik dol\u017ean vnesti svoje resni\u010dne podatke.<\/p><p>Uporabnik se zavezuje, da storitev ne bo uporabljal v nasprotju z veljavno zakonodajo in da ne bo distribuiral avtorsko za\u0161\u010ditenih vsebin.<\/p><h2><strong>Omejitve odgovornosti<\/strong><\/h2><p>Odisejada si bo ves \u010das prizadevala zagotoviti tehni\u010dne pogoje, ki uporabnikom zagotavljajo nemoteno uporabo spletnega mesta in aplikacije ODISEJA. Zaradi tehni\u010dnih razlogov za potrebe vzdr\u017eevanja ali zamenjave opreme si Odisejada pridr\u017euje pravico do kraj\u0161ih prekinitev dostopnosti do spletnega mesta in\/ali aplikacije ODISEJA. Odgovornost Odisejade d.o.o. in njenih podizvajalcev za kakr\u0161nokoli \u0161kodo, ki bi zaradi tehni\u010dnih razlogov nastala uporabniku zaradi prekinitve delovanja spletne strani in aplikacije ODISEJA, je v celoti izklju\u010dena.<\/p><p>Vsi uporabniki se zavedajo in se s tem izrecno strinjajo, da vso objavljeno vsebino uporabljajo na lastno odgovornost.<\/p><p>Odisejada si pridr\u017euje pravico onemogo\u010diti spletno mesto in\/ali aplikacijo ODISEJA ali dostop do spletne strani in\/ali aplikacije ODISEJA zaradi tehni\u010dnih te\u017eav ali drugih te\u017eav in vzdr\u017eevanja. V tem primeru Odisejada ni odgovorna za povrnitev kakr\u0161nekoli \u0161kode ali stro\u0161kov, ki jih ima ali bi jih uporabnik lahko imel v primeru prenehanja, nedelovanja spletne strani in aplikacije ODISEJA.<\/p><h2><strong>Podpora uporabnikom<\/strong><\/h2><p>Uporabniki lahko za pomo\u010d in dodatne informacije kontaktirajo podporo:<\/p><ul><li><strong>E-naslov:<\/strong> kontakt@odiseja.si<\/li><li><strong>Spletni obrazec:<\/strong> dostopen na test-www.odiseja.com<\/li><li><strong>Telefon:<\/strong> +386 1 5200 600 (pon.\u2013pet., 9.00\u201311.00)<\/li><\/ul><h2><strong>Kon\u010dne dolo\u010dbe<\/strong><\/h2><p>Odisejada vsakokratne veljavne splo\u0161ne pogoje poslovanja objavlja na spletnem mestu <a href=\"http:\/\/test-www.odiseja.com\">test-www.odiseja.com<\/a> in v aplikaciji ODISEJA, pri \u010demer veljajo vsakokratni objavljeni splo\u0161ni pogoji poslovanja.<\/p><p>Odisejada si pridr\u017euje pravico do spremembe pogojev, pri \u010demer spremembe za\u010dnejo veljati z dnem objave, razen \u010de veljavni predpisi in zakoni ne dolo\u010dajo druga\u010de.<\/p><p>\u010ce se uporabnik spletnega mesta in aplikacije ODISEJA ne strinja s spremenjenimi splo\u0161nimi pogoji poslovanja, mora takoj prenehati uporabljati spletno mesto in aplikacijo ODISEJA in zahtevati izbris uporabni\u0161kega profila, sicer se \u0161teje, da s spremenjenimi splo\u0161nimi pogoji sogla\u0161a.<\/p><p>Ti splo\u0161ni pogoji za\u010dnejo veljati z dnem objave na spletnem mestu <a href=\"http:\/\/test-www.odiseja.com\">test-www.odiseja.com<\/a> in v mobilni aplikaciji ODISEJA.<\/p><p>Odisejada ne odgovarja za morebitne neto\u010dnosti podatkov na spletnem mestu ali v aplikaciji ODISEJA. Odisejada prav tako ne odgovarja za vsebino zunanjih spletnih mest ali aplikacij, ki so uporabnikom dostopne prek objavljenih povezav. Za vse dodatne informacije ali pooblastila se obrnite na sede\u017e podjetja: Odisejada d.o.o., Moskovska ulica 11, 1000 Ljubljana.<\/p><p>V Ljubljani, 15. 5. 2025<\/p><p>Ur\u0161a Zupan<br \/>Izvr\u0161na direktorica<\/p>\t\t\t\t\t\t<\/div>\n\t\t\t\t<\/div>\n\t\t\t\t<\/div>\n\t\t\t\t<\/div>\n\t\t\t\t\t<\/div>\n\t\t\t\t<\/div>\n\t\t<div class=\"elementor-element elementor-element-3c8e61e e-flex e-con-boxed e-con e-parent\" data-id=\"3c8e61e\" data-element_type=\"container\">\n\t\t\t\t\t<div class=\"e-con-inner\">\n\t\t\t\t<div class=\"elementor-element elementor-element-0c55348 elementor-widget elementor-widget-spacer\" data-id=\"0c55348\" data-element_type=\"widget\" data-widget_type=\"spacer.default\">\n\t\t\t\t<div class=\"elementor-widget-container\">\n\t\t\t<style>\/*! elementor - v3.23.0 - 15-07-2024 *\/\n.elementor-column .elementor-spacer-inner{height:var(--spacer-size)}.e-con{--container-widget-width:100%}.e-con-inner>.elementor-widget-spacer,.e-con>.elementor-widget-spacer{width:var(--container-widget-width,var(--spacer-size));--align-self:var(--container-widget-align-self,initial);--flex-shrink:0}.e-con-inner>.elementor-widget-spacer>.elementor-widget-container,.e-con>.elementor-widget-spacer>.elementor-widget-container{height:100%;width:100%}.e-con-inner>.elementor-widget-spacer>.elementor-widget-container>.elementor-spacer,.e-con>.elementor-widget-spacer>.elementor-widget-container>.elementor-spacer{height:100%}.e-con-inner>.elementor-widget-spacer>.elementor-widget-container>.elementor-spacer>.elementor-spacer-inner,.e-con>.elementor-widget-spacer>.elementor-widget-container>.elementor-spacer>.elementor-spacer-inner{height:var(--container-widget-height,var(--spacer-size))}.e-con-inner>.elementor-widget-spacer.elementor-widget-empty,.e-con>.elementor-widget-spacer.elementor-widget-empty{position:relative;min-height:22px;min-width:22px}.e-con-inner>.elementor-widget-spacer.elementor-widget-empty .elementor-widget-empty-icon,.e-con>.elementor-widget-spacer.elementor-widget-empty .elementor-widget-empty-icon{position:absolute;top:0;bottom:0;left:0;right:0;margin:auto;padding:0;width:22px;height:22px}<\/style>\t\t<div class=\"elementor-spacer\">\n\t\t\t<div class=\"elementor-spacer-inner\"><\/div>\n\t\t<\/div>\n\t\t\t\t<\/div>\n\t\t\t\t<\/div>\n\t\t\t\t\t<\/div>\n\t\t\t\t<\/div>\n\t\t\t\t<\/div>\n\t\t","protected":false},"excerpt":{"rendered":"<p>Splo\u0161ni pogoji uporabe SPLO\u0160NI POGOJI UPORABE SPLETNEGA MESTA\u00a0WWW.ODISEJA.SI IN MOBILNE APLIKACIJE ODISEJA Uvodne dolo\u010dbe Splo\u0161ni pogoji so sestavljeni v skladu z Zakonom o varstvu potro\u0161nikov (ZVPot), Zakonom o varstvu osebnih podatkov (ZVOP-1) ter Zakonom o elektronskem poslovanju na trgu (ZEPT). Splo\u0161ni pogoji opisujejo delovanje spletnega mesta test-www.odiseja.com in mobilne aplikacije ODISEJA, ki je v lasti [&hellip;]<\/p>\n","protected":false},"author":1,"featured_media":0,"parent":0,"menu_order":0,"comment_status":"closed","ping_status":"closed","template":"","meta":{"_acf_changed":false,"footnotes":""},"acf":[],"yoast_head":"<!-- This site is optimized with the Yoast SEO plugin v23.0 - https:\/\/yoast.com\/wordpress\/plugins\/seo\/ -->\n<title>Splo\u0161ni pogoji uporabe - Odisejada<\/title>\n<meta name=\"robots\" content=\"index, follow, max-snippet:-1, max-image-preview:large, max-video-preview:-1\" \/>\n<link rel=\"canonical\" href=\"https:\/\/test-www.odiseja.com\/sl\/splosni-pogoji-uporabe\/\" \/>\n<meta property=\"og:locale\" content=\"sl_SI\" \/>\n<meta property=\"og:type\" content=\"article\" \/>\n<meta property=\"og:title\" content=\"Splo\u0161ni pogoji uporabe - Odisejada\" \/>\n<meta property=\"og:description\" content=\"Splo\u0161ni pogoji uporabe SPLO\u0160NI POGOJI UPORABE SPLETNEGA MESTA\u00a0WWW.ODISEJA.SI IN MOBILNE APLIKACIJE ODISEJA Uvodne dolo\u010dbe Splo\u0161ni pogoji so sestavljeni v skladu z Zakonom o varstvu potro\u0161nikov (ZVPot), Zakonom o varstvu osebnih podatkov (ZVOP-1) ter Zakonom o elektronskem poslovanju na trgu (ZEPT). Splo\u0161ni pogoji opisujejo delovanje spletnega mesta test-www.odiseja.com in mobilne aplikacije ODISEJA, ki je v lasti [&hellip;]\" \/>\n<meta property=\"og:url\" content=\"https:\/\/test-www.odiseja.com\/sl\/splosni-pogoji-uporabe\/\" \/>\n<meta property=\"og:site_name\" content=\"Odisejada\" \/>\n<meta property=\"article:modified_time\" content=\"2025-06-20T08:19:16+00:00\" \/>\n<meta name=\"twitter:card\" content=\"summary_large_image\" \/>\n<meta name=\"twitter:label1\" content=\"Est. reading time\" \/>\n\t<meta name=\"twitter:data1\" content=\"10 minutes\" \/>\n<script type=\"application\/ld+json\" class=\"yoast-schema-graph\">{\"@context\":\"https:\/\/schema.org\",\"@graph\":[{\"@type\":\"WebPage\",\"@id\":\"https:\/\/test-www.odiseja.com\/sl\/splosni-pogoji-uporabe\/\",\"url\":\"https:\/\/test-www.odiseja.com\/sl\/splosni-pogoji-uporabe\/\",\"name\":\"Splo\u0161ni pogoji uporabe - Odisejada\",\"isPartOf\":{\"@id\":\"https:\/\/test-www.odiseja.com\/sl\/#website\"},\"datePublished\":\"2024-09-27T07:35:57+00:00\",\"dateModified\":\"2025-06-20T08:19:16+00:00\",\"breadcrumb\":{\"@id\":\"https:\/\/test-www.odiseja.com\/sl\/splosni-pogoji-uporabe\/#breadcrumb\"},\"inLanguage\":\"sl-SI\",\"potentialAction\":[{\"@type\":\"ReadAction\",\"target\":[\"https:\/\/test-www.odiseja.com\/sl\/splosni-pogoji-uporabe\/\"]}]},{\"@type\":\"BreadcrumbList\",\"@id\":\"https:\/\/test-www.odiseja.com\/sl\/splosni-pogoji-uporabe\/#breadcrumb\",\"itemListElement\":[{\"@type\":\"ListItem\",\"position\":1,\"name\":\"Home\",\"item\":\"https:\/\/test-www.odiseja.com\/sl\/\"},{\"@type\":\"ListItem\",\"position\":2,\"name\":\"Splo\u0161ni pogoji uporabe\"}]},{\"@type\":\"WebSite\",\"@id\":\"https:\/\/test-www.odiseja.com\/sl\/#website\",\"url\":\"https:\/\/test-www.odiseja.com\/sl\/\",\"name\":\"Odisejada DEV\",\"description\":\"\",\"potentialAction\":[{\"@type\":\"SearchAction\",\"target\":{\"@type\":\"EntryPoint\",\"urlTemplate\":\"https:\/\/test-www.odiseja.com\/sl\/?s={search_term_string}\"},\"query-input\":\"required name=search_term_string\"}],\"inLanguage\":\"sl-SI\"}]}<\/script>\n<!-- \/ Yoast SEO plugin. -->","yoast_head_json":{"title":"Splo\u0161ni pogoji uporabe - Odisejada","robots":{"index":"index","follow":"follow","max-snippet":"max-snippet:-1","max-image-preview":"max-image-preview:large","max-video-preview":"max-video-preview:-1"},"canonical":"https:\/\/test-www.odiseja.com\/sl\/splosni-pogoji-uporabe\/","og_locale":"sl_SI","og_type":"article","og_title":"Splo\u0161ni pogoji uporabe - Odisejada","og_description":"Splo\u0161ni pogoji uporabe SPLO\u0160NI POGOJI UPORABE SPLETNEGA MESTA\u00a0WWW.ODISEJA.SI IN MOBILNE APLIKACIJE ODISEJA Uvodne dolo\u010dbe Splo\u0161ni pogoji so sestavljeni v skladu z Zakonom o varstvu potro\u0161nikov (ZVPot), Zakonom o varstvu osebnih podatkov (ZVOP-1) ter Zakonom o elektronskem poslovanju na trgu (ZEPT). Splo\u0161ni pogoji opisujejo delovanje spletnega mesta test-www.odiseja.com in mobilne aplikacije ODISEJA, ki je v lasti [&hellip;]","og_url":"https:\/\/test-www.odiseja.com\/sl\/splosni-pogoji-uporabe\/","og_site_name":"Odisejada","article_modified_time":"2025-06-20T08:19:16+00:00","twitter_card":"summary_large_image","twitter_misc":{"Est. reading time":"10 minutes"},"schema":{"@context":"https:\/\/schema.org","@graph":[{"@type":"WebPage","@id":"https:\/\/test-www.odiseja.com\/sl\/splosni-pogoji-uporabe\/","url":"https:\/\/test-www.odiseja.com\/sl\/splosni-pogoji-uporabe\/","name":"Splo\u0161ni pogoji uporabe - Odisejada","isPartOf":{"@id":"https:\/\/test-www.odiseja.com\/sl\/#website"},"datePublished":"2024-09-27T07:35:57+00:00","dateModified":"2025-06-20T08:19:16+00:00","breadcrumb":{"@id":"https:\/\/test-www.odiseja.com\/sl\/splosni-pogoji-uporabe\/#breadcrumb"},"inLanguage":"sl-SI","potentialAction":[{"@type":"ReadAction","target":["https:\/\/test-www.odiseja.com\/sl\/splosni-pogoji-uporabe\/"]}]},{"@type":"BreadcrumbList","@id":"https:\/\/test-www.odiseja.com\/sl\/splosni-pogoji-uporabe\/#breadcrumb","itemListElement":[{"@type":"ListItem","position":1,"name":"Home","item":"https:\/\/test-www.odiseja.com\/sl\/"},{"@type":"ListItem","position":2,"name":"Splo\u0161ni pogoji uporabe"}]},{"@type":"WebSite","@id":"https:\/\/test-www.odiseja.com\/sl\/#website","url":"https:\/\/test-www.odiseja.com\/sl\/","name":"Odisejada DEV","description":"","potentialAction":[{"@type":"SearchAction","target":{"@type":"EntryPoint","urlTemplate":"https:\/\/test-www.odiseja.com\/sl\/?s={search_term_string}"},"query-input":"required name=search_term_string"}],"inLanguage":"sl-SI"}]}},"_links":{"self":[{"href":"https:\/\/test-www.odiseja.com\/sl\/wp-json\/wp\/v2\/pages\/1072"}],"collection":[{"href":"https:\/\/test-www.odiseja.com\/sl\/wp-json\/wp\/v2\/pages"}],"about":[{"href":"https:\/\/test-www.odiseja.com\/sl\/wp-json\/wp\/v2\/types\/page"}],"author":[{"embeddable":true,"href":"https:\/\/test-www.odiseja.com\/sl\/wp-json\/wp\/v2\/users\/1"}],"replies":[{"embeddable":true,"href":"https:\/\/test-www.odiseja.com\/sl\/wp-json\/wp\/v2\/comments?post=1072"}],"version-history":[{"count":39,"href":"https:\/\/test-www.odiseja.com\/sl\/wp-json\/wp\/v2\/pages\/1072\/revisions"}],"predecessor-version":[{"id":5922,"href":"https:\/\/test-www.odiseja.com\/sl\/wp-json\/wp\/v2\/pages\/1072\/revisions\/5922"}],"wp:attachment":[{"href":"https:\/\/test-www.odiseja.com\/sl\/wp-json\/wp\/v2\/media?parent=1072"}],"curies":[{"name":"wp","href":"https:\/\/api.w.org\/{rel}","templated":true}]}}