{"id":3739,"date":"2025-05-20T10:20:13","date_gmt":"2025-05-20T10:20:13","guid":{"rendered":"https:\/\/test-www.odiseja.com\/?page_id=3739"},"modified":"2025-06-13T10:40:54","modified_gmt":"2025-06-13T08:40:54","slug":"darilna-kartica","status":"publish","type":"page","link":"https:\/\/test-www.odiseja.com\/sl\/darilna-kartica\/","title":{"rendered":"Darilna kartica"},"content":{"rendered":"\t\t<div data-elementor-type=\"wp-page\" data-elementor-id=\"3739\" class=\"elementor elementor-3739\" data-elementor-post-type=\"page\">\n\t\t\t\t<div class=\"elementor-element elementor-element-f39113e odiseja-page-header e-flex e-con-boxed e-con e-parent\" data-id=\"f39113e\" data-element_type=\"container\" data-settings=\"{&quot;background_background&quot;:&quot;classic&quot;}\">\n\t\t\t\t\t<div class=\"e-con-inner\">\n\t\t\t\t<div class=\"elementor-element elementor-element-c279881 elementor-widget elementor-widget-heading\" data-id=\"c279881\" data-element_type=\"widget\" data-widget_type=\"heading.default\">\n\t\t\t\t<div class=\"elementor-widget-container\">\n\t\t\t<style>\/*! elementor - v3.23.0 - 15-07-2024 *\/\n.elementor-heading-title{padding:0;margin:0;line-height:1}.elementor-widget-heading .elementor-heading-title[class*=elementor-size-]>a{color:inherit;font-size:inherit;line-height:inherit}.elementor-widget-heading .elementor-heading-title.elementor-size-small{font-size:15px}.elementor-widget-heading .elementor-heading-title.elementor-size-medium{font-size:19px}.elementor-widget-heading .elementor-heading-title.elementor-size-large{font-size:29px}.elementor-widget-heading .elementor-heading-title.elementor-size-xl{font-size:39px}.elementor-widget-heading .elementor-heading-title.elementor-size-xxl{font-size:59px}<\/style><h1 class=\"elementor-heading-title elementor-size-default\">Darilna kartica<\/h1>\t\t<\/div>\n\t\t\t\t<\/div>\n\t\t\t\t\t<\/div>\n\t\t\t\t<\/div>\n\t\t<div class=\"elementor-element elementor-element-68d948f e-grid e-con-boxed e-con e-parent\" data-id=\"68d948f\" data-element_type=\"container\">\n\t\t\t\t\t<div class=\"e-con-inner\">\n\t\t\t\t<div class=\"elementor-element elementor-element-e5829ce odiseja-body-text elementor-widget elementor-widget-text-editor\" data-id=\"e5829ce\" data-element_type=\"widget\" data-widget_type=\"text-editor.default\">\n\t\t\t\t<div class=\"elementor-widget-container\">\n\t\t\t<style>\/*! elementor - v3.23.0 - 15-07-2024 *\/\n.elementor-widget-text-editor.elementor-drop-cap-view-stacked .elementor-drop-cap{background-color:#69727d;color:#fff}.elementor-widget-text-editor.elementor-drop-cap-view-framed .elementor-drop-cap{color:#69727d;border:3px solid;background-color:transparent}.elementor-widget-text-editor:not(.elementor-drop-cap-view-default) .elementor-drop-cap{margin-top:8px}.elementor-widget-text-editor:not(.elementor-drop-cap-view-default) .elementor-drop-cap-letter{width:1em;height:1em}.elementor-widget-text-editor .elementor-drop-cap{float:left;text-align:center;line-height:1;font-size:50px}.elementor-widget-text-editor .elementor-drop-cap-letter{display:inline-block}<\/style>\t\t\t\t<p>Darilna kartica Odiseja je popolno darilo za dru\u017eino, partnerja, prijatelje ali sodelavce, saj odpira vrata v svet zabave, do\u017eivetij in nepozabnih vsebin. Ker so trenutki, polni do\u017eivetij, najve\u010d, kar lahko podarite!<\/p>\n<h2><strong>Kako deluje darilna kartica Odiseja?<\/strong><\/h2>\n<p>Kartica je vrednostna, kar pomeni, da nanjo lahko nalo\u017eite poljubni znesek, obdarovanec pa jo lahko unov\u010di za vse storitve in izdelke pod okriljem Odiseje:<\/p>\n<ul>\n<li><span style=\"color: #00a1b1;\">vstopnice za kino in druge predstave v organizaciji podjetja<\/span><\/li>\n<li><span style=\"color: #00a1b1;\">Odisejada<\/span><\/li>\n<li><span style=\"color: #00a1b1;\">prigrizke in pija\u010do<\/span><\/li>\n<li><span style=\"color: #00a1b1;\">obiske barov<\/span><\/li>\n<li><span style=\"color: #00a1b1;\">otro\u0161ke delavnice in Baltazar program.<\/span><\/li>\n<\/ul>\t\t\t\t\t\t<\/div>\n\t\t\t\t<\/div>\n\t\t\t\t<div class=\"elementor-element elementor-element-d0cab4b elementor-widget elementor-widget-image\" data-id=\"d0cab4b\" data-element_type=\"widget\" data-widget_type=\"image.default\">\n\t\t\t\t<div class=\"elementor-widget-container\">\n\t\t\t<style>\/*! elementor - v3.23.0 - 15-07-2024 *\/\n.elementor-widget-image{text-align:center}.elementor-widget-image a{display:inline-block}.elementor-widget-image a img[src$=\".svg\"]{width:48px}.elementor-widget-image img{vertical-align:middle;display:inline-block}<\/style>\t\t\t\t\t\t\t\t\t\t<img fetchpriority=\"high\" decoding=\"async\" width=\"2000\" height=\"1393\" src=\"https:\/\/test-www.odiseja.com\/app\/uploads\/2025\/05\/b28475e6a67766a2d75152c2c7a56015bf1521e8.jpg\" class=\"attachment-full size-full wp-image-3744\" alt=\"\" srcset=\"https:\/\/test-www.odiseja.com\/app\/uploads\/2025\/05\/b28475e6a67766a2d75152c2c7a56015bf1521e8.jpg 2000w, https:\/\/test-www.odiseja.com\/app\/uploads\/2025\/05\/b28475e6a67766a2d75152c2c7a56015bf1521e8-300x209.jpg 300w, https:\/\/test-www.odiseja.com\/app\/uploads\/2025\/05\/b28475e6a67766a2d75152c2c7a56015bf1521e8-1024x713.jpg 1024w, https:\/\/test-www.odiseja.com\/app\/uploads\/2025\/05\/b28475e6a67766a2d75152c2c7a56015bf1521e8-768x535.jpg 768w, https:\/\/test-www.odiseja.com\/app\/uploads\/2025\/05\/b28475e6a67766a2d75152c2c7a56015bf1521e8-1536x1070.jpg 1536w, https:\/\/test-www.odiseja.com\/app\/uploads\/2025\/05\/b28475e6a67766a2d75152c2c7a56015bf1521e8-460x320.jpg 460w, https:\/\/test-www.odiseja.com\/app\/uploads\/2025\/05\/b28475e6a67766a2d75152c2c7a56015bf1521e8-919x640.jpg 919w\" sizes=\"(max-width: 2000px) 100vw, 2000px\" \/>\t\t\t\t\t\t\t\t\t\t\t\t\t<\/div>\n\t\t\t\t<\/div>\n\t\t\t\t\t<\/div>\n\t\t\t\t<\/div>\n\t\t<div class=\"elementor-element elementor-element-a180a0e e-flex e-con-boxed e-con e-parent\" data-id=\"a180a0e\" data-element_type=\"container\">\n\t\t\t\t\t<div class=\"e-con-inner\">\n\t\t\t\t<div class=\"elementor-element elementor-element-70dab9f odiseja-body-text elementor-widget elementor-widget-text-editor\" data-id=\"70dab9f\" data-element_type=\"widget\" data-widget_type=\"text-editor.default\">\n\t\t\t\t<div class=\"elementor-widget-container\">\n\t\t\t\t\t\t\t<h2><strong>Kje jo lahko kupite?<\/strong><\/h2>\t\t\t\t\t\t<\/div>\n\t\t\t\t<\/div>\n\t\t\t\t\t<\/div>\n\t\t\t\t<\/div>\n\t\t<div class=\"elementor-element elementor-element-298c1ab e-grid e-con-boxed e-con e-parent\" data-id=\"298c1ab\" data-element_type=\"container\">\n\t\t\t\t\t<div class=\"e-con-inner\">\n\t\t<div class=\"elementor-element elementor-element-3c06737 e-con-full e-flex e-con e-child\" data-id=\"3c06737\" data-element_type=\"container\">\n\t\t\t\t<div class=\"elementor-element elementor-element-a0542df elementor-widget elementor-widget-image\" data-id=\"a0542df\" data-element_type=\"widget\" data-widget_type=\"image.default\">\n\t\t\t\t<div class=\"elementor-widget-container\">\n\t\t\t\t\t\t\t\t\t\t\t\t\t<img decoding=\"async\" width=\"61\" height=\"72\" src=\"https:\/\/test-www.odiseja.com\/app\/uploads\/2025\/05\/Layer_1-1.svg\" class=\"attachment-large size-large wp-image-4011\" alt=\"\" \/>\t\t\t\t\t\t\t\t\t\t\t\t\t<\/div>\n\t\t\t\t<\/div>\n\t\t\t\t<div class=\"elementor-element elementor-element-faa34b9 odiseja-body-text h-cut-margins elementor-widget elementor-widget-text-editor\" data-id=\"faa34b9\" data-element_type=\"widget\" data-widget_type=\"text-editor.default\">\n\t\t\t\t<div class=\"elementor-widget-container\">\n\t\t\t\t\t\t\t<p style=\"text-align: center;\"><strong>NA BLAGAJNAH ODISEJE<br \/><\/strong><span style=\"color: #00a1b1; font-size: 16px;\">fizi\u010dna darilna kartica v elegantni embala\u017ei<\/span><\/p>\t\t\t\t\t\t<\/div>\n\t\t\t\t<\/div>\n\t\t\t\t<\/div>\n\t\t<div class=\"elementor-element elementor-element-8b0e0e7 e-con-full e-flex e-con e-child\" data-id=\"8b0e0e7\" data-element_type=\"container\">\n\t\t\t\t<div class=\"elementor-element elementor-element-bd75286 elementor-widget elementor-widget-image\" data-id=\"bd75286\" data-element_type=\"widget\" data-widget_type=\"image.default\">\n\t\t\t\t<div class=\"elementor-widget-container\">\n\t\t\t\t\t\t\t\t\t\t\t\t\t<img decoding=\"async\" width=\"65\" height=\"73\" src=\"https:\/\/test-www.odiseja.com\/app\/uploads\/2025\/05\/Layer_1-2.svg\" class=\"attachment-large size-large wp-image-4009\" alt=\"\" \/>\t\t\t\t\t\t\t\t\t\t\t\t\t<\/div>\n\t\t\t\t<\/div>\n\t\t\t\t<div class=\"elementor-element elementor-element-be0c071 odiseja-body-text h-cut-margins elementor-widget elementor-widget-text-editor\" data-id=\"be0c071\" data-element_type=\"widget\" data-widget_type=\"text-editor.default\">\n\t\t\t\t<div class=\"elementor-widget-container\">\n\t\t\t\t\t\t\t<p style=\"text-align: center;\"><strong>V KIOSKIH<br \/><\/strong><span style=\"color: #00a1b1; font-size: 16px;\">e-darilna kartica<\/span><\/p>\t\t\t\t\t\t<\/div>\n\t\t\t\t<\/div>\n\t\t\t\t<\/div>\n\t\t<div class=\"elementor-element elementor-element-baf75b9 e-con-full e-flex e-con e-child\" data-id=\"baf75b9\" data-element_type=\"container\">\n\t\t\t\t<div class=\"elementor-element elementor-element-6e38fc5 elementor-widget elementor-widget-image\" data-id=\"6e38fc5\" data-element_type=\"widget\" data-widget_type=\"image.default\">\n\t\t\t\t<div class=\"elementor-widget-container\">\n\t\t\t\t\t\t\t\t\t\t\t\t\t<img loading=\"lazy\" decoding=\"async\" width=\"57\" height=\"79\" src=\"https:\/\/test-www.odiseja.com\/app\/uploads\/2025\/05\/Layer_1-3.svg\" class=\"attachment-large size-large wp-image-4007\" alt=\"\" \/>\t\t\t\t\t\t\t\t\t\t\t\t\t<\/div>\n\t\t\t\t<\/div>\n\t\t\t\t<div class=\"elementor-element elementor-element-a76b50e odiseja-body-text h-cut-margins elementor-widget elementor-widget-text-editor\" data-id=\"a76b50e\" data-element_type=\"widget\" data-widget_type=\"text-editor.default\">\n\t\t\t\t<div class=\"elementor-widget-container\">\n\t\t\t\t\t\t\t<p style=\"text-align: center;\"><strong>PREK SPLETNE STRANI ALI APLIKACIJE<br \/><\/strong><span style=\"color: #00a1b1; font-size: 16px;\">e-darilna kartica<\/span><\/p>\t\t\t\t\t\t<\/div>\n\t\t\t\t<\/div>\n\t\t\t\t<\/div>\n\t\t\t\t\t<\/div>\n\t\t\t\t<\/div>\n\t\t<div class=\"elementor-element elementor-element-1d0244b e-flex e-con-boxed e-con e-parent\" data-id=\"1d0244b\" data-element_type=\"container\">\n\t\t\t\t\t<div class=\"e-con-inner\">\n\t\t\t\t<div class=\"elementor-element elementor-element-f1500b2 odiseja-body-text-small elementor-widget elementor-widget-text-editor\" data-id=\"f1500b2\" data-element_type=\"widget\" data-widget_type=\"text-editor.default\">\n\t\t\t\t<div class=\"elementor-widget-container\">\n\t\t\t\t\t\t\t<p>Darilne kartice ni mogo\u010de unov\u010diti v restavraciji McDonald&#8217;s in drugih najemni\u0161kih lokalih.<\/p><p>Veljavnost kartice je eno leto od nakupa.<\/p>\t\t\t\t\t\t<\/div>\n\t\t\t\t<\/div>\n\t\t\t\t\t<\/div>\n\t\t\t\t<\/div>\n\t\t<div class=\"elementor-element elementor-element-a135171 e-flex e-con-boxed e-con e-parent\" data-id=\"a135171\" data-element_type=\"container\">\n\t\t\t\t\t<div class=\"e-con-inner\">\n\t\t<div class=\"elementor-element elementor-element-f59cbe6 e-con-full e-flex e-con e-child\" data-id=\"f59cbe6\" data-element_type=\"container\" data-settings=\"{&quot;background_background&quot;:&quot;classic&quot;}\">\n\t\t\t\t<div class=\"elementor-element elementor-element-a7d1fbe elementor-widget__width-initial elementor-widget elementor-widget-heading\" data-id=\"a7d1fbe\" data-element_type=\"widget\" data-widget_type=\"heading.default\">\n\t\t\t\t<div class=\"elementor-widget-container\">\n\t\t\t<h2 class=\"elementor-heading-title elementor-size-default\">Podarite vesolje vsebin.<\/h2>\t\t<\/div>\n\t\t\t\t<\/div>\n\t\t\t\t<div class=\"elementor-element elementor-element-8ad717b elementor-widget elementor-widget-button\" data-id=\"8ad717b\" data-element_type=\"widget\" data-widget_type=\"button.default\">\n\t\t\t\t<div class=\"elementor-widget-container\">\n\t\t\t\t\t<div class=\"elementor-button-wrapper\">\n\t\t\t<a class=\"elementor-button elementor-button-link elementor-size-sm\" href=\"https:\/\/test-www.odiseja.com\/sl\/narocite-kartico\/\">\n\t\t\t\t\t\t<span class=\"elementor-button-content-wrapper\">\n\t\t\t\t\t\t\t\t\t<span class=\"elementor-button-text\">Naro\u010dite kartico<\/span>\n\t\t\t\t\t<\/span>\n\t\t\t\t\t<\/a>\n\t\t<\/div>\n\t\t\t\t<\/div>\n\t\t\t\t<\/div>\n\t\t\t\t<\/div>\n\t\t\t\t\t<\/div>\n\t\t\t\t<\/div>\n\t\t<div class=\"elementor-element elementor-element-3509d17 e-flex e-con-boxed e-con e-parent\" data-id=\"3509d17\" data-element_type=\"container\">\n\t\t\t\t\t<div class=\"e-con-inner\">\n\t\t\t\t<div class=\"elementor-element elementor-element-4ddc185 elementor-widget elementor-widget-spacer\" data-id=\"4ddc185\" data-element_type=\"widget\" data-widget_type=\"spacer.default\">\n\t\t\t\t<div class=\"elementor-widget-container\">\n\t\t\t<style>\/*! elementor - v3.23.0 - 15-07-2024 *\/\n.elementor-column .elementor-spacer-inner{height:var(--spacer-size)}.e-con{--container-widget-width:100%}.e-con-inner>.elementor-widget-spacer,.e-con>.elementor-widget-spacer{width:var(--container-widget-width,var(--spacer-size));--align-self:var(--container-widget-align-self,initial);--flex-shrink:0}.e-con-inner>.elementor-widget-spacer>.elementor-widget-container,.e-con>.elementor-widget-spacer>.elementor-widget-container{height:100%;width:100%}.e-con-inner>.elementor-widget-spacer>.elementor-widget-container>.elementor-spacer,.e-con>.elementor-widget-spacer>.elementor-widget-container>.elementor-spacer{height:100%}.e-con-inner>.elementor-widget-spacer>.elementor-widget-container>.elementor-spacer>.elementor-spacer-inner,.e-con>.elementor-widget-spacer>.elementor-widget-container>.elementor-spacer>.elementor-spacer-inner{height:var(--container-widget-height,var(--spacer-size))}.e-con-inner>.elementor-widget-spacer.elementor-widget-empty,.e-con>.elementor-widget-spacer.elementor-widget-empty{position:relative;min-height:22px;min-width:22px}.e-con-inner>.elementor-widget-spacer.elementor-widget-empty .elementor-widget-empty-icon,.e-con>.elementor-widget-spacer.elementor-widget-empty .elementor-widget-empty-icon{position:absolute;top:0;bottom:0;left:0;right:0;margin:auto;padding:0;width:22px;height:22px}<\/style>\t\t<div class=\"elementor-spacer\">\n\t\t\t<div class=\"elementor-spacer-inner\"><\/div>\n\t\t<\/div>\n\t\t\t\t<\/div>\n\t\t\t\t<\/div>\n\t\t\t\t\t<\/div>\n\t\t\t\t<\/div>\n\t\t\t\t<\/div>\n\t\t","protected":false},"excerpt":{"rendered":"<p>Darilna kartica Darilna kartica Odiseja je popolno darilo za dru\u017eino, partnerja, prijatelje ali sodelavce, saj odpira vrata v svet zabave, do\u017eivetij in nepozabnih vsebin. Ker so trenutki, polni do\u017eivetij, najve\u010d, kar lahko podarite! Kako deluje darilna kartica Odiseja? Kartica je vrednostna, kar pomeni, da nanjo lahko nalo\u017eite poljubni znesek, obdarovanec pa jo lahko unov\u010di za [&hellip;]<\/p>\n","protected":false},"author":5,"featured_media":0,"parent":0,"menu_order":0,"comment_status":"closed","ping_status":"closed","template":"","meta":{"_acf_changed":false,"footnotes":""},"acf":[],"yoast_head":"<!-- This site is optimized with the Yoast SEO plugin v23.0 - https:\/\/yoast.com\/wordpress\/plugins\/seo\/ -->\n<title>Darilna kartica | Odiseja Ljubljana<\/title>\n<meta name=\"description\" content=\"Podarite kulturo \u2013 darilna kartica Odiseje je idealno darilo za vsakogar.\" \/>\n<meta name=\"robots\" content=\"index, follow, max-snippet:-1, max-image-preview:large, max-video-preview:-1\" \/>\n<link rel=\"canonical\" href=\"https:\/\/test-www.odiseja.com\/sl\/darilna-kartica\/\" \/>\n<meta property=\"og:locale\" content=\"sl_SI\" \/>\n<meta property=\"og:type\" content=\"article\" \/>\n<meta property=\"og:title\" content=\"Darilna kartica | Odiseja Ljubljana\" \/>\n<meta property=\"og:description\" content=\"Podarite kulturo \u2013 darilna kartica Odiseje je idealno darilo za vsakogar.\" \/>\n<meta property=\"og:url\" content=\"https:\/\/test-www.odiseja.com\/sl\/darilna-kartica\/\" \/>\n<meta property=\"og:site_name\" content=\"Odisejada\" \/>\n<meta property=\"article:modified_time\" content=\"2025-06-13T08:40:54+00:00\" \/>\n<meta property=\"og:image\" content=\"https:\/\/test-www.odiseja.com\/app\/uploads\/2025\/05\/b28475e6a67766a2d75152c2c7a56015bf1521e8.jpg\" \/>\n<meta name=\"twitter:card\" content=\"summary_large_image\" \/>\n<meta name=\"twitter:label1\" content=\"Est. reading time\" \/>\n\t<meta name=\"twitter:data1\" content=\"2 minutes\" \/>\n<script type=\"application\/ld+json\" class=\"yoast-schema-graph\">{\"@context\":\"https:\/\/schema.org\",\"@graph\":[{\"@type\":\"WebPage\",\"@id\":\"https:\/\/test-www.odiseja.com\/sl\/darilna-kartica\/\",\"url\":\"https:\/\/test-www.odiseja.com\/sl\/darilna-kartica\/\",\"name\":\"Darilna kartica | Odiseja Ljubljana\",\"isPartOf\":{\"@id\":\"https:\/\/test-www.odiseja.com\/sl\/#website\"},\"primaryImageOfPage\":{\"@id\":\"https:\/\/test-www.odiseja.com\/sl\/darilna-kartica\/#primaryimage\"},\"image\":{\"@id\":\"https:\/\/test-www.odiseja.com\/sl\/darilna-kartica\/#primaryimage\"},\"thumbnailUrl\":\"https:\/\/test-www.odiseja.com\/app\/uploads\/2025\/05\/b28475e6a67766a2d75152c2c7a56015bf1521e8.jpg\",\"datePublished\":\"2025-05-20T10:20:13+00:00\",\"dateModified\":\"2025-06-13T08:40:54+00:00\",\"description\":\"Podarite kulturo \u2013 darilna kartica Odiseje je idealno darilo za vsakogar.\",\"breadcrumb\":{\"@id\":\"https:\/\/test-www.odiseja.com\/sl\/darilna-kartica\/#breadcrumb\"},\"inLanguage\":\"sl-SI\",\"potentialAction\":[{\"@type\":\"ReadAction\",\"target\":[\"https:\/\/test-www.odiseja.com\/sl\/darilna-kartica\/\"]}]},{\"@type\":\"ImageObject\",\"inLanguage\":\"sl-SI\",\"@id\":\"https:\/\/test-www.odiseja.com\/sl\/darilna-kartica\/#primaryimage\",\"url\":\"https:\/\/test-www.odiseja.com\/app\/uploads\/2025\/05\/b28475e6a67766a2d75152c2c7a56015bf1521e8.jpg\",\"contentUrl\":\"https:\/\/test-www.odiseja.com\/app\/uploads\/2025\/05\/b28475e6a67766a2d75152c2c7a56015bf1521e8.jpg\"},{\"@type\":\"BreadcrumbList\",\"@id\":\"https:\/\/test-www.odiseja.com\/sl\/darilna-kartica\/#breadcrumb\",\"itemListElement\":[{\"@type\":\"ListItem\",\"position\":1,\"name\":\"Home\",\"item\":\"https:\/\/test-www.odiseja.com\/sl\/\"},{\"@type\":\"ListItem\",\"position\":2,\"name\":\"Darilna kartica\"}]},{\"@type\":\"WebSite\",\"@id\":\"https:\/\/test-www.odiseja.com\/sl\/#website\",\"url\":\"https:\/\/test-www.odiseja.com\/sl\/\",\"name\":\"Odisejada DEV\",\"description\":\"\",\"potentialAction\":[{\"@type\":\"SearchAction\",\"target\":{\"@type\":\"EntryPoint\",\"urlTemplate\":\"https:\/\/test-www.odiseja.com\/sl\/?s={search_term_string}\"},\"query-input\":\"required name=search_term_string\"}],\"inLanguage\":\"sl-SI\"}]}<\/script>\n<!-- \/ Yoast SEO plugin. -->","yoast_head_json":{"title":"Darilna kartica | Odiseja Ljubljana","description":"Podarite kulturo \u2013 darilna kartica Odiseje je idealno darilo za vsakogar.","robots":{"index":"index","follow":"follow","max-snippet":"max-snippet:-1","max-image-preview":"max-image-preview:large","max-video-preview":"max-video-preview:-1"},"canonical":"https:\/\/test-www.odiseja.com\/sl\/darilna-kartica\/","og_locale":"sl_SI","og_type":"article","og_title":"Darilna kartica | Odiseja Ljubljana","og_description":"Podarite kulturo \u2013 darilna kartica Odiseje je idealno darilo za vsakogar.","og_url":"https:\/\/test-www.odiseja.com\/sl\/darilna-kartica\/","og_site_name":"Odisejada","article_modified_time":"2025-06-13T08:40:54+00:00","og_image":[{"url":"https:\/\/test-www.odiseja.com\/app\/uploads\/2025\/05\/b28475e6a67766a2d75152c2c7a56015bf1521e8.jpg"}],"twitter_card":"summary_large_image","twitter_misc":{"Est. reading time":"2 minutes"},"schema":{"@context":"https:\/\/schema.org","@graph":[{"@type":"WebPage","@id":"https:\/\/test-www.odiseja.com\/sl\/darilna-kartica\/","url":"https:\/\/test-www.odiseja.com\/sl\/darilna-kartica\/","name":"Darilna kartica | Odiseja Ljubljana","isPartOf":{"@id":"https:\/\/test-www.odiseja.com\/sl\/#website"},"primaryImageOfPage":{"@id":"https:\/\/test-www.odiseja.com\/sl\/darilna-kartica\/#primaryimage"},"image":{"@id":"https:\/\/test-www.odiseja.com\/sl\/darilna-kartica\/#primaryimage"},"thumbnailUrl":"https:\/\/test-www.odiseja.com\/app\/uploads\/2025\/05\/b28475e6a67766a2d75152c2c7a56015bf1521e8.jpg","datePublished":"2025-05-20T10:20:13+00:00","dateModified":"2025-06-13T08:40:54+00:00","description":"Podarite kulturo \u2013 darilna kartica Odiseje je idealno darilo za vsakogar.","breadcrumb":{"@id":"https:\/\/test-www.odiseja.com\/sl\/darilna-kartica\/#breadcrumb"},"inLanguage":"sl-SI","potentialAction":[{"@type":"ReadAction","target":["https:\/\/test-www.odiseja.com\/sl\/darilna-kartica\/"]}]},{"@type":"ImageObject","inLanguage":"sl-SI","@id":"https:\/\/test-www.odiseja.com\/sl\/darilna-kartica\/#primaryimage","url":"https:\/\/test-www.odiseja.com\/app\/uploads\/2025\/05\/b28475e6a67766a2d75152c2c7a56015bf1521e8.jpg","contentUrl":"https:\/\/test-www.odiseja.com\/app\/uploads\/2025\/05\/b28475e6a67766a2d75152c2c7a56015bf1521e8.jpg"},{"@type":"BreadcrumbList","@id":"https:\/\/test-www.odiseja.com\/sl\/darilna-kartica\/#breadcrumb","itemListElement":[{"@type":"ListItem","position":1,"name":"Home","item":"https:\/\/test-www.odiseja.com\/sl\/"},{"@type":"ListItem","position":2,"name":"Darilna kartica"}]},{"@type":"WebSite","@id":"https:\/\/test-www.odiseja.com\/sl\/#website","url":"https:\/\/test-www.odiseja.com\/sl\/","name":"Odisejada DEV","description":"","potentialAction":[{"@type":"SearchAction","target":{"@type":"EntryPoint","urlTemplate":"https:\/\/test-www.odiseja.com\/sl\/?s={search_term_string}"},"query-input":"required name=search_term_string"}],"inLanguage":"sl-SI"}]}},"_links":{"self":[{"href":"https:\/\/test-www.odiseja.com\/sl\/wp-json\/wp\/v2\/pages\/3739"}],"collection":[{"href":"https:\/\/test-www.odiseja.com\/sl\/wp-json\/wp\/v2\/pages"}],"about":[{"href":"https:\/\/test-www.odiseja.com\/sl\/wp-json\/wp\/v2\/types\/page"}],"author":[{"embeddable":true,"href":"https:\/\/test-www.odiseja.com\/sl\/wp-json\/wp\/v2\/users\/5"}],"replies":[{"embeddable":true,"href":"https:\/\/test-www.odiseja.com\/sl\/wp-json\/wp\/v2\/comments?post=3739"}],"version-history":[{"count":86,"href":"https:\/\/test-www.odiseja.com\/sl\/wp-json\/wp\/v2\/pages\/3739\/revisions"}],"predecessor-version":[{"id":5486,"href":"https:\/\/test-www.odiseja.com\/sl\/wp-json\/wp\/v2\/pages\/3739\/revisions\/5486"}],"wp:attachment":[{"href":"https:\/\/test-www.odiseja.com\/sl\/wp-json\/wp\/v2\/media?parent=3739"}],"curies":[{"name":"wp","href":"https:\/\/api.w.org\/{rel}","templated":true}]}}