{"id":4117,"date":"2025-05-28T09:52:28","date_gmt":"2025-05-28T09:52:28","guid":{"rendered":"https:\/\/test-www.odiseja.com\/?page_id=4117"},"modified":"2025-07-17T16:00:59","modified_gmt":"2025-07-17T14:00:59","slug":"najem-dvoran","status":"publish","type":"page","link":"https:\/\/test-www.odiseja.com\/sl\/najem-dvoran\/","title":{"rendered":"Najem dvoran"},"content":{"rendered":"\t\t<div data-elementor-type=\"wp-page\" data-elementor-id=\"4117\" class=\"elementor elementor-4117\" data-elementor-post-type=\"page\">\n\t\t\t\t<div class=\"elementor-element elementor-element-8f7d6ed odiseja-page-header e-flex e-con-boxed e-con e-parent\" data-id=\"8f7d6ed\" data-element_type=\"container\" data-settings=\"{&quot;background_background&quot;:&quot;classic&quot;}\">\n\t\t\t\t\t<div class=\"e-con-inner\">\n\t\t\t\t<div class=\"elementor-element elementor-element-4e4cbfb elementor-widget elementor-widget-heading\" data-id=\"4e4cbfb\" data-element_type=\"widget\" data-widget_type=\"heading.default\">\n\t\t\t\t<div class=\"elementor-widget-container\">\n\t\t\t<style>\/*! elementor - v3.23.0 - 15-07-2024 *\/\n.elementor-heading-title{padding:0;margin:0;line-height:1}.elementor-widget-heading .elementor-heading-title[class*=elementor-size-]>a{color:inherit;font-size:inherit;line-height:inherit}.elementor-widget-heading .elementor-heading-title.elementor-size-small{font-size:15px}.elementor-widget-heading .elementor-heading-title.elementor-size-medium{font-size:19px}.elementor-widget-heading .elementor-heading-title.elementor-size-large{font-size:29px}.elementor-widget-heading .elementor-heading-title.elementor-size-xl{font-size:39px}.elementor-widget-heading .elementor-heading-title.elementor-size-xxl{font-size:59px}<\/style><h1 class=\"elementor-heading-title elementor-size-default\">Najem dvoran<\/h1>\t\t<\/div>\n\t\t\t\t<\/div>\n\t\t\t\t\t<\/div>\n\t\t\t\t<\/div>\n\t\t<div class=\"elementor-element elementor-element-6e494db e-flex e-con-boxed e-con e-parent\" data-id=\"6e494db\" data-element_type=\"container\">\n\t\t\t\t\t<div class=\"e-con-inner\">\n\t\t<div class=\"elementor-element elementor-element-efd2201 e-con-full e-flex e-con e-child\" data-id=\"efd2201\" data-element_type=\"container\">\n\t\t\t\t<div class=\"elementor-element elementor-element-7adf0df odiseja-body-text elementor-widget elementor-widget-text-editor\" data-id=\"7adf0df\" data-element_type=\"widget\" data-widget_type=\"text-editor.default\">\n\t\t\t\t<div class=\"elementor-widget-container\">\n\t\t\t<style>\/*! elementor - v3.23.0 - 15-07-2024 *\/\n.elementor-widget-text-editor.elementor-drop-cap-view-stacked .elementor-drop-cap{background-color:#69727d;color:#fff}.elementor-widget-text-editor.elementor-drop-cap-view-framed .elementor-drop-cap{color:#69727d;border:3px solid;background-color:transparent}.elementor-widget-text-editor:not(.elementor-drop-cap-view-default) .elementor-drop-cap{margin-top:8px}.elementor-widget-text-editor:not(.elementor-drop-cap-view-default) .elementor-drop-cap-letter{width:1em;height:1em}.elementor-widget-text-editor .elementor-drop-cap{float:left;text-align:center;line-height:1;font-size:50px}.elementor-widget-text-editor .elementor-drop-cap-letter{display:inline-block}<\/style>\t\t\t\t<p>Odiseja je poslovno-zabavni center, ki poleg kina ponuja neskon\u010dno mo\u017enosti za organizacijo razli\u010dnih dru\u017eabnih dogodkov, seminarjev, konferenc, koncertov in gledali\u0161\u010da. Ker smo \u017eeleli ponuditi \u010dim ve\u010d storitev \u00bbna klju\u010d\u00ab, smo dolo\u010dene dvorane in prostore dodatno opremili z opremo, ki ponuja organizatorjem ali nastopajo\u010dim kar najve\u010d prilagodljivosti.<\/p>\n<p>V Odiseji je 12 dvoran, od najmanj\u0161e (VIP) dvorane s 57 luksuznimi sede\u017ei vse do dvorane s 500 sede\u017ei. Ena izmed dvoran je multifunkcijska, saj je mo\u017eno v njej organizirati dogodke s sedi\u0161\u010di ali brez sedi\u0161\u010d ter razli\u010dne \u0161portne prireditve oziroma dejavnosti.<\/p>\n<p>Odiseja se pona\u0161a tudi z osrednjim ve\u010dnamenskim prostorom \u2013 z osrednjim odrom in velikim LED zaslonom (130 m<sup>2<\/sup>). <span data-teams=\"true\">Prostor sprejme 2.600 obiskovalcev, ki so razporejeni v parterju in na novi VIP galeriji.<\/span><\/p>\n<p>Za dodatne informacije, ogled prostorov ali rezervacijo termina nas kontaktirajte na <a href=\"mailto:najem@odiseja.si\"><strong>najem@odiseja.si<\/strong><\/a>.<\/p>\n<h2><strong>Pregled dvoran<\/strong><\/h2>\n<p><span style=\"color: #00a1b1; font-size: 20px; font-weight: bold;\">Dvorana:<\/span> VELIKA DVORANA<br><span style=\"color: #00a1b1; font-size: 20px; font-weight: bold;\">Opis:<\/span> Osrednji prireditveni prostor z velikim odrom.<br><span style=\"color: #00a1b1; font-size: 20px; font-weight: bold;\">Kapaciteta:<\/span> <span data-teams=\"true\">2.000 stoji\u0161\u010d ali 870 sedi\u0161\u010d<\/span><br><span style=\"color: #00a1b1; font-size: 20px; font-weight: bold;\">Najem:<\/span> Za koncerte, poslovne in dru\u017eabne dogodke, sejemske postavitve.<\/p>\n<p><span style=\"color: #00a1b1; font-size: 20px; font-weight: bold;\">Dvorana:<\/span> GALERIJA<br><span style=\"color: #00a1b1; font-size: 20px; font-weight: bold;\">Opis:<\/span> Ve\u010dnamenski prireditveni prostor nad osrednjim delom.<br><span style=\"color: #00a1b1; font-size: 20px; font-weight: bold;\">Kapaciteta:<\/span> <span data-teams=\"true\">600 stoji\u0161\u010d ali 250 sedi\u0161\u010d<\/span><br><span style=\"color: #00a1b1; font-size: 20px; font-weight: bold;\">Najem:<\/span> Za pogostitve, poslovne in dru\u017eabne dogodke, sejemske postavitve, modne revije.<\/p>\n<p><span style=\"color: #00a1b1; font-size: 20px; font-weight: bold;\">Dvorana:<\/span> DVORANA 1 VIP<br><span style=\"color: #00a1b1; font-size: 20px; font-weight: bold;\">Opis:<\/span>&nbsp;<span data-teams=\"true\">Presti\u017ena dvorana za kino z VIP Elegance sede\u017ei.<\/span><br><span style=\"color: #00a1b1; font-size: 20px; font-weight: bold;\">Kapaciteta:<\/span> 57 sedi\u0161\u010d.<br><span style=\"color: #00a1b1; font-size: 20px; font-weight: bold;\">Najem:<\/span> LED zaslon, VIP sedenje, filmska tehnologija, ekskluzivni dogodki.<\/p>\n<p><span style=\"color: #00a1b1; font-size: 20px; font-weight: bold;\">Dvorana:<\/span> DVORANA 2 in 11<br><span style=\"color: #00a1b1; font-size: 20px; font-weight: bold;\">Opis:<\/span> Dvorana za kino in konference.<br><span style=\"color: #00a1b1; font-size: 20px; font-weight: bold;\">Kapaciteta:<\/span> 142 sedi\u0161\u010d.<br><span style=\"color: #00a1b1; font-size: 20px; font-weight: bold;\">Najem:<\/span> Za konference, predavanja, in druge poslovne dogodke.<\/p>\n<p><span style=\"color: #00a1b1; font-size: 20px; font-weight: bold;\">Dvorana:<\/span> DVORANA 3, 9 in 10<br><span style=\"color: #00a1b1; font-size: 20px; font-weight: bold;\">Opis:<\/span> Dvorana za kino in konference.<br><span style=\"color: #00a1b1; font-size: 20px; font-weight: bold;\">Kapaciteta:<\/span> 257 sedi\u0161\u010d.<br><span style=\"color: #00a1b1; font-size: 20px; font-weight: bold;\">Najem:<\/span> Za konference, predavanja, in druge poslovne dogodke.<\/p>\n<p><span style=\"color: #00a1b1; font-size: 20px; font-weight: bold;\">Dvorana:<\/span> DVORANA 4<br><span style=\"color: #00a1b1; font-size: 20px; font-weight: bold;\">Opis:<\/span> Premium dvorana za konference in gledali\u0161\u010de.<br><span style=\"color: #00a1b1; font-size: 20px; font-weight: bold;\">Kapaciteta:<\/span> 257 sedi\u0161\u010d.<br><span style=\"color: #00a1b1; font-size: 20px; font-weight: bold;\">Najem:<\/span> LED zaslon, za gledali\u0161\u010de, koncerte, konference.<\/p>\n<p><span style=\"color: #00a1b1; font-size: 20px; font-weight: bold;\">Dvorana:<\/span> DVORANA 5 in 8<br><span style=\"color: #00a1b1; font-size: 20px; font-weight: bold;\">Opis:<\/span> Dvorana za kino in konference.<br><span style=\"color: #00a1b1; font-size: 20px; font-weight: bold;\">Kapaciteta:<\/span> 340 sedi\u0161\u010d.<br><span style=\"color: #00a1b1; font-size: 20px; font-weight: bold;\">Najem:<\/span> Za konference, predavanja, in druge poslovne dogodke.<\/p>\n<p><span style=\"color: #00a1b1; font-size: 20px; font-weight: bold;\">Dvorana:<\/span> DVORANA 6<br><span style=\"color: #00a1b1; font-size: 20px; font-weight: bold;\">Opis:<\/span> Premium dvorana za konference in gledali\u0161\u010de.<br><span style=\"color: #00a1b1; font-size: 20px; font-weight: bold;\">Kapaciteta:<\/span> 499 sedi\u0161\u010d.<br><span style=\"color: #00a1b1; font-size: 20px; font-weight: bold;\">Najem:<\/span> LED zaslon, za gledali\u0161\u010de, koncerte, konference.<\/p>\n<p><span style=\"color: #00a1b1; font-size: 20px; font-weight: bold;\">Dvorana:<\/span> DVORANA 7<br><span style=\"color: #00a1b1; font-size: 20px; font-weight: bold;\">Opis:<\/span>&nbsp;<span data-teams=\"true\">Presti\u017ena dvorana za najve\u010dje filmske premiere in konference.<\/span><br><span style=\"color: #00a1b1; font-size: 20px; font-weight: bold;\">Kapaciteta:<\/span> 456 sedi\u0161\u010d.<br><span style=\"color: #00a1b1; font-size: 20px; font-weight: bold;\">Najem:<\/span> Za VIP dogodke in konference.<\/p>\n<p><span style=\"color: #00a1b1; font-size: 20px; font-weight: bold;\">Dvorana:<\/span> KLUBSKA DVORANA<br><span style=\"color: #00a1b1; font-size: 20px; font-weight: bold;\">Opis:<\/span> Dvorana za dru\u017eabne dogodke.<br><span style=\"color: #00a1b1; font-size: 20px; font-weight: bold;\">Kapaciteta:<\/span> 300 stoji\u0161\u010d ali 150 sedi\u0161\u010d.<br><span style=\"color: #00a1b1; font-size: 20px; font-weight: bold;\">Najem:<\/span> Za predavanja, delavnice, poslovne zabave, manj\u0161e koncerte.<\/p>\n<p><span style=\"color: #00a1b1; font-size: 20px; font-weight: bold;\">Dvorana:<\/span> SEJNA SOBA SONCE<br><span style=\"color: #00a1b1; font-size: 20px; font-weight: bold;\">Opis:<\/span> Sejna soba za manj\u0161e poslovne dogodke.<br><span style=\"color: #00a1b1; font-size: 20px; font-weight: bold;\">Kapaciteta:<\/span> 30 sedi\u0161\u010d.<br><span style=\"color: #00a1b1; font-size: 20px; font-weight: bold;\">Najem:<\/span> Za predavanja, sestanke in druga poslovna dru\u017eenja.<\/p>\n<p><span style=\"color: #00a1b1; font-size: 20px; font-weight: bold;\">Dvorana:<\/span> VIP BAR SONCE<br><span style=\"color: #00a1b1; font-size: 20px; font-weight: bold;\">Opis:<\/span> Zasebni prostor z lastnim barom.<br><span style=\"color: #00a1b1; font-size: 20px; font-weight: bold;\">Kapaciteta:<\/span> 100 stoji\u0161\u010d ali 60 sedi\u0161\u010d.<br><span style=\"color: #00a1b1; font-size: 20px; font-weight: bold;\">Najem:<\/span> Za dru\u017eabne dogodke.<\/p>\n<p><span style=\"color: #00a1b1; font-size: 20px; font-weight: bold;\">Dvorana:<\/span> ZUNANJA TERASA SONCE<br><span style=\"color: #00a1b1; font-size: 20px; font-weight: bold;\">Opis:<\/span> Zunanja terasa z nadstre\u0161kom.<br><span style=\"color: #00a1b1; font-size: 20px; font-weight: bold;\">Kapaciteta:<\/span> 150 stoji\u0161\u010d.<br><span style=\"color: #00a1b1; font-size: 20px; font-weight: bold;\">Najem:<\/span> Za dru\u017eenja, pogostitve, manj\u0161e koncerte.<\/p>\t\t\t\t\t\t<\/div>\n\t\t\t\t<\/div>\n\t\t\t\t<\/div>\n\t\t\t\t\t<\/div>\n\t\t\t\t<\/div>\n\t\t<div class=\"elementor-element elementor-element-8d38503 e-flex e-con-boxed e-con e-parent\" data-id=\"8d38503\" data-element_type=\"container\">\n\t\t\t\t\t<div class=\"e-con-inner\">\n\t\t\t\t<div class=\"elementor-element elementor-element-8c7b9f3 elementor-widget elementor-widget-spacer\" data-id=\"8c7b9f3\" data-element_type=\"widget\" data-widget_type=\"spacer.default\">\n\t\t\t\t<div class=\"elementor-widget-container\">\n\t\t\t<style>\/*! elementor - v3.23.0 - 15-07-2024 *\/\n.elementor-column .elementor-spacer-inner{height:var(--spacer-size)}.e-con{--container-widget-width:100%}.e-con-inner>.elementor-widget-spacer,.e-con>.elementor-widget-spacer{width:var(--container-widget-width,var(--spacer-size));--align-self:var(--container-widget-align-self,initial);--flex-shrink:0}.e-con-inner>.elementor-widget-spacer>.elementor-widget-container,.e-con>.elementor-widget-spacer>.elementor-widget-container{height:100%;width:100%}.e-con-inner>.elementor-widget-spacer>.elementor-widget-container>.elementor-spacer,.e-con>.elementor-widget-spacer>.elementor-widget-container>.elementor-spacer{height:100%}.e-con-inner>.elementor-widget-spacer>.elementor-widget-container>.elementor-spacer>.elementor-spacer-inner,.e-con>.elementor-widget-spacer>.elementor-widget-container>.elementor-spacer>.elementor-spacer-inner{height:var(--container-widget-height,var(--spacer-size))}.e-con-inner>.elementor-widget-spacer.elementor-widget-empty,.e-con>.elementor-widget-spacer.elementor-widget-empty{position:relative;min-height:22px;min-width:22px}.e-con-inner>.elementor-widget-spacer.elementor-widget-empty .elementor-widget-empty-icon,.e-con>.elementor-widget-spacer.elementor-widget-empty .elementor-widget-empty-icon{position:absolute;top:0;bottom:0;left:0;right:0;margin:auto;padding:0;width:22px;height:22px}<\/style>\t\t<div class=\"elementor-spacer\">\n\t\t\t<div class=\"elementor-spacer-inner\"><\/div>\n\t\t<\/div>\n\t\t\t\t<\/div>\n\t\t\t\t<\/div>\n\t\t\t\t\t<\/div>\n\t\t\t\t<\/div>\n\t\t\t\t<\/div>\n\t\t","protected":false},"excerpt":{"rendered":"<p>Najem dvoran Odiseja je poslovno-zabavni center, ki poleg kina ponuja neskon\u010dno mo\u017enosti za organizacijo razli\u010dnih dru\u017eabnih dogodkov, seminarjev, konferenc, koncertov in gledali\u0161\u010da. Ker smo \u017eeleli ponuditi \u010dim ve\u010d storitev \u00bbna klju\u010d\u00ab, smo dolo\u010dene dvorane in prostore dodatno opremili z opremo, ki ponuja organizatorjem ali nastopajo\u010dim kar najve\u010d prilagodljivosti. V Odiseji je 12 dvoran, od najmanj\u0161e [&hellip;]<\/p>\n","protected":false},"author":5,"featured_media":0,"parent":0,"menu_order":0,"comment_status":"closed","ping_status":"closed","template":"","meta":{"_acf_changed":false,"footnotes":""},"acf":[],"yoast_head":"<!-- This site is optimized with the Yoast SEO plugin v23.0 - https:\/\/yoast.com\/wordpress\/plugins\/seo\/ -->\n<title>Najem dvoran | Odiseja Ljubljana<\/title>\n<meta name=\"description\" content=\"Organizirajte dogodek v sodobno opremljenih dvoranah Odiseje \u2013 za zasebna in poslovna sre\u010danja.\" \/>\n<meta name=\"robots\" content=\"index, follow, max-snippet:-1, max-image-preview:large, max-video-preview:-1\" \/>\n<link rel=\"canonical\" href=\"https:\/\/test-www.odiseja.com\/sl\/najem-dvoran\/\" \/>\n<meta property=\"og:locale\" content=\"sl_SI\" \/>\n<meta property=\"og:type\" content=\"article\" \/>\n<meta property=\"og:title\" content=\"Najem dvoran | Odiseja Ljubljana\" \/>\n<meta property=\"og:description\" content=\"Organizirajte dogodek v sodobno opremljenih dvoranah Odiseje \u2013 za zasebna in poslovna sre\u010danja.\" \/>\n<meta property=\"og:url\" content=\"https:\/\/test-www.odiseja.com\/sl\/najem-dvoran\/\" \/>\n<meta property=\"og:site_name\" content=\"Odisejada\" \/>\n<meta property=\"article:modified_time\" content=\"2025-07-17T14:00:59+00:00\" \/>\n<meta name=\"twitter:card\" content=\"summary_large_image\" \/>\n<meta name=\"twitter:label1\" content=\"Est. reading time\" \/>\n\t<meta name=\"twitter:data1\" content=\"3 minutes\" \/>\n<script type=\"application\/ld+json\" class=\"yoast-schema-graph\">{\"@context\":\"https:\/\/schema.org\",\"@graph\":[{\"@type\":\"WebPage\",\"@id\":\"https:\/\/test-www.odiseja.com\/sl\/najem-dvoran\/\",\"url\":\"https:\/\/test-www.odiseja.com\/sl\/najem-dvoran\/\",\"name\":\"Najem dvoran | Odiseja Ljubljana\",\"isPartOf\":{\"@id\":\"https:\/\/test-www.odiseja.com\/sl\/#website\"},\"datePublished\":\"2025-05-28T09:52:28+00:00\",\"dateModified\":\"2025-07-17T14:00:59+00:00\",\"description\":\"Organizirajte dogodek v sodobno opremljenih dvoranah Odiseje \u2013 za zasebna in poslovna sre\u010danja.\",\"breadcrumb\":{\"@id\":\"https:\/\/test-www.odiseja.com\/sl\/najem-dvoran\/#breadcrumb\"},\"inLanguage\":\"sl-SI\",\"potentialAction\":[{\"@type\":\"ReadAction\",\"target\":[\"https:\/\/test-www.odiseja.com\/sl\/najem-dvoran\/\"]}]},{\"@type\":\"BreadcrumbList\",\"@id\":\"https:\/\/test-www.odiseja.com\/sl\/najem-dvoran\/#breadcrumb\",\"itemListElement\":[{\"@type\":\"ListItem\",\"position\":1,\"name\":\"Home\",\"item\":\"https:\/\/test-www.odiseja.com\/sl\/\"},{\"@type\":\"ListItem\",\"position\":2,\"name\":\"Najem dvoran\"}]},{\"@type\":\"WebSite\",\"@id\":\"https:\/\/test-www.odiseja.com\/sl\/#website\",\"url\":\"https:\/\/test-www.odiseja.com\/sl\/\",\"name\":\"Odisejada DEV\",\"description\":\"\",\"potentialAction\":[{\"@type\":\"SearchAction\",\"target\":{\"@type\":\"EntryPoint\",\"urlTemplate\":\"https:\/\/test-www.odiseja.com\/sl\/?s={search_term_string}\"},\"query-input\":\"required name=search_term_string\"}],\"inLanguage\":\"sl-SI\"}]}<\/script>\n<!-- \/ Yoast SEO plugin. -->","yoast_head_json":{"title":"Najem dvoran | Odiseja Ljubljana","description":"Organizirajte dogodek v sodobno opremljenih dvoranah Odiseje \u2013 za zasebna in poslovna sre\u010danja.","robots":{"index":"index","follow":"follow","max-snippet":"max-snippet:-1","max-image-preview":"max-image-preview:large","max-video-preview":"max-video-preview:-1"},"canonical":"https:\/\/test-www.odiseja.com\/sl\/najem-dvoran\/","og_locale":"sl_SI","og_type":"article","og_title":"Najem dvoran | Odiseja Ljubljana","og_description":"Organizirajte dogodek v sodobno opremljenih dvoranah Odiseje \u2013 za zasebna in poslovna sre\u010danja.","og_url":"https:\/\/test-www.odiseja.com\/sl\/najem-dvoran\/","og_site_name":"Odisejada","article_modified_time":"2025-07-17T14:00:59+00:00","twitter_card":"summary_large_image","twitter_misc":{"Est. reading time":"3 minutes"},"schema":{"@context":"https:\/\/schema.org","@graph":[{"@type":"WebPage","@id":"https:\/\/test-www.odiseja.com\/sl\/najem-dvoran\/","url":"https:\/\/test-www.odiseja.com\/sl\/najem-dvoran\/","name":"Najem dvoran | Odiseja Ljubljana","isPartOf":{"@id":"https:\/\/test-www.odiseja.com\/sl\/#website"},"datePublished":"2025-05-28T09:52:28+00:00","dateModified":"2025-07-17T14:00:59+00:00","description":"Organizirajte dogodek v sodobno opremljenih dvoranah Odiseje \u2013 za zasebna in poslovna sre\u010danja.","breadcrumb":{"@id":"https:\/\/test-www.odiseja.com\/sl\/najem-dvoran\/#breadcrumb"},"inLanguage":"sl-SI","potentialAction":[{"@type":"ReadAction","target":["https:\/\/test-www.odiseja.com\/sl\/najem-dvoran\/"]}]},{"@type":"BreadcrumbList","@id":"https:\/\/test-www.odiseja.com\/sl\/najem-dvoran\/#breadcrumb","itemListElement":[{"@type":"ListItem","position":1,"name":"Home","item":"https:\/\/test-www.odiseja.com\/sl\/"},{"@type":"ListItem","position":2,"name":"Najem dvoran"}]},{"@type":"WebSite","@id":"https:\/\/test-www.odiseja.com\/sl\/#website","url":"https:\/\/test-www.odiseja.com\/sl\/","name":"Odisejada DEV","description":"","potentialAction":[{"@type":"SearchAction","target":{"@type":"EntryPoint","urlTemplate":"https:\/\/test-www.odiseja.com\/sl\/?s={search_term_string}"},"query-input":"required name=search_term_string"}],"inLanguage":"sl-SI"}]}},"_links":{"self":[{"href":"https:\/\/test-www.odiseja.com\/sl\/wp-json\/wp\/v2\/pages\/4117"}],"collection":[{"href":"https:\/\/test-www.odiseja.com\/sl\/wp-json\/wp\/v2\/pages"}],"about":[{"href":"https:\/\/test-www.odiseja.com\/sl\/wp-json\/wp\/v2\/types\/page"}],"author":[{"embeddable":true,"href":"https:\/\/test-www.odiseja.com\/sl\/wp-json\/wp\/v2\/users\/5"}],"replies":[{"embeddable":true,"href":"https:\/\/test-www.odiseja.com\/sl\/wp-json\/wp\/v2\/comments?post=4117"}],"version-history":[{"count":46,"href":"https:\/\/test-www.odiseja.com\/sl\/wp-json\/wp\/v2\/pages\/4117\/revisions"}],"predecessor-version":[{"id":5963,"href":"https:\/\/test-www.odiseja.com\/sl\/wp-json\/wp\/v2\/pages\/4117\/revisions\/5963"}],"wp:attachment":[{"href":"https:\/\/test-www.odiseja.com\/sl\/wp-json\/wp\/v2\/media?parent=4117"}],"curies":[{"name":"wp","href":"https:\/\/api.w.org\/{rel}","templated":true}]}}