{"id":4137,"date":"2025-05-28T09:58:10","date_gmt":"2025-05-28T09:58:10","guid":{"rendered":"https:\/\/test-www.odiseja.com\/?page_id=4137"},"modified":"2025-06-18T15:15:17","modified_gmt":"2025-06-18T13:15:17","slug":"oglasevanje","status":"publish","type":"page","link":"https:\/\/test-www.odiseja.com\/sl\/oglasevanje\/","title":{"rendered":"Ogla\u0161evanje"},"content":{"rendered":"\t\t<div data-elementor-type=\"wp-page\" data-elementor-id=\"4137\" class=\"elementor elementor-4137\" data-elementor-post-type=\"page\">\n\t\t\t\t<div class=\"elementor-element elementor-element-e66774f odiseja-page-header e-flex e-con-boxed e-con e-parent\" data-id=\"e66774f\" data-element_type=\"container\" data-settings=\"{&quot;background_background&quot;:&quot;classic&quot;}\">\n\t\t\t\t\t<div class=\"e-con-inner\">\n\t\t\t\t<div class=\"elementor-element elementor-element-6ab2fc7 elementor-widget elementor-widget-heading\" data-id=\"6ab2fc7\" data-element_type=\"widget\" data-widget_type=\"heading.default\">\n\t\t\t\t<div class=\"elementor-widget-container\">\n\t\t\t<style>\/*! elementor - v3.23.0 - 15-07-2024 *\/\n.elementor-heading-title{padding:0;margin:0;line-height:1}.elementor-widget-heading .elementor-heading-title[class*=elementor-size-]>a{color:inherit;font-size:inherit;line-height:inherit}.elementor-widget-heading .elementor-heading-title.elementor-size-small{font-size:15px}.elementor-widget-heading .elementor-heading-title.elementor-size-medium{font-size:19px}.elementor-widget-heading .elementor-heading-title.elementor-size-large{font-size:29px}.elementor-widget-heading .elementor-heading-title.elementor-size-xl{font-size:39px}.elementor-widget-heading .elementor-heading-title.elementor-size-xxl{font-size:59px}<\/style><h1 class=\"elementor-heading-title elementor-size-default\">Ogla\u0161evanje<\/h1>\t\t<\/div>\n\t\t\t\t<\/div>\n\t\t\t\t\t<\/div>\n\t\t\t\t<\/div>\n\t\t<div class=\"elementor-element elementor-element-bd25d35 e-flex e-con-boxed e-con e-parent\" data-id=\"bd25d35\" data-element_type=\"container\">\n\t\t\t\t\t<div class=\"e-con-inner\">\n\t\t\t\t<div class=\"elementor-element elementor-element-0211bc0 odiseja-body-text elementor-widget elementor-widget-text-editor\" data-id=\"0211bc0\" data-element_type=\"widget\" data-widget_type=\"text-editor.default\">\n\t\t\t\t<div class=\"elementor-widget-container\">\n\t\t\t<style>\/*! elementor - v3.23.0 - 15-07-2024 *\/\n.elementor-widget-text-editor.elementor-drop-cap-view-stacked .elementor-drop-cap{background-color:#69727d;color:#fff}.elementor-widget-text-editor.elementor-drop-cap-view-framed .elementor-drop-cap{color:#69727d;border:3px solid;background-color:transparent}.elementor-widget-text-editor:not(.elementor-drop-cap-view-default) .elementor-drop-cap{margin-top:8px}.elementor-widget-text-editor:not(.elementor-drop-cap-view-default) .elementor-drop-cap-letter{width:1em;height:1em}.elementor-widget-text-editor .elementor-drop-cap{float:left;text-align:center;line-height:1;font-size:50px}.elementor-widget-text-editor .elementor-drop-cap-letter{display:inline-block}<\/style>\t\t\t\t<p>Odiseja ni le center zabave, temve\u010d ponuja tudi najrazli\u010dnej\u0161e prilo\u017enosti za u\u010dinkovito ogla\u0161evanje in sodelovanje s podjetji.<br \/>Ponujamo \u0161irok nabor klasi\u010dnih in digitalnih oglasnih formatov ter napredne kreativne re\u0161itve, prilagojene potrebam ogla\u0161evalcev, sponzorjev in poslovnih partnerjev.<\/p><h2><strong>Mo\u017enosti ogla\u0161evanja:<\/strong><\/h2>\t\t\t\t\t\t<\/div>\n\t\t\t\t<\/div>\n\t\t\t\t\t<\/div>\n\t\t\t\t<\/div>\n\t\t<div class=\"elementor-element elementor-element-4053845 e-grid e-con-boxed e-con e-parent\" data-id=\"4053845\" data-element_type=\"container\">\n\t\t\t\t\t<div class=\"e-con-inner\">\n\t\t<div class=\"elementor-element elementor-element-f7110ce e-con-full e-flex e-con e-child\" data-id=\"f7110ce\" data-element_type=\"container\">\n\t\t\t\t<div class=\"elementor-element elementor-element-5895cfd elementor-widget elementor-widget-image\" data-id=\"5895cfd\" data-element_type=\"widget\" data-widget_type=\"image.default\">\n\t\t\t\t<div class=\"elementor-widget-container\">\n\t\t\t\t\t\t\t\t\t\t\t\t\t<img decoding=\"async\" width=\"92\" height=\"66\" src=\"https:\/\/test-www.odiseja.com\/app\/uploads\/2025\/05\/Layer_1-4.svg\" class=\"attachment-large size-large wp-image-4153\" alt=\"\" \/>\t\t\t\t\t\t\t\t\t\t\t\t\t<\/div>\n\t\t\t\t<\/div>\n\t\t\t\t<div class=\"elementor-element elementor-element-2ba7690 odiseja-body-text h-cut-margins elementor-widget elementor-widget-text-editor\" data-id=\"2ba7690\" data-element_type=\"widget\" data-widget_type=\"text-editor.default\">\n\t\t\t\t<div class=\"elementor-widget-container\">\n\t\t\t\t\t\t\t<p style=\"text-align: center;\"><strong>LED ZASLONI<br \/><\/strong><span style=\"color: #00a1b1; font-size: 16px;\">&#8211; zunanji in notranji<\/span><\/p>\t\t\t\t\t\t<\/div>\n\t\t\t\t<\/div>\n\t\t\t\t<\/div>\n\t\t<div class=\"elementor-element elementor-element-43d8826 e-con-full e-flex e-con e-child\" data-id=\"43d8826\" data-element_type=\"container\">\n\t\t\t\t<div class=\"elementor-element elementor-element-5d44fe6 elementor-widget elementor-widget-image\" data-id=\"5d44fe6\" data-element_type=\"widget\" data-widget_type=\"image.default\">\n\t\t\t\t<div class=\"elementor-widget-container\">\n\t\t\t\t\t\t\t\t\t\t\t\t\t<img decoding=\"async\" width=\"95\" height=\"68\" src=\"https:\/\/test-www.odiseja.com\/app\/uploads\/2025\/05\/Group-642-1.svg\" class=\"attachment-large size-large wp-image-4151\" alt=\"\" \/>\t\t\t\t\t\t\t\t\t\t\t\t\t<\/div>\n\t\t\t\t<\/div>\n\t\t\t\t<div class=\"elementor-element elementor-element-0cb0442 odiseja-body-text h-cut-margins elementor-widget elementor-widget-text-editor\" data-id=\"0cb0442\" data-element_type=\"widget\" data-widget_type=\"text-editor.default\">\n\t\t\t\t<div class=\"elementor-widget-container\">\n\t\t\t\t\t\t\t<p style=\"text-align: center;\"><strong>VIDEO OGLASI<br \/><\/strong><span style=\"color: #00a1b1; font-size: 16px;\">\u2013 predvajanje na kino platnih \u2028v 11-ih dvoranah<\/span><\/p>\t\t\t\t\t\t<\/div>\n\t\t\t\t<\/div>\n\t\t\t\t<\/div>\n\t\t<div class=\"elementor-element elementor-element-8c4f21b e-con-full e-flex e-con e-child\" data-id=\"8c4f21b\" data-element_type=\"container\">\n\t\t\t\t<div class=\"elementor-element elementor-element-320c356 elementor-widget elementor-widget-image\" data-id=\"320c356\" data-element_type=\"widget\" data-widget_type=\"image.default\">\n\t\t\t\t<div class=\"elementor-widget-container\">\n\t\t\t\t\t\t\t\t\t\t\t\t\t<img decoding=\"async\" width=\"88\" height=\"60\" src=\"https:\/\/test-www.odiseja.com\/app\/uploads\/2025\/05\/Group-641.svg\" class=\"attachment-large size-large wp-image-4149\" alt=\"\" \/>\t\t\t\t\t\t\t\t\t\t\t\t\t<\/div>\n\t\t\t\t<\/div>\n\t\t\t\t<div class=\"elementor-element elementor-element-b20a921 odiseja-body-text h-cut-margins elementor-widget elementor-widget-text-editor\" data-id=\"b20a921\" data-element_type=\"widget\" data-widget_type=\"text-editor.default\">\n\t\t\t\t<div class=\"elementor-widget-container\">\n\t\t\t\t\t\t\t<p style=\"text-align: center;\"><strong>DIGITALNO OGLA\u0160EVANJE<br \/><\/strong><span style=\"color: #00a1b1; font-size: 16px;\">&#8211; izpostavitev na na\u0161i spletni strani<\/span><\/p>\t\t\t\t\t\t<\/div>\n\t\t\t\t<\/div>\n\t\t\t\t<\/div>\n\t\t<div class=\"elementor-element elementor-element-ee5412e e-con-full e-flex e-con e-child\" data-id=\"ee5412e\" data-element_type=\"container\">\n\t\t\t\t<div class=\"elementor-element elementor-element-b62c0b6 elementor-widget elementor-widget-image\" data-id=\"b62c0b6\" data-element_type=\"widget\" data-widget_type=\"image.default\">\n\t\t\t\t<div class=\"elementor-widget-container\">\n\t\t\t\t\t\t\t\t\t\t\t\t\t<img loading=\"lazy\" decoding=\"async\" width=\"86\" height=\"59\" src=\"https:\/\/test-www.odiseja.com\/app\/uploads\/2025\/05\/Layer_1-5.svg\" class=\"attachment-large size-large wp-image-4147\" alt=\"\" \/>\t\t\t\t\t\t\t\t\t\t\t\t\t<\/div>\n\t\t\t\t<\/div>\n\t\t\t\t<div class=\"elementor-element elementor-element-cbca532 odiseja-body-text h-cut-margins elementor-widget elementor-widget-text-editor\" data-id=\"cbca532\" data-element_type=\"widget\" data-widget_type=\"text-editor.default\">\n\t\t\t\t<div class=\"elementor-widget-container\">\n\t\t\t\t\t\t\t<p style=\"text-align: center;\"><strong>BRANDIRANJE<br \/><\/strong><span style=\"color: #00a1b1; font-size: 16px;\">\u2013 dvoran, vstopnic in embala\u017ee za pokovko;<\/span><\/p>\t\t\t\t\t\t<\/div>\n\t\t\t\t<\/div>\n\t\t\t\t<\/div>\n\t\t<div class=\"elementor-element elementor-element-5b77236 e-con-full e-flex e-con e-child\" data-id=\"5b77236\" data-element_type=\"container\">\n\t\t\t\t<div class=\"elementor-element elementor-element-f992d70 elementor-widget elementor-widget-image\" data-id=\"f992d70\" data-element_type=\"widget\" data-widget_type=\"image.default\">\n\t\t\t\t<div class=\"elementor-widget-container\">\n\t\t\t\t\t\t\t\t\t\t\t\t\t<img loading=\"lazy\" decoding=\"async\" width=\"73\" height=\"72\" src=\"https:\/\/test-www.odiseja.com\/app\/uploads\/2025\/05\/Layer_1-6.svg\" class=\"attachment-large size-large wp-image-4145\" alt=\"\" \/>\t\t\t\t\t\t\t\t\t\t\t\t\t<\/div>\n\t\t\t\t<\/div>\n\t\t\t\t<div class=\"elementor-element elementor-element-71b4f9a odiseja-body-text h-cut-margins elementor-widget elementor-widget-text-editor\" data-id=\"71b4f9a\" data-element_type=\"widget\" data-widget_type=\"text-editor.default\">\n\t\t\t\t<div class=\"elementor-widget-container\">\n\t\t\t\t\t\t\t<p style=\"text-align: center;\"><strong>AKTIVACIJE in IZPOSTAVITVE<br \/><\/strong><span style=\"color: #00a1b1; font-size: 16px;\">\u2013 nagradne igre, promocijsko ume\u0161\u010danje izdelkov, ipd.<\/span><\/p>\t\t\t\t\t\t<\/div>\n\t\t\t\t<\/div>\n\t\t\t\t<\/div>\n\t\t<div class=\"elementor-element elementor-element-944e49b e-con-full e-flex e-con e-child\" data-id=\"944e49b\" data-element_type=\"container\">\n\t\t\t\t<div class=\"elementor-element elementor-element-cb28d0c elementor-widget elementor-widget-image\" data-id=\"cb28d0c\" data-element_type=\"widget\" data-widget_type=\"image.default\">\n\t\t\t\t<div class=\"elementor-widget-container\">\n\t\t\t\t\t\t\t\t\t\t\t\t\t<img loading=\"lazy\" decoding=\"async\" width=\"75\" height=\"68\" src=\"https:\/\/test-www.odiseja.com\/app\/uploads\/2025\/05\/Layer_1-7.svg\" class=\"attachment-large size-large wp-image-4143\" alt=\"\" \/>\t\t\t\t\t\t\t\t\t\t\t\t\t<\/div>\n\t\t\t\t<\/div>\n\t\t\t\t<div class=\"elementor-element elementor-element-67d64a7 odiseja-body-text h-cut-margins elementor-widget elementor-widget-text-editor\" data-id=\"67d64a7\" data-element_type=\"widget\" data-widget_type=\"text-editor.default\">\n\t\t\t\t<div class=\"elementor-widget-container\">\n\t\t\t\t\t\t\t<p style=\"text-align: center;\"><strong>SPONZORSTVA<br><\/strong><span style=\"color: #00a1b1; font-size: 16px;\">&#8211; koncerti, gledali\u0161ke predstave, tematski dogodki, generalno sponzorstvo, ipd.<\/span><\/p>\t\t\t\t\t\t<\/div>\n\t\t\t\t<\/div>\n\t\t\t\t<\/div>\n\t\t\t\t\t<\/div>\n\t\t\t\t<\/div>\n\t\t<div class=\"elementor-element elementor-element-cd48800 e-flex e-con-boxed e-con e-parent\" data-id=\"cd48800\" data-element_type=\"container\">\n\t\t\t\t\t<div class=\"e-con-inner\">\n\t\t\t\t<div class=\"elementor-element elementor-element-336f361 odiseja-body-text-small elementor-widget elementor-widget-text-editor\" data-id=\"336f361\" data-element_type=\"widget\" data-widget_type=\"text-editor.default\">\n\t\t\t\t<div class=\"elementor-widget-container\">\n\t\t\t\t\t\t\t<p>Za cenik posameznih oglasnih postavk nam pi\u0161ite na <a href=\"mailto:oglasevanje@odiseja.si\">oglasevanje@odiseja.si<\/a><\/p>\t\t\t\t\t\t<\/div>\n\t\t\t\t<\/div>\n\t\t\t\t\t<\/div>\n\t\t\t\t<\/div>\n\t\t<div class=\"elementor-element elementor-element-e7d4431 e-flex e-con-boxed e-con e-parent\" data-id=\"e7d4431\" data-element_type=\"container\">\n\t\t\t\t\t<div class=\"e-con-inner\">\n\t\t<div class=\"elementor-element elementor-element-9ff0281 e-con-full e-flex e-con e-child\" data-id=\"9ff0281\" data-element_type=\"container\" data-settings=\"{&quot;background_background&quot;:&quot;classic&quot;}\">\n\t\t\t\t<div class=\"elementor-element elementor-element-2581dab elementor-widget__width-initial elementor-widget elementor-widget-heading\" data-id=\"2581dab\" data-element_type=\"widget\" data-widget_type=\"heading.default\">\n\t\t\t\t<div class=\"elementor-widget-container\">\n\t\t\t<h2 class=\"elementor-heading-title elementor-size-default\">Verjamemo, da lahko skupaj ustvarimo \nedinstvene in nepozabne ogla\u0161evalske kampanje!<\/h2>\t\t<\/div>\n\t\t\t\t<\/div>\n\t\t\t\t<div class=\"elementor-element elementor-element-39eaef0 elementor-widget elementor-widget-button\" data-id=\"39eaef0\" data-element_type=\"widget\" data-widget_type=\"button.default\">\n\t\t\t\t<div class=\"elementor-widget-container\">\n\t\t\t\t\t<div class=\"elementor-button-wrapper\">\n\t\t\t<a class=\"elementor-button elementor-button-link elementor-size-sm\" href=\"mailto:oglasevanje@odiseja.si\">\n\t\t\t\t\t\t<span class=\"elementor-button-content-wrapper\">\n\t\t\t\t\t\t\t\t\t<span class=\"elementor-button-text\">Kontaktirajte nas<\/span>\n\t\t\t\t\t<\/span>\n\t\t\t\t\t<\/a>\n\t\t<\/div>\n\t\t\t\t<\/div>\n\t\t\t\t<\/div>\n\t\t\t\t<\/div>\n\t\t\t\t\t<\/div>\n\t\t\t\t<\/div>\n\t\t<div class=\"elementor-element elementor-element-74cb6fd e-flex e-con-boxed e-con e-parent\" data-id=\"74cb6fd\" data-element_type=\"container\">\n\t\t\t\t\t<div class=\"e-con-inner\">\n\t\t\t\t<div class=\"elementor-element elementor-element-f2d0a01 elementor-widget elementor-widget-spacer\" data-id=\"f2d0a01\" data-element_type=\"widget\" data-widget_type=\"spacer.default\">\n\t\t\t\t<div class=\"elementor-widget-container\">\n\t\t\t<style>\/*! elementor - v3.23.0 - 15-07-2024 *\/\n.elementor-column .elementor-spacer-inner{height:var(--spacer-size)}.e-con{--container-widget-width:100%}.e-con-inner>.elementor-widget-spacer,.e-con>.elementor-widget-spacer{width:var(--container-widget-width,var(--spacer-size));--align-self:var(--container-widget-align-self,initial);--flex-shrink:0}.e-con-inner>.elementor-widget-spacer>.elementor-widget-container,.e-con>.elementor-widget-spacer>.elementor-widget-container{height:100%;width:100%}.e-con-inner>.elementor-widget-spacer>.elementor-widget-container>.elementor-spacer,.e-con>.elementor-widget-spacer>.elementor-widget-container>.elementor-spacer{height:100%}.e-con-inner>.elementor-widget-spacer>.elementor-widget-container>.elementor-spacer>.elementor-spacer-inner,.e-con>.elementor-widget-spacer>.elementor-widget-container>.elementor-spacer>.elementor-spacer-inner{height:var(--container-widget-height,var(--spacer-size))}.e-con-inner>.elementor-widget-spacer.elementor-widget-empty,.e-con>.elementor-widget-spacer.elementor-widget-empty{position:relative;min-height:22px;min-width:22px}.e-con-inner>.elementor-widget-spacer.elementor-widget-empty .elementor-widget-empty-icon,.e-con>.elementor-widget-spacer.elementor-widget-empty .elementor-widget-empty-icon{position:absolute;top:0;bottom:0;left:0;right:0;margin:auto;padding:0;width:22px;height:22px}<\/style>\t\t<div class=\"elementor-spacer\">\n\t\t\t<div class=\"elementor-spacer-inner\"><\/div>\n\t\t<\/div>\n\t\t\t\t<\/div>\n\t\t\t\t<\/div>\n\t\t\t\t\t<\/div>\n\t\t\t\t<\/div>\n\t\t\t\t<\/div>\n\t\t","protected":false},"excerpt":{"rendered":"<p>Ogla\u0161evanje Odiseja ni le center zabave, temve\u010d ponuja tudi najrazli\u010dnej\u0161e prilo\u017enosti za u\u010dinkovito ogla\u0161evanje in sodelovanje s podjetji.Ponujamo \u0161irok nabor klasi\u010dnih in digitalnih oglasnih formatov ter napredne kreativne re\u0161itve, prilagojene potrebam ogla\u0161evalcev, sponzorjev in poslovnih partnerjev. Mo\u017enosti ogla\u0161evanja: LED ZASLONI&#8211; zunanji in notranji VIDEO OGLASI\u2013 predvajanje na kino platnih \u2028v 11-ih dvoranah DIGITALNO OGLA\u0160EVANJE&#8211; izpostavitev [&hellip;]<\/p>\n","protected":false},"author":5,"featured_media":0,"parent":0,"menu_order":0,"comment_status":"closed","ping_status":"closed","template":"","meta":{"_acf_changed":false,"footnotes":""},"acf":[],"yoast_head":"<!-- This site is optimized with the Yoast SEO plugin v23.0 - https:\/\/yoast.com\/wordpress\/plugins\/seo\/ -->\n<title>Ogla\u0161evanje | Odiseja Ljubljana<\/title>\n<meta name=\"description\" content=\"Predstavite se v Odiseji \u2013 ogla\u0161evanje v prostorih z visoko obiskanostjo.\" \/>\n<meta name=\"robots\" content=\"index, follow, max-snippet:-1, max-image-preview:large, max-video-preview:-1\" \/>\n<link rel=\"canonical\" href=\"https:\/\/test-www.odiseja.com\/sl\/oglasevanje\/\" \/>\n<meta property=\"og:locale\" content=\"sl_SI\" \/>\n<meta property=\"og:type\" content=\"article\" \/>\n<meta property=\"og:title\" content=\"Ogla\u0161evanje | Odiseja Ljubljana\" \/>\n<meta property=\"og:description\" content=\"Predstavite se v Odiseji \u2013 ogla\u0161evanje v prostorih z visoko obiskanostjo.\" \/>\n<meta property=\"og:url\" content=\"https:\/\/test-www.odiseja.com\/sl\/oglasevanje\/\" \/>\n<meta property=\"og:site_name\" content=\"Odisejada\" \/>\n<meta property=\"article:modified_time\" content=\"2025-06-18T13:15:17+00:00\" \/>\n<meta property=\"og:image\" content=\"https:\/\/test-www.odiseja.com\/app\/uploads\/2025\/05\/Layer_1-4.svg\" \/>\n<meta name=\"twitter:card\" content=\"summary_large_image\" \/>\n<meta name=\"twitter:label1\" content=\"Est. reading time\" \/>\n\t<meta name=\"twitter:data1\" content=\"2 minutes\" \/>\n<script type=\"application\/ld+json\" class=\"yoast-schema-graph\">{\"@context\":\"https:\/\/schema.org\",\"@graph\":[{\"@type\":\"WebPage\",\"@id\":\"https:\/\/test-www.odiseja.com\/sl\/oglasevanje\/\",\"url\":\"https:\/\/test-www.odiseja.com\/sl\/oglasevanje\/\",\"name\":\"Ogla\u0161evanje | Odiseja Ljubljana\",\"isPartOf\":{\"@id\":\"https:\/\/test-www.odiseja.com\/sl\/#website\"},\"primaryImageOfPage\":{\"@id\":\"https:\/\/test-www.odiseja.com\/sl\/oglasevanje\/#primaryimage\"},\"image\":{\"@id\":\"https:\/\/test-www.odiseja.com\/sl\/oglasevanje\/#primaryimage\"},\"thumbnailUrl\":\"https:\/\/test-www.odiseja.com\/app\/uploads\/2025\/05\/Layer_1-4.svg\",\"datePublished\":\"2025-05-28T09:58:10+00:00\",\"dateModified\":\"2025-06-18T13:15:17+00:00\",\"description\":\"Predstavite se v Odiseji \u2013 ogla\u0161evanje v prostorih z visoko obiskanostjo.\",\"breadcrumb\":{\"@id\":\"https:\/\/test-www.odiseja.com\/sl\/oglasevanje\/#breadcrumb\"},\"inLanguage\":\"sl-SI\",\"potentialAction\":[{\"@type\":\"ReadAction\",\"target\":[\"https:\/\/test-www.odiseja.com\/sl\/oglasevanje\/\"]}]},{\"@type\":\"ImageObject\",\"inLanguage\":\"sl-SI\",\"@id\":\"https:\/\/test-www.odiseja.com\/sl\/oglasevanje\/#primaryimage\",\"url\":\"https:\/\/test-www.odiseja.com\/app\/uploads\/2025\/05\/Layer_1-4.svg\",\"contentUrl\":\"https:\/\/test-www.odiseja.com\/app\/uploads\/2025\/05\/Layer_1-4.svg\"},{\"@type\":\"BreadcrumbList\",\"@id\":\"https:\/\/test-www.odiseja.com\/sl\/oglasevanje\/#breadcrumb\",\"itemListElement\":[{\"@type\":\"ListItem\",\"position\":1,\"name\":\"Home\",\"item\":\"https:\/\/test-www.odiseja.com\/sl\/\"},{\"@type\":\"ListItem\",\"position\":2,\"name\":\"Ogla\u0161evanje\"}]},{\"@type\":\"WebSite\",\"@id\":\"https:\/\/test-www.odiseja.com\/sl\/#website\",\"url\":\"https:\/\/test-www.odiseja.com\/sl\/\",\"name\":\"Odisejada DEV\",\"description\":\"\",\"potentialAction\":[{\"@type\":\"SearchAction\",\"target\":{\"@type\":\"EntryPoint\",\"urlTemplate\":\"https:\/\/test-www.odiseja.com\/sl\/?s={search_term_string}\"},\"query-input\":\"required name=search_term_string\"}],\"inLanguage\":\"sl-SI\"}]}<\/script>\n<!-- \/ Yoast SEO plugin. -->","yoast_head_json":{"title":"Ogla\u0161evanje | Odiseja Ljubljana","description":"Predstavite se v Odiseji \u2013 ogla\u0161evanje v prostorih z visoko obiskanostjo.","robots":{"index":"index","follow":"follow","max-snippet":"max-snippet:-1","max-image-preview":"max-image-preview:large","max-video-preview":"max-video-preview:-1"},"canonical":"https:\/\/test-www.odiseja.com\/sl\/oglasevanje\/","og_locale":"sl_SI","og_type":"article","og_title":"Ogla\u0161evanje | Odiseja Ljubljana","og_description":"Predstavite se v Odiseji \u2013 ogla\u0161evanje v prostorih z visoko obiskanostjo.","og_url":"https:\/\/test-www.odiseja.com\/sl\/oglasevanje\/","og_site_name":"Odisejada","article_modified_time":"2025-06-18T13:15:17+00:00","og_image":[{"url":"https:\/\/test-www.odiseja.com\/app\/uploads\/2025\/05\/Layer_1-4.svg"}],"twitter_card":"summary_large_image","twitter_misc":{"Est. reading time":"2 minutes"},"schema":{"@context":"https:\/\/schema.org","@graph":[{"@type":"WebPage","@id":"https:\/\/test-www.odiseja.com\/sl\/oglasevanje\/","url":"https:\/\/test-www.odiseja.com\/sl\/oglasevanje\/","name":"Ogla\u0161evanje | Odiseja Ljubljana","isPartOf":{"@id":"https:\/\/test-www.odiseja.com\/sl\/#website"},"primaryImageOfPage":{"@id":"https:\/\/test-www.odiseja.com\/sl\/oglasevanje\/#primaryimage"},"image":{"@id":"https:\/\/test-www.odiseja.com\/sl\/oglasevanje\/#primaryimage"},"thumbnailUrl":"https:\/\/test-www.odiseja.com\/app\/uploads\/2025\/05\/Layer_1-4.svg","datePublished":"2025-05-28T09:58:10+00:00","dateModified":"2025-06-18T13:15:17+00:00","description":"Predstavite se v Odiseji \u2013 ogla\u0161evanje v prostorih z visoko obiskanostjo.","breadcrumb":{"@id":"https:\/\/test-www.odiseja.com\/sl\/oglasevanje\/#breadcrumb"},"inLanguage":"sl-SI","potentialAction":[{"@type":"ReadAction","target":["https:\/\/test-www.odiseja.com\/sl\/oglasevanje\/"]}]},{"@type":"ImageObject","inLanguage":"sl-SI","@id":"https:\/\/test-www.odiseja.com\/sl\/oglasevanje\/#primaryimage","url":"https:\/\/test-www.odiseja.com\/app\/uploads\/2025\/05\/Layer_1-4.svg","contentUrl":"https:\/\/test-www.odiseja.com\/app\/uploads\/2025\/05\/Layer_1-4.svg"},{"@type":"BreadcrumbList","@id":"https:\/\/test-www.odiseja.com\/sl\/oglasevanje\/#breadcrumb","itemListElement":[{"@type":"ListItem","position":1,"name":"Home","item":"https:\/\/test-www.odiseja.com\/sl\/"},{"@type":"ListItem","position":2,"name":"Ogla\u0161evanje"}]},{"@type":"WebSite","@id":"https:\/\/test-www.odiseja.com\/sl\/#website","url":"https:\/\/test-www.odiseja.com\/sl\/","name":"Odisejada DEV","description":"","potentialAction":[{"@type":"SearchAction","target":{"@type":"EntryPoint","urlTemplate":"https:\/\/test-www.odiseja.com\/sl\/?s={search_term_string}"},"query-input":"required name=search_term_string"}],"inLanguage":"sl-SI"}]}},"_links":{"self":[{"href":"https:\/\/test-www.odiseja.com\/sl\/wp-json\/wp\/v2\/pages\/4137"}],"collection":[{"href":"https:\/\/test-www.odiseja.com\/sl\/wp-json\/wp\/v2\/pages"}],"about":[{"href":"https:\/\/test-www.odiseja.com\/sl\/wp-json\/wp\/v2\/types\/page"}],"author":[{"embeddable":true,"href":"https:\/\/test-www.odiseja.com\/sl\/wp-json\/wp\/v2\/users\/5"}],"replies":[{"embeddable":true,"href":"https:\/\/test-www.odiseja.com\/sl\/wp-json\/wp\/v2\/comments?post=4137"}],"version-history":[{"count":37,"href":"https:\/\/test-www.odiseja.com\/sl\/wp-json\/wp\/v2\/pages\/4137\/revisions"}],"predecessor-version":[{"id":5597,"href":"https:\/\/test-www.odiseja.com\/sl\/wp-json\/wp\/v2\/pages\/4137\/revisions\/5597"}],"wp:attachment":[{"href":"https:\/\/test-www.odiseja.com\/sl\/wp-json\/wp\/v2\/media?parent=4137"}],"curies":[{"name":"wp","href":"https:\/\/api.w.org\/{rel}","templated":true}]}}