{"id":4403,"date":"2025-05-29T09:22:10","date_gmt":"2025-05-29T09:22:10","guid":{"rendered":"https:\/\/test-www.odiseja.com\/?page_id=4403"},"modified":"2025-06-10T17:23:57","modified_gmt":"2025-06-10T15:23:57","slug":"za-druzine-gledalisce","status":"publish","type":"page","link":"https:\/\/test-www.odiseja.com\/sl\/za-druzine-gledalisce\/","title":{"rendered":"Za dru\u017eine &#8211; Gledali\u0161\u010de"},"content":{"rendered":"\t\t<div data-elementor-type=\"wp-page\" data-elementor-id=\"4403\" class=\"elementor elementor-4403\" data-elementor-post-type=\"page\">\n\t\t\t\t<div class=\"elementor-element elementor-element-9c951fb odiseja-page-header e-flex e-con-boxed e-con e-parent\" data-id=\"9c951fb\" data-element_type=\"container\" data-settings=\"{&quot;background_background&quot;:&quot;classic&quot;}\">\n\t\t\t\t\t<div class=\"e-con-inner\">\n\t\t\t\t<div class=\"elementor-element elementor-element-8b26419 elementor-widget elementor-widget-heading\" data-id=\"8b26419\" data-element_type=\"widget\" data-widget_type=\"heading.default\">\n\t\t\t\t<div class=\"elementor-widget-container\">\n\t\t\t<style>\/*! elementor - v3.23.0 - 15-07-2024 *\/\n.elementor-heading-title{padding:0;margin:0;line-height:1}.elementor-widget-heading .elementor-heading-title[class*=elementor-size-]>a{color:inherit;font-size:inherit;line-height:inherit}.elementor-widget-heading .elementor-heading-title.elementor-size-small{font-size:15px}.elementor-widget-heading .elementor-heading-title.elementor-size-medium{font-size:19px}.elementor-widget-heading .elementor-heading-title.elementor-size-large{font-size:29px}.elementor-widget-heading .elementor-heading-title.elementor-size-xl{font-size:39px}.elementor-widget-heading .elementor-heading-title.elementor-size-xxl{font-size:59px}<\/style><h1 class=\"elementor-heading-title elementor-size-default\">Na sporedu<\/h1>\t\t<\/div>\n\t\t\t\t<\/div>\n\t\t\t\t\t<\/div>\n\t\t\t\t<\/div>\n\t\t<div class=\"elementor-element elementor-element-4fe4d16 e-flex e-con-boxed e-con e-parent\" data-id=\"4fe4d16\" data-element_type=\"container\">\n\t\t\t\t\t<div class=\"e-con-inner\">\n\t\t\t\t<div class=\"elementor-element elementor-element-c46847d elementor-widget elementor-widget-shortcode\" data-id=\"c46847d\" data-element_type=\"widget\" data-widget_type=\"shortcode.default\">\n\t\t\t\t<div class=\"elementor-widget-container\">\n\t\t\t\t\t<div class=\"elementor-shortcode\"><!-- HFCM by 99 Robots - Snippet # 3: Remove Prvi Lounge \/ First -->\n<style>\r\n\t\r\n.filter-top button:nth-of-type(5) {\r\n  display: none !important;\r\n}\r\n.d-flex.justify-content-center.d-lg-none button:nth-of-type(5) {\r\n  display: none !important;\r\n}\r\n\t\r\n\t\r\n.filter-top button:nth-of-type(4) {\r\n  display: none !important;\r\n}\r\n.d-flex.justify-content-center.d-lg-none button:nth-of-type(4) {\r\n  display: none !important;\r\n}\r\n\t\r\n\t.filter-top button:nth-of-type(3) {\r\n  display: none !important;\r\n}\r\n.d-flex.justify-content-center.d-lg-none button:nth-of-type(3) {\r\n  display: none !important;\r\n}\r\n\t\r\n<\/style>\n<!-- \/end HFCM by 99 Robots -->\n<\/div>\n\t\t\t\t<\/div>\n\t\t\t\t<\/div>\n\t\t\t\t<div class=\"elementor-element elementor-element-e183fcb elementor-widget elementor-widget-daily-program\" data-id=\"e183fcb\" data-element_type=\"widget\" data-widget_type=\"daily-program.default\">\n\t\t\t\t<div class=\"elementor-widget-container\">\n\t\t\t<pc-size-detector><\/pc-size-detector><daily-program class=\"loading-component\" categories=\"\" shuffle=\"prepend\" options='{\"showFilters\": true, \"showScreenFeature\": true, \"showAgeRating\": true, \"showAgeRatingAsIcon\": false, \"showDescription\": true, \"showCast\": true, \"showDuration\": true, \"multipleDays\": false, \"multipleDaysQuantity\": 0, \"showMultipleDaysDateRange\": false, \"showTags\": false, \"tagsToShow\": [], \"filterOptions\": {\"showDatePanel\": true,\"showDateNavigation\": true,\"showMoreFilters\": true,\"showQuickFilters\": true,\"showLanguages\": true,\"showCinemas\": true,\"showGenres\": true,\"defaultCinemas\": [],\"defaultGenres\": [],\"availableQuickFilters\": [],\"defaultQuickFilters\": [],\"quickFiltersMode\": \"sum\",\"dynamicQuickFilters\": false,\"defaultTagGroups\": [],\"defaultTags\": [],\"availableTagGroups\": [],\"content\": \"all\",\"isTimeRange\": false,\"timeFrom\": \"\",\"timeTo\": \"\"},\"layout\":{\"mobile\":\"col2\",\"tablet\":\"col1\",\"desktop\":\"col2\"},\"groupingOrder\": [],\"screeningsGroupingLayout\": \"extended\", \"cardOptions\": {\"direction\": \"row\", \"imageToDisplay\": \"first\"}}'><\/daily-program>\t\t<\/div>\n\t\t\t\t<\/div>\n\t\t\t\t\t<\/div>\n\t\t\t\t<\/div>\n\t\t<div class=\"elementor-element elementor-element-f482493 e-flex e-con-boxed e-con e-parent\" data-id=\"f482493\" data-element_type=\"container\">\n\t\t\t\t\t<div class=\"e-con-inner\">\n\t\t\t\t<div class=\"elementor-element elementor-element-7dbe1b4 elementor-widget elementor-widget-spacer\" data-id=\"7dbe1b4\" data-element_type=\"widget\" data-widget_type=\"spacer.default\">\n\t\t\t\t<div class=\"elementor-widget-container\">\n\t\t\t<style>\/*! elementor - v3.23.0 - 15-07-2024 *\/\n.elementor-column .elementor-spacer-inner{height:var(--spacer-size)}.e-con{--container-widget-width:100%}.e-con-inner>.elementor-widget-spacer,.e-con>.elementor-widget-spacer{width:var(--container-widget-width,var(--spacer-size));--align-self:var(--container-widget-align-self,initial);--flex-shrink:0}.e-con-inner>.elementor-widget-spacer>.elementor-widget-container,.e-con>.elementor-widget-spacer>.elementor-widget-container{height:100%;width:100%}.e-con-inner>.elementor-widget-spacer>.elementor-widget-container>.elementor-spacer,.e-con>.elementor-widget-spacer>.elementor-widget-container>.elementor-spacer{height:100%}.e-con-inner>.elementor-widget-spacer>.elementor-widget-container>.elementor-spacer>.elementor-spacer-inner,.e-con>.elementor-widget-spacer>.elementor-widget-container>.elementor-spacer>.elementor-spacer-inner{height:var(--container-widget-height,var(--spacer-size))}.e-con-inner>.elementor-widget-spacer.elementor-widget-empty,.e-con>.elementor-widget-spacer.elementor-widget-empty{position:relative;min-height:22px;min-width:22px}.e-con-inner>.elementor-widget-spacer.elementor-widget-empty .elementor-widget-empty-icon,.e-con>.elementor-widget-spacer.elementor-widget-empty .elementor-widget-empty-icon{position:absolute;top:0;bottom:0;left:0;right:0;margin:auto;padding:0;width:22px;height:22px}<\/style>\t\t<div class=\"elementor-spacer\">\n\t\t\t<div class=\"elementor-spacer-inner\"><\/div>\n\t\t<\/div>\n\t\t\t\t<\/div>\n\t\t\t\t<\/div>\n\t\t\t\t\t<\/div>\n\t\t\t\t<\/div>\n\t\t\t\t<\/div>\n\t\t","protected":false},"excerpt":{"rendered":"<p>Na sporedu<\/p>\n","protected":false},"author":5,"featured_media":0,"parent":0,"menu_order":0,"comment_status":"closed","ping_status":"closed","template":"","meta":{"_acf_changed":false,"footnotes":""},"acf":[],"yoast_head":"<!-- This site is optimized with the Yoast SEO plugin v23.0 - https:\/\/yoast.com\/wordpress\/plugins\/seo\/ -->\n<title>Za dru\u017eine - Gledali\u0161\u010de | Odiseja Ljubljana<\/title>\n<meta name=\"description\" content=\"\u010carobne gledali\u0161ke predstave za otroke, primerne tudi za najmlaj\u0161e obiskovalce.\" \/>\n<meta name=\"robots\" content=\"index, follow, max-snippet:-1, max-image-preview:large, max-video-preview:-1\" \/>\n<link rel=\"canonical\" href=\"https:\/\/test-www.odiseja.com\/sl\/za-druzine-gledalisce\/\" \/>\n<meta property=\"og:locale\" content=\"sl_SI\" \/>\n<meta property=\"og:type\" content=\"article\" \/>\n<meta property=\"og:title\" content=\"Za dru\u017eine - Gledali\u0161\u010de | Odiseja Ljubljana\" \/>\n<meta property=\"og:description\" content=\"\u010carobne gledali\u0161ke predstave za otroke, primerne tudi za najmlaj\u0161e obiskovalce.\" \/>\n<meta property=\"og:url\" content=\"https:\/\/test-www.odiseja.com\/sl\/za-druzine-gledalisce\/\" \/>\n<meta property=\"og:site_name\" content=\"Odisejada\" \/>\n<meta property=\"article:modified_time\" content=\"2025-06-10T15:23:57+00:00\" \/>\n<meta name=\"twitter:card\" content=\"summary_large_image\" \/>\n<meta name=\"twitter:label1\" content=\"Est. reading time\" \/>\n\t<meta name=\"twitter:data1\" content=\"11 minutes\" \/>\n<script type=\"application\/ld+json\" class=\"yoast-schema-graph\">{\"@context\":\"https:\/\/schema.org\",\"@graph\":[{\"@type\":\"WebPage\",\"@id\":\"https:\/\/test-www.odiseja.com\/sl\/za-druzine-gledalisce\/\",\"url\":\"https:\/\/test-www.odiseja.com\/sl\/za-druzine-gledalisce\/\",\"name\":\"Za dru\u017eine - Gledali\u0161\u010de | Odiseja Ljubljana\",\"isPartOf\":{\"@id\":\"https:\/\/test-www.odiseja.com\/sl\/#website\"},\"datePublished\":\"2025-05-29T09:22:10+00:00\",\"dateModified\":\"2025-06-10T15:23:57+00:00\",\"description\":\"\u010carobne gledali\u0161ke predstave za otroke, primerne tudi za najmlaj\u0161e obiskovalce.\",\"breadcrumb\":{\"@id\":\"https:\/\/test-www.odiseja.com\/sl\/za-druzine-gledalisce\/#breadcrumb\"},\"inLanguage\":\"sl-SI\",\"potentialAction\":[{\"@type\":\"ReadAction\",\"target\":[\"https:\/\/test-www.odiseja.com\/sl\/za-druzine-gledalisce\/\"]}]},{\"@type\":\"BreadcrumbList\",\"@id\":\"https:\/\/test-www.odiseja.com\/sl\/za-druzine-gledalisce\/#breadcrumb\",\"itemListElement\":[{\"@type\":\"ListItem\",\"position\":1,\"name\":\"Home\",\"item\":\"https:\/\/test-www.odiseja.com\/sl\/\"},{\"@type\":\"ListItem\",\"position\":2,\"name\":\"Za dru\u017eine &#8211; Gledali\u0161\u010de\"}]},{\"@type\":\"WebSite\",\"@id\":\"https:\/\/test-www.odiseja.com\/sl\/#website\",\"url\":\"https:\/\/test-www.odiseja.com\/sl\/\",\"name\":\"Odisejada DEV\",\"description\":\"\",\"potentialAction\":[{\"@type\":\"SearchAction\",\"target\":{\"@type\":\"EntryPoint\",\"urlTemplate\":\"https:\/\/test-www.odiseja.com\/sl\/?s={search_term_string}\"},\"query-input\":\"required name=search_term_string\"}],\"inLanguage\":\"sl-SI\"}]}<\/script>\n<!-- \/ Yoast SEO plugin. -->","yoast_head_json":{"title":"Za dru\u017eine - Gledali\u0161\u010de | Odiseja Ljubljana","description":"\u010carobne gledali\u0161ke predstave za otroke, primerne tudi za najmlaj\u0161e obiskovalce.","robots":{"index":"index","follow":"follow","max-snippet":"max-snippet:-1","max-image-preview":"max-image-preview:large","max-video-preview":"max-video-preview:-1"},"canonical":"https:\/\/test-www.odiseja.com\/sl\/za-druzine-gledalisce\/","og_locale":"sl_SI","og_type":"article","og_title":"Za dru\u017eine - Gledali\u0161\u010de | Odiseja Ljubljana","og_description":"\u010carobne gledali\u0161ke predstave za otroke, primerne tudi za najmlaj\u0161e obiskovalce.","og_url":"https:\/\/test-www.odiseja.com\/sl\/za-druzine-gledalisce\/","og_site_name":"Odisejada","article_modified_time":"2025-06-10T15:23:57+00:00","twitter_card":"summary_large_image","twitter_misc":{"Est. reading time":"11 minutes"},"schema":{"@context":"https:\/\/schema.org","@graph":[{"@type":"WebPage","@id":"https:\/\/test-www.odiseja.com\/sl\/za-druzine-gledalisce\/","url":"https:\/\/test-www.odiseja.com\/sl\/za-druzine-gledalisce\/","name":"Za dru\u017eine - Gledali\u0161\u010de | Odiseja Ljubljana","isPartOf":{"@id":"https:\/\/test-www.odiseja.com\/sl\/#website"},"datePublished":"2025-05-29T09:22:10+00:00","dateModified":"2025-06-10T15:23:57+00:00","description":"\u010carobne gledali\u0161ke predstave za otroke, primerne tudi za najmlaj\u0161e obiskovalce.","breadcrumb":{"@id":"https:\/\/test-www.odiseja.com\/sl\/za-druzine-gledalisce\/#breadcrumb"},"inLanguage":"sl-SI","potentialAction":[{"@type":"ReadAction","target":["https:\/\/test-www.odiseja.com\/sl\/za-druzine-gledalisce\/"]}]},{"@type":"BreadcrumbList","@id":"https:\/\/test-www.odiseja.com\/sl\/za-druzine-gledalisce\/#breadcrumb","itemListElement":[{"@type":"ListItem","position":1,"name":"Home","item":"https:\/\/test-www.odiseja.com\/sl\/"},{"@type":"ListItem","position":2,"name":"Za dru\u017eine &#8211; Gledali\u0161\u010de"}]},{"@type":"WebSite","@id":"https:\/\/test-www.odiseja.com\/sl\/#website","url":"https:\/\/test-www.odiseja.com\/sl\/","name":"Odisejada DEV","description":"","potentialAction":[{"@type":"SearchAction","target":{"@type":"EntryPoint","urlTemplate":"https:\/\/test-www.odiseja.com\/sl\/?s={search_term_string}"},"query-input":"required name=search_term_string"}],"inLanguage":"sl-SI"}]}},"_links":{"self":[{"href":"https:\/\/test-www.odiseja.com\/sl\/wp-json\/wp\/v2\/pages\/4403"}],"collection":[{"href":"https:\/\/test-www.odiseja.com\/sl\/wp-json\/wp\/v2\/pages"}],"about":[{"href":"https:\/\/test-www.odiseja.com\/sl\/wp-json\/wp\/v2\/types\/page"}],"author":[{"embeddable":true,"href":"https:\/\/test-www.odiseja.com\/sl\/wp-json\/wp\/v2\/users\/5"}],"replies":[{"embeddable":true,"href":"https:\/\/test-www.odiseja.com\/sl\/wp-json\/wp\/v2\/comments?post=4403"}],"version-history":[{"count":10,"href":"https:\/\/test-www.odiseja.com\/sl\/wp-json\/wp\/v2\/pages\/4403\/revisions"}],"predecessor-version":[{"id":5375,"href":"https:\/\/test-www.odiseja.com\/sl\/wp-json\/wp\/v2\/pages\/4403\/revisions\/5375"}],"wp:attachment":[{"href":"https:\/\/test-www.odiseja.com\/sl\/wp-json\/wp\/v2\/media?parent=4403"}],"curies":[{"name":"wp","href":"https:\/\/api.w.org\/{rel}","templated":true}]}}