{"id":4416,"date":"2025-05-29T09:24:23","date_gmt":"2025-05-29T09:24:23","guid":{"rendered":"https:\/\/test-www.odiseja.com\/?page_id=4416"},"modified":"2025-11-04T14:23:12","modified_gmt":"2025-11-04T13:23:12","slug":"zaposlitev","status":"publish","type":"page","link":"https:\/\/test-www.odiseja.com\/sl\/zaposlitev\/","title":{"rendered":"Zaposlitev"},"content":{"rendered":"\t\t<div data-elementor-type=\"wp-page\" data-elementor-id=\"4416\" class=\"elementor elementor-4416\" data-elementor-post-type=\"page\">\n\t\t\t\t<div class=\"elementor-element elementor-element-ed948c5 odiseja-page-header e-flex e-con-boxed e-con e-parent\" data-id=\"ed948c5\" data-element_type=\"container\" data-settings=\"{&quot;background_background&quot;:&quot;classic&quot;}\">\n\t\t\t\t\t<div class=\"e-con-inner\">\n\t\t\t\t<div class=\"elementor-element elementor-element-b594e8c elementor-widget elementor-widget-heading\" data-id=\"b594e8c\" data-element_type=\"widget\" data-widget_type=\"heading.default\">\n\t\t\t\t<div class=\"elementor-widget-container\">\n\t\t\t<style>\/*! elementor - v3.23.0 - 15-07-2024 *\/\n.elementor-heading-title{padding:0;margin:0;line-height:1}.elementor-widget-heading .elementor-heading-title[class*=elementor-size-]>a{color:inherit;font-size:inherit;line-height:inherit}.elementor-widget-heading .elementor-heading-title.elementor-size-small{font-size:15px}.elementor-widget-heading .elementor-heading-title.elementor-size-medium{font-size:19px}.elementor-widget-heading .elementor-heading-title.elementor-size-large{font-size:29px}.elementor-widget-heading .elementor-heading-title.elementor-size-xl{font-size:39px}.elementor-widget-heading .elementor-heading-title.elementor-size-xxl{font-size:59px}<\/style><h1 class=\"elementor-heading-title elementor-size-default\">Zaposlitev<\/h1>\t\t<\/div>\n\t\t\t\t<\/div>\n\t\t\t\t\t<\/div>\n\t\t\t\t<\/div>\n\t\t<div class=\"elementor-element elementor-element-e8a12fd e-flex e-con-boxed e-con e-parent\" data-id=\"e8a12fd\" data-element_type=\"container\">\n\t\t\t\t\t<div class=\"e-con-inner\">\n\t\t<div class=\"elementor-element elementor-element-4693589 e-con-full e-flex e-con e-child\" data-id=\"4693589\" data-element_type=\"container\">\n\t\t<div class=\"elementor-element elementor-element-6082f39 e-con-full e-flex e-con e-child\" data-id=\"6082f39\" data-element_type=\"container\">\n\t\t\t\t<\/div>\n\t\t\t\t<\/div>\n\t\t\t\t\t<\/div>\n\t\t\t\t<\/div>\n\t\t<div class=\"elementor-element elementor-element-e4efa07 e-flex e-con-boxed e-con e-parent\" data-id=\"e4efa07\" data-element_type=\"container\">\n\t\t\t\t\t<div class=\"e-con-inner\">\n\t\t\t\t<div class=\"elementor-element elementor-element-82d6502 elementor-widget elementor-widget-spacer\" data-id=\"82d6502\" data-element_type=\"widget\" data-widget_type=\"spacer.default\">\n\t\t\t\t<div class=\"elementor-widget-container\">\n\t\t\t<style>\/*! elementor - v3.23.0 - 15-07-2024 *\/\n.elementor-column .elementor-spacer-inner{height:var(--spacer-size)}.e-con{--container-widget-width:100%}.e-con-inner>.elementor-widget-spacer,.e-con>.elementor-widget-spacer{width:var(--container-widget-width,var(--spacer-size));--align-self:var(--container-widget-align-self,initial);--flex-shrink:0}.e-con-inner>.elementor-widget-spacer>.elementor-widget-container,.e-con>.elementor-widget-spacer>.elementor-widget-container{height:100%;width:100%}.e-con-inner>.elementor-widget-spacer>.elementor-widget-container>.elementor-spacer,.e-con>.elementor-widget-spacer>.elementor-widget-container>.elementor-spacer{height:100%}.e-con-inner>.elementor-widget-spacer>.elementor-widget-container>.elementor-spacer>.elementor-spacer-inner,.e-con>.elementor-widget-spacer>.elementor-widget-container>.elementor-spacer>.elementor-spacer-inner{height:var(--container-widget-height,var(--spacer-size))}.e-con-inner>.elementor-widget-spacer.elementor-widget-empty,.e-con>.elementor-widget-spacer.elementor-widget-empty{position:relative;min-height:22px;min-width:22px}.e-con-inner>.elementor-widget-spacer.elementor-widget-empty .elementor-widget-empty-icon,.e-con>.elementor-widget-spacer.elementor-widget-empty .elementor-widget-empty-icon{position:absolute;top:0;bottom:0;left:0;right:0;margin:auto;padding:0;width:22px;height:22px}<\/style>\t\t<div class=\"elementor-spacer\">\n\t\t\t<div class=\"elementor-spacer-inner\"><\/div>\n\t\t<\/div>\n\t\t\t\t<\/div>\n\t\t\t\t<\/div>\n\t\t\t\t\t<\/div>\n\t\t\t\t<\/div>\n\t\t<div class=\"elementor-element elementor-element-a7dd7e0 e-grid e-con-boxed e-con e-parent\" data-id=\"a7dd7e0\" data-element_type=\"container\">\n\t\t\t\t\t<div class=\"e-con-inner\">\n\t\t\t\t<div class=\"elementor-element elementor-element-308bbb3 elementor-widget elementor-widget-link-in-bio-var-2\" data-id=\"308bbb3\" data-element_type=\"widget\" data-widget_type=\"link-in-bio-var-2.default\">\n\t\t\t\t<div class=\"elementor-widget-container\">\n\t\t\t\t\t<div class=\"e-link-in-bio e-link-in-bio-var-2 has-border\">\n\t\t\t<div class=\"e-link-in-bio__content\">\n\n\t\t\t\t\t\t<div class=\"e-link-in-bio__identity\">\n\t\t\t\t\t\t\t\t\t<div class=\"e-link-in-bio__identity-image e-link-in-bio__identity-image-cover\">\n\t\t\t\t\t\t\t<img fetchpriority=\"high\" decoding=\"async\" width=\"300\" height=\"168\" src=\"https:\/\/test-www.odiseja.com\/app\/uploads\/2025\/11\/AdobeStock_905603018-300x168.jpeg\" class=\"e-link-in-bio__identity-image-element\" alt=\"\" srcset=\"https:\/\/test-www.odiseja.com\/app\/uploads\/2025\/11\/AdobeStock_905603018-300x168.jpeg 300w, https:\/\/test-www.odiseja.com\/app\/uploads\/2025\/11\/AdobeStock_905603018-1024x574.jpeg 1024w, https:\/\/test-www.odiseja.com\/app\/uploads\/2025\/11\/AdobeStock_905603018-768x430.jpeg 768w, https:\/\/test-www.odiseja.com\/app\/uploads\/2025\/11\/AdobeStock_905603018-1536x861.jpeg 1536w, https:\/\/test-www.odiseja.com\/app\/uploads\/2025\/11\/AdobeStock_905603018-2048x1148.jpeg 2048w, https:\/\/test-www.odiseja.com\/app\/uploads\/2025\/11\/AdobeStock_905603018-460x258.jpeg 460w, https:\/\/test-www.odiseja.com\/app\/uploads\/2025\/11\/AdobeStock_905603018-1142x640.jpeg 1142w\" sizes=\"(max-width: 300px) 100vw, 300px\" \/>\t\t\t\t\t\t\t\t\t\t\t\t\t<\/div>\n\t\t\t\t\t\t\t\t\t\t\t<div class=\"e-link-in-bio__identity-image e-link-in-bio__identity-image-profile has-style-circle\">\n\t\t\t\t\t\t\t<img decoding=\"async\" width=\"142\" height=\"142\" src=\"https:\/\/test-www.odiseja.com\/app\/uploads\/2025\/03\/Logo_SpletnaStran.png\" class=\"e-link-in-bio__identity-image-element\" alt=\"\" \/>\t\t\t\t\t\t\t\t\t\t\t\t\t<\/div>\n\t\t\t\t\t\t\t<\/div>\n\t\t\t\t\t<div class=\"e-link-in-bio__bio\">\n\t\t\t\t<h2 class=\"e-link-in-bio__heading\">Asistent v IT<\/h2>\t\t\t\t<h3 class=\"e-link-in-bio__title\">\u0160tudentsko delo<\/h3>\t\t\t\t\t\t\t\t\t\t\t<\/div>\n\t\t\t\n\t\t<div class=\"e-link-in-bio__ctas has-type-button\">\n\t\t\t\t\t\t\t<a href=\"https:\/\/test-www.odiseja.com\/sl\/zaposlitev\/asistent-v-it\/\" target=\"_blank\" rel=\"noopener \" class=\"e-link-in-bio__cta is-type-button has-corners-rounded\">\n\t\t\t\t\t\t\t\t\t\t<span class=\"e-link-in-bio__cta-text\">\n\t\t\t\t\t\tVe\u010d informacij\t\t\t\t\t<\/span>\n\t\t\t\t<\/a>\n\t\t\t\t\t<\/div>\n\t\t\t\t<div class=\"e-link-in-bio__icons has-size-small\">\n\t\t\t\t\t\t\t<div class=\"e-link-in-bio__icon is-size-small\">\n\t\t\t\t\t<a href=\"https:\/\/test-www.odiseja.com\/sl\/zaposlitev\/asistent-v-it\/\" target=\"_blank\" rel=\"noopener \" aria-label=\"Facebook\" class=\"e-link-in-bio__icon-link\">\n\t\t\t\t\t\t<span class=\"e-link-in-bio__icon-svg\">\n\t\t\t\t\t\t\t<svg aria-hidden=\"true\" class=\"e-font-icon-svg e-fab-facebook\" viewBox=\"0 0 512 512\" xmlns=\"http:\/\/www.w3.org\/2000\/svg\"><path d=\"M504 256C504 119 393 8 256 8S8 119 8 256c0 123.78 90.69 226.38 209.25 245V327.69h-63V256h63v-54.64c0-62.15 37-96.48 93.67-96.48 27.14 0 55.52 4.84 55.52 4.84v61h-31.28c-30.8 0-40.41 19.12-40.41 38.73V256h68.78l-11 71.69h-57.78V501C413.31 482.38 504 379.78 504 256z\"><\/path><\/svg>\t\t\t\t\t\t<\/span>\n\t\t\t\t\t\t\t\t\t\t\t<\/a>\n\t\t\t\t<\/div>\n\t\t\t\t\t<\/div>\n\t\t\n\t\t\t<\/div>\n\t\t\t<div class=\"e-link-in-bio__bg\">\n\t\t\t\t<div class=\"e-link-in-bio__bg-overlay\"><\/div>\n\t\t\t<\/div>\n\t\t<\/div>\n\t\t\t\t<\/div>\n\t\t\t\t<\/div>\n\t\t\t\t\t<\/div>\n\t\t\t\t<\/div>\n\t\t\t\t<\/div>\n\t\t","protected":false},"excerpt":{"rendered":"<p>Zaposlitev Trenutno nimamo odprtih delovnih mest. Hvala za va\u0161e zanimanje za zaposlitev pri nas! V tem trenutku nimamo razpisanih prostih delovnih mest, a veseli bomo, \u010de boste \u0161e naprej spremljali na\u0161o spletno stran. Ko se odpre nova prilo\u017enost za sodelovanje, jo bomo tukaj z veseljem objavili. Medtem pa hvala za zaupanje in zanimanje za na\u0161o [&hellip;]<\/p>\n","protected":false},"author":5,"featured_media":0,"parent":0,"menu_order":0,"comment_status":"closed","ping_status":"closed","template":"","meta":{"_acf_changed":false,"footnotes":""},"acf":[],"yoast_head":"<!-- This site is optimized with the Yoast SEO plugin v23.0 - https:\/\/yoast.com\/wordpress\/plugins\/seo\/ -->\n<title>Zaposlitev | Odiseja Ljubljana<\/title>\n<meta name=\"description\" content=\"Postanite del ekipe Odiseja \u2013 razpisana delovna mesta in sodelovanja.\" \/>\n<meta name=\"robots\" content=\"index, follow, max-snippet:-1, max-image-preview:large, max-video-preview:-1\" \/>\n<link rel=\"canonical\" href=\"https:\/\/test-www.odiseja.com\/sl\/zaposlitev\/\" \/>\n<meta property=\"og:locale\" content=\"sl_SI\" \/>\n<meta property=\"og:type\" content=\"article\" \/>\n<meta property=\"og:title\" content=\"Zaposlitev | Odiseja Ljubljana\" \/>\n<meta property=\"og:description\" content=\"Postanite del ekipe Odiseja \u2013 razpisana delovna mesta in sodelovanja.\" \/>\n<meta property=\"og:url\" content=\"https:\/\/test-www.odiseja.com\/sl\/zaposlitev\/\" \/>\n<meta property=\"og:site_name\" content=\"Odisejada\" \/>\n<meta property=\"article:modified_time\" content=\"2025-11-04T13:23:12+00:00\" \/>\n<meta property=\"og:image\" content=\"https:\/\/test-www.odiseja.com\/app\/uploads\/2025\/11\/AdobeStock_905603018-300x168.jpeg\" \/>\n<meta name=\"twitter:card\" content=\"summary_large_image\" \/>\n<meta name=\"twitter:label1\" content=\"Est. reading time\" \/>\n\t<meta name=\"twitter:data1\" content=\"1 minute\" \/>\n<script type=\"application\/ld+json\" class=\"yoast-schema-graph\">{\"@context\":\"https:\/\/schema.org\",\"@graph\":[{\"@type\":\"WebPage\",\"@id\":\"https:\/\/test-www.odiseja.com\/sl\/zaposlitev\/\",\"url\":\"https:\/\/test-www.odiseja.com\/sl\/zaposlitev\/\",\"name\":\"Zaposlitev | Odiseja Ljubljana\",\"isPartOf\":{\"@id\":\"https:\/\/test-www.odiseja.com\/sl\/#website\"},\"primaryImageOfPage\":{\"@id\":\"https:\/\/test-www.odiseja.com\/sl\/zaposlitev\/#primaryimage\"},\"image\":{\"@id\":\"https:\/\/test-www.odiseja.com\/sl\/zaposlitev\/#primaryimage\"},\"thumbnailUrl\":\"https:\/\/test-www.odiseja.com\/app\/uploads\/2025\/11\/AdobeStock_905603018-300x168.jpeg\",\"datePublished\":\"2025-05-29T09:24:23+00:00\",\"dateModified\":\"2025-11-04T13:23:12+00:00\",\"description\":\"Postanite del ekipe Odiseja \u2013 razpisana delovna mesta in sodelovanja.\",\"breadcrumb\":{\"@id\":\"https:\/\/test-www.odiseja.com\/sl\/zaposlitev\/#breadcrumb\"},\"inLanguage\":\"sl-SI\",\"potentialAction\":[{\"@type\":\"ReadAction\",\"target\":[\"https:\/\/test-www.odiseja.com\/sl\/zaposlitev\/\"]}]},{\"@type\":\"ImageObject\",\"inLanguage\":\"sl-SI\",\"@id\":\"https:\/\/test-www.odiseja.com\/sl\/zaposlitev\/#primaryimage\",\"url\":\"https:\/\/test-www.odiseja.com\/app\/uploads\/2025\/11\/AdobeStock_905603018-300x168.jpeg\",\"contentUrl\":\"https:\/\/test-www.odiseja.com\/app\/uploads\/2025\/11\/AdobeStock_905603018-300x168.jpeg\"},{\"@type\":\"BreadcrumbList\",\"@id\":\"https:\/\/test-www.odiseja.com\/sl\/zaposlitev\/#breadcrumb\",\"itemListElement\":[{\"@type\":\"ListItem\",\"position\":1,\"name\":\"Home\",\"item\":\"https:\/\/test-www.odiseja.com\/sl\/\"},{\"@type\":\"ListItem\",\"position\":2,\"name\":\"Zaposlitev\"}]},{\"@type\":\"WebSite\",\"@id\":\"https:\/\/test-www.odiseja.com\/sl\/#website\",\"url\":\"https:\/\/test-www.odiseja.com\/sl\/\",\"name\":\"Odisejada DEV\",\"description\":\"\",\"potentialAction\":[{\"@type\":\"SearchAction\",\"target\":{\"@type\":\"EntryPoint\",\"urlTemplate\":\"https:\/\/test-www.odiseja.com\/sl\/?s={search_term_string}\"},\"query-input\":\"required name=search_term_string\"}],\"inLanguage\":\"sl-SI\"}]}<\/script>\n<!-- \/ Yoast SEO plugin. -->","yoast_head_json":{"title":"Zaposlitev | Odiseja Ljubljana","description":"Postanite del ekipe Odiseja \u2013 razpisana delovna mesta in sodelovanja.","robots":{"index":"index","follow":"follow","max-snippet":"max-snippet:-1","max-image-preview":"max-image-preview:large","max-video-preview":"max-video-preview:-1"},"canonical":"https:\/\/test-www.odiseja.com\/sl\/zaposlitev\/","og_locale":"sl_SI","og_type":"article","og_title":"Zaposlitev | Odiseja Ljubljana","og_description":"Postanite del ekipe Odiseja \u2013 razpisana delovna mesta in sodelovanja.","og_url":"https:\/\/test-www.odiseja.com\/sl\/zaposlitev\/","og_site_name":"Odisejada","article_modified_time":"2025-11-04T13:23:12+00:00","og_image":[{"url":"https:\/\/test-www.odiseja.com\/app\/uploads\/2025\/11\/AdobeStock_905603018-300x168.jpeg"}],"twitter_card":"summary_large_image","twitter_misc":{"Est. reading time":"1 minute"},"schema":{"@context":"https:\/\/schema.org","@graph":[{"@type":"WebPage","@id":"https:\/\/test-www.odiseja.com\/sl\/zaposlitev\/","url":"https:\/\/test-www.odiseja.com\/sl\/zaposlitev\/","name":"Zaposlitev | Odiseja Ljubljana","isPartOf":{"@id":"https:\/\/test-www.odiseja.com\/sl\/#website"},"primaryImageOfPage":{"@id":"https:\/\/test-www.odiseja.com\/sl\/zaposlitev\/#primaryimage"},"image":{"@id":"https:\/\/test-www.odiseja.com\/sl\/zaposlitev\/#primaryimage"},"thumbnailUrl":"https:\/\/test-www.odiseja.com\/app\/uploads\/2025\/11\/AdobeStock_905603018-300x168.jpeg","datePublished":"2025-05-29T09:24:23+00:00","dateModified":"2025-11-04T13:23:12+00:00","description":"Postanite del ekipe Odiseja \u2013 razpisana delovna mesta in sodelovanja.","breadcrumb":{"@id":"https:\/\/test-www.odiseja.com\/sl\/zaposlitev\/#breadcrumb"},"inLanguage":"sl-SI","potentialAction":[{"@type":"ReadAction","target":["https:\/\/test-www.odiseja.com\/sl\/zaposlitev\/"]}]},{"@type":"ImageObject","inLanguage":"sl-SI","@id":"https:\/\/test-www.odiseja.com\/sl\/zaposlitev\/#primaryimage","url":"https:\/\/test-www.odiseja.com\/app\/uploads\/2025\/11\/AdobeStock_905603018-300x168.jpeg","contentUrl":"https:\/\/test-www.odiseja.com\/app\/uploads\/2025\/11\/AdobeStock_905603018-300x168.jpeg"},{"@type":"BreadcrumbList","@id":"https:\/\/test-www.odiseja.com\/sl\/zaposlitev\/#breadcrumb","itemListElement":[{"@type":"ListItem","position":1,"name":"Home","item":"https:\/\/test-www.odiseja.com\/sl\/"},{"@type":"ListItem","position":2,"name":"Zaposlitev"}]},{"@type":"WebSite","@id":"https:\/\/test-www.odiseja.com\/sl\/#website","url":"https:\/\/test-www.odiseja.com\/sl\/","name":"Odisejada DEV","description":"","potentialAction":[{"@type":"SearchAction","target":{"@type":"EntryPoint","urlTemplate":"https:\/\/test-www.odiseja.com\/sl\/?s={search_term_string}"},"query-input":"required name=search_term_string"}],"inLanguage":"sl-SI"}]}},"_links":{"self":[{"href":"https:\/\/test-www.odiseja.com\/sl\/wp-json\/wp\/v2\/pages\/4416"}],"collection":[{"href":"https:\/\/test-www.odiseja.com\/sl\/wp-json\/wp\/v2\/pages"}],"about":[{"href":"https:\/\/test-www.odiseja.com\/sl\/wp-json\/wp\/v2\/types\/page"}],"author":[{"embeddable":true,"href":"https:\/\/test-www.odiseja.com\/sl\/wp-json\/wp\/v2\/users\/5"}],"replies":[{"embeddable":true,"href":"https:\/\/test-www.odiseja.com\/sl\/wp-json\/wp\/v2\/comments?post=4416"}],"version-history":[{"count":16,"href":"https:\/\/test-www.odiseja.com\/sl\/wp-json\/wp\/v2\/pages\/4416\/revisions"}],"predecessor-version":[{"id":8563,"href":"https:\/\/test-www.odiseja.com\/sl\/wp-json\/wp\/v2\/pages\/4416\/revisions\/8563"}],"wp:attachment":[{"href":"https:\/\/test-www.odiseja.com\/sl\/wp-json\/wp\/v2\/media?parent=4416"}],"curies":[{"name":"wp","href":"https:\/\/api.w.org\/{rel}","templated":true}]}}