{"id":4477,"date":"2025-05-29T10:17:33","date_gmt":"2025-05-29T10:17:33","guid":{"rendered":"https:\/\/test-www.odiseja.com\/?page_id=4477"},"modified":"2025-06-18T15:17:56","modified_gmt":"2025-06-18T13:17:56","slug":"program-zvestobe","status":"publish","type":"page","link":"https:\/\/test-www.odiseja.com\/sl\/program-zvestobe\/","title":{"rendered":"Program zvestobe"},"content":{"rendered":"\t\t<div data-elementor-type=\"wp-page\" data-elementor-id=\"4477\" class=\"elementor elementor-4477\" data-elementor-post-type=\"page\">\n\t\t\t\t<div class=\"elementor-element elementor-element-84ab6bd odiseja-page-header e-flex e-con-boxed e-con e-parent\" data-id=\"84ab6bd\" data-element_type=\"container\" data-settings=\"{&quot;background_background&quot;:&quot;classic&quot;}\">\n\t\t\t\t\t<div class=\"e-con-inner\">\n\t\t\t\t<div class=\"elementor-element elementor-element-8c94f46 elementor-widget elementor-widget-heading\" data-id=\"8c94f46\" data-element_type=\"widget\" data-widget_type=\"heading.default\">\n\t\t\t\t<div class=\"elementor-widget-container\">\n\t\t\t<style>\/*! elementor - v3.23.0 - 15-07-2024 *\/\n.elementor-heading-title{padding:0;margin:0;line-height:1}.elementor-widget-heading .elementor-heading-title[class*=elementor-size-]>a{color:inherit;font-size:inherit;line-height:inherit}.elementor-widget-heading .elementor-heading-title.elementor-size-small{font-size:15px}.elementor-widget-heading .elementor-heading-title.elementor-size-medium{font-size:19px}.elementor-widget-heading .elementor-heading-title.elementor-size-large{font-size:29px}.elementor-widget-heading .elementor-heading-title.elementor-size-xl{font-size:39px}.elementor-widget-heading .elementor-heading-title.elementor-size-xxl{font-size:59px}<\/style><h1 class=\"elementor-heading-title elementor-size-default\">Program zvestobe<\/h1>\t\t<\/div>\n\t\t\t\t<\/div>\n\t\t\t\t\t<\/div>\n\t\t\t\t<\/div>\n\t\t<div class=\"elementor-element elementor-element-03eed2f e-grid e-con-boxed e-con e-parent\" data-id=\"03eed2f\" data-element_type=\"container\">\n\t\t\t\t\t<div class=\"e-con-inner\">\n\t\t\t\t<div class=\"elementor-element elementor-element-08efbba elementor-widget elementor-widget-image\" data-id=\"08efbba\" data-element_type=\"widget\" data-widget_type=\"image.default\">\n\t\t\t\t<div class=\"elementor-widget-container\">\n\t\t\t\t\t\t\t\t\t\t\t\t\t<img fetchpriority=\"high\" decoding=\"async\" width=\"2000\" height=\"833\" src=\"https:\/\/test-www.odiseja.com\/app\/uploads\/2025\/05\/cf85c8563f4f5e93e308afdb8cdd891c1f16ef8f.jpg\" class=\"attachment-full size-full wp-image-4486\" alt=\"\" srcset=\"https:\/\/test-www.odiseja.com\/app\/uploads\/2025\/05\/cf85c8563f4f5e93e308afdb8cdd891c1f16ef8f.jpg 2000w, https:\/\/test-www.odiseja.com\/app\/uploads\/2025\/05\/cf85c8563f4f5e93e308afdb8cdd891c1f16ef8f-300x125.jpg 300w, https:\/\/test-www.odiseja.com\/app\/uploads\/2025\/05\/cf85c8563f4f5e93e308afdb8cdd891c1f16ef8f-1024x426.jpg 1024w, https:\/\/test-www.odiseja.com\/app\/uploads\/2025\/05\/cf85c8563f4f5e93e308afdb8cdd891c1f16ef8f-768x320.jpg 768w, https:\/\/test-www.odiseja.com\/app\/uploads\/2025\/05\/cf85c8563f4f5e93e308afdb8cdd891c1f16ef8f-1536x640.jpg 1536w, https:\/\/test-www.odiseja.com\/app\/uploads\/2025\/05\/cf85c8563f4f5e93e308afdb8cdd891c1f16ef8f-460x192.jpg 460w, https:\/\/test-www.odiseja.com\/app\/uploads\/2025\/05\/cf85c8563f4f5e93e308afdb8cdd891c1f16ef8f-1537x640.jpg 1537w\" sizes=\"(max-width: 2000px) 100vw, 2000px\" \/>\t\t\t\t\t\t\t\t\t\t\t\t\t<\/div>\n\t\t\t\t<\/div>\n\t\t\t\t<div class=\"elementor-element elementor-element-de6b216 odiseja-body-text elementor-widget elementor-widget-text-editor\" data-id=\"de6b216\" data-element_type=\"widget\" data-widget_type=\"text-editor.default\">\n\t\t\t\t<div class=\"elementor-widget-container\">\n\t\t\t<style>\/*! elementor - v3.23.0 - 15-07-2024 *\/\n.elementor-widget-text-editor.elementor-drop-cap-view-stacked .elementor-drop-cap{background-color:#69727d;color:#fff}.elementor-widget-text-editor.elementor-drop-cap-view-framed .elementor-drop-cap{color:#69727d;border:3px solid;background-color:transparent}.elementor-widget-text-editor:not(.elementor-drop-cap-view-default) .elementor-drop-cap{margin-top:8px}.elementor-widget-text-editor:not(.elementor-drop-cap-view-default) .elementor-drop-cap-letter{width:1em;height:1em}.elementor-widget-text-editor .elementor-drop-cap{float:left;text-align:center;line-height:1;font-size:50px}.elementor-widget-text-editor .elementor-drop-cap-letter{display:inline-block}<\/style>\t\t\t\t<h2>POSTANITE DEL <strong>KLUBA ODISEJA!<\/strong><\/h2><p>Vse obiskovalce <strong>vesolja vsebin Odiseje<\/strong> vabimo, da se pridru\u017eite na\u0161emu <strong>programu zvestobe<\/strong>. Vklju\u010ditev je popolnoma <strong>brezpla\u010dna in brez obveznosti<\/strong>, mi pa bomo va\u0161o <strong>zvestobo nagrajevali<\/strong> s \u0161tevilnimi ugodnostmi.<\/p><p>Dobrodo\u0161li v KLUBU ODISEJA \u2013 programu zvestobe, ki vam omogo\u010da pridobitev <strong>Kartice zvestobe<\/strong> ali <strong>ekskluzivne \u010crne VIP kartice.<\/strong><\/p>\t\t\t\t\t\t<\/div>\n\t\t\t\t<\/div>\n\t\t\t\t\t<\/div>\n\t\t\t\t<\/div>\n\t\t<div class=\"elementor-element elementor-element-d11aba4 e-grid e-con-boxed e-con e-parent\" data-id=\"d11aba4\" data-element_type=\"container\">\n\t\t\t\t\t<div class=\"e-con-inner\">\n\t\t\t\t<div class=\"elementor-element elementor-element-aaf2ccd odiseja-body-text elementor-widget elementor-widget-text-editor\" data-id=\"aaf2ccd\" data-element_type=\"widget\" data-widget_type=\"text-editor.default\">\n\t\t\t\t<div class=\"elementor-widget-container\">\n\t\t\t\t\t\t\t<h2><strong>KLUB ODISEJA<\/strong> S KARTICO ZVESTOBE<\/h2><ul><li><strong>\u010clanstvo je brezpla\u010dno!<\/strong> Za vstop v Klub Odiseja s <strong>Kartico zvestobe<\/strong> je potrebna le <strong>registracija<\/strong>, pri \u010demer nalo\u017eitev sredstev ni obvezna za kori\u0161\u010denje ugodnosti.<\/li><li>Kartico zvestobe lahko uporabite tudi kot <strong>predpla\u010dni\u0161ko kartico,<\/strong> s katero lahko pla\u010dujete vse storitve in izdelke v ponudbi <strong>poslovno-zabavi\u0161\u010dnega centra Odiseja<\/strong>.<\/li><li>Program zvestobe omogo\u010da posebne popuste, ugodnosti in ekskluzivne akcije.<\/li><li>Kartica velja za vse vsebine pod okriljem podjetja Odisejada d.o.o., ki upravlja:<br \/><ul style=\"margin-top: 20px;\"><li><span style=\"color: #00a1b1;\">kino, gledali\u0161\u010de, koncerte in druge zabavne vsebine<\/span><\/li><li><span style=\"color: #00a1b1;\">to\u010dko s prigrizki in pija\u010do<\/span><\/li><li><span style=\"color: #00a1b1;\">Cafe Mars, Lounge bar Luna in Bar Sonce<\/span><\/li><li><span style=\"color: #00a1b1;\">otro\u0161ke delavnice Baltazar.<\/span><\/li><\/ul><\/li><\/ul>\t\t\t\t\t\t<\/div>\n\t\t\t\t<\/div>\n\t\t<div class=\"elementor-element elementor-element-cc310e8 e-con-full e-flex e-con e-child\" data-id=\"cc310e8\" data-element_type=\"container\">\n\t\t\t\t<div class=\"elementor-element elementor-element-15b7a51 elementor-widget elementor-widget-image\" data-id=\"15b7a51\" data-element_type=\"widget\" data-widget_type=\"image.default\">\n\t\t\t\t<div class=\"elementor-widget-container\">\n\t\t\t\t\t\t\t\t\t\t\t\t\t<img decoding=\"async\" width=\"2560\" height=\"1707\" src=\"https:\/\/test-www.odiseja.com\/app\/uploads\/2025\/05\/67177b466b5f8a13682c5010aa220953f60d78aa-scaled.jpg\" class=\"attachment-full size-full wp-image-4484\" alt=\"\" srcset=\"https:\/\/test-www.odiseja.com\/app\/uploads\/2025\/05\/67177b466b5f8a13682c5010aa220953f60d78aa-scaled.jpg 2560w, https:\/\/test-www.odiseja.com\/app\/uploads\/2025\/05\/67177b466b5f8a13682c5010aa220953f60d78aa-300x200.jpg 300w, https:\/\/test-www.odiseja.com\/app\/uploads\/2025\/05\/67177b466b5f8a13682c5010aa220953f60d78aa-1024x683.jpg 1024w, https:\/\/test-www.odiseja.com\/app\/uploads\/2025\/05\/67177b466b5f8a13682c5010aa220953f60d78aa-768x512.jpg 768w, https:\/\/test-www.odiseja.com\/app\/uploads\/2025\/05\/67177b466b5f8a13682c5010aa220953f60d78aa-1536x1024.jpg 1536w, https:\/\/test-www.odiseja.com\/app\/uploads\/2025\/05\/67177b466b5f8a13682c5010aa220953f60d78aa-2048x1366.jpg 2048w, https:\/\/test-www.odiseja.com\/app\/uploads\/2025\/05\/67177b466b5f8a13682c5010aa220953f60d78aa-460x307.jpg 460w, https:\/\/test-www.odiseja.com\/app\/uploads\/2025\/05\/67177b466b5f8a13682c5010aa220953f60d78aa-960x640.jpg 960w\" sizes=\"(max-width: 2560px) 100vw, 2560px\" \/>\t\t\t\t\t\t\t\t\t\t\t\t\t<\/div>\n\t\t\t\t<\/div>\n\t\t\t\t<div class=\"elementor-element elementor-element-ed59425 odiseja-body-text elementor-widget elementor-widget-text-editor\" data-id=\"ed59425\" data-element_type=\"widget\" data-widget_type=\"text-editor.default\">\n\t\t\t\t<div class=\"elementor-widget-container\">\n\t\t\t\t\t\t\t<p>Kartice zvestobe ni mogo\u010de uporabiti pri <a href=\"https:\/\/test-www.odiseja.com\/sl\/najemniki\/\">najemnikih<\/a>, kjer pa bodo ob\u010dasno na voljo promocijske aktivacije s posebnimi popusti in ugodnostmi.<\/p>\n<p><strong>Ugodnosti Kluba Odiseja bodo objavljene kmalu!<\/strong><\/p>\t\t\t\t\t\t<\/div>\n\t\t\t\t<\/div>\n\t\t\t\t<\/div>\n\t\t\t\t\t<\/div>\n\t\t\t\t<\/div>\n\t\t<div class=\"elementor-element elementor-element-913c2c7 e-flex e-con-boxed e-con e-parent\" data-id=\"913c2c7\" data-element_type=\"container\">\n\t\t\t\t\t<div class=\"e-con-inner\">\n\t\t<div class=\"elementor-element elementor-element-a22ee7b e-con-full e-flex e-con e-child\" data-id=\"a22ee7b\" data-element_type=\"container\" data-settings=\"{&quot;background_background&quot;:&quot;classic&quot;}\">\n\t\t\t\t<div class=\"elementor-element elementor-element-5b4b8e1 elementor-widget__width-initial elementor-widget elementor-widget-heading\" data-id=\"5b4b8e1\" data-element_type=\"widget\" data-widget_type=\"heading.default\">\n\t\t\t\t<div class=\"elementor-widget-container\">\n\t\t\t<h2 class=\"elementor-heading-title elementor-size-default\">Pridru\u017eite se <span style=\"color: #00A1B1;\">KLUBU ODISEJA<\/span> in u\u017eivajte v \u0161tevilnih ugodnostih!<\/h2>\t\t<\/div>\n\t\t\t\t<\/div>\n\t\t\t\t<div class=\"elementor-element elementor-element-dbb2b6c elementor-widget elementor-widget-button\" data-id=\"dbb2b6c\" data-element_type=\"widget\" data-toggle=\"modal\" data-target=\"#registerModal\" data-widget_type=\"button.default\">\n\t\t\t\t<div class=\"elementor-widget-container\">\n\t\t\t\t\t<div class=\"elementor-button-wrapper\">\n\t\t\t<a class=\"elementor-button elementor-button-link elementor-size-sm\" href=\"#\">\n\t\t\t\t\t\t<span class=\"elementor-button-content-wrapper\">\n\t\t\t\t\t\t\t\t\t<span class=\"elementor-button-text\">Registrirajte se<\/span>\n\t\t\t\t\t<\/span>\n\t\t\t\t\t<\/a>\n\t\t<\/div>\n\t\t\t\t<\/div>\n\t\t\t\t<\/div>\n\t\t\t\t<\/div>\n\t\t\t\t\t<\/div>\n\t\t\t\t<\/div>\n\t\t<div class=\"elementor-element elementor-element-44886db e-flex e-con-boxed e-con e-parent\" data-id=\"44886db\" data-element_type=\"container\">\n\t\t\t\t\t<div class=\"e-con-inner\">\n\t\t\t\t<div class=\"elementor-element elementor-element-1189d2b elementor-widget elementor-widget-spacer\" data-id=\"1189d2b\" data-element_type=\"widget\" data-widget_type=\"spacer.default\">\n\t\t\t\t<div class=\"elementor-widget-container\">\n\t\t\t<style>\/*! elementor - v3.23.0 - 15-07-2024 *\/\n.elementor-column .elementor-spacer-inner{height:var(--spacer-size)}.e-con{--container-widget-width:100%}.e-con-inner>.elementor-widget-spacer,.e-con>.elementor-widget-spacer{width:var(--container-widget-width,var(--spacer-size));--align-self:var(--container-widget-align-self,initial);--flex-shrink:0}.e-con-inner>.elementor-widget-spacer>.elementor-widget-container,.e-con>.elementor-widget-spacer>.elementor-widget-container{height:100%;width:100%}.e-con-inner>.elementor-widget-spacer>.elementor-widget-container>.elementor-spacer,.e-con>.elementor-widget-spacer>.elementor-widget-container>.elementor-spacer{height:100%}.e-con-inner>.elementor-widget-spacer>.elementor-widget-container>.elementor-spacer>.elementor-spacer-inner,.e-con>.elementor-widget-spacer>.elementor-widget-container>.elementor-spacer>.elementor-spacer-inner{height:var(--container-widget-height,var(--spacer-size))}.e-con-inner>.elementor-widget-spacer.elementor-widget-empty,.e-con>.elementor-widget-spacer.elementor-widget-empty{position:relative;min-height:22px;min-width:22px}.e-con-inner>.elementor-widget-spacer.elementor-widget-empty .elementor-widget-empty-icon,.e-con>.elementor-widget-spacer.elementor-widget-empty .elementor-widget-empty-icon{position:absolute;top:0;bottom:0;left:0;right:0;margin:auto;padding:0;width:22px;height:22px}<\/style>\t\t<div class=\"elementor-spacer\">\n\t\t\t<div class=\"elementor-spacer-inner\"><\/div>\n\t\t<\/div>\n\t\t\t\t<\/div>\n\t\t\t\t<\/div>\n\t\t\t\t\t<\/div>\n\t\t\t\t<\/div>\n\t\t\t\t<\/div>\n\t\t","protected":false},"excerpt":{"rendered":"<p>Program zvestobe POSTANITE DEL KLUBA ODISEJA! Vse obiskovalce vesolja vsebin Odiseje vabimo, da se pridru\u017eite na\u0161emu programu zvestobe. Vklju\u010ditev je popolnoma brezpla\u010dna in brez obveznosti, mi pa bomo va\u0161o zvestobo nagrajevali s \u0161tevilnimi ugodnostmi. Dobrodo\u0161li v KLUBU ODISEJA \u2013 programu zvestobe, ki vam omogo\u010da pridobitev Kartice zvestobe ali ekskluzivne \u010crne VIP kartice. KLUB ODISEJA S [&hellip;]<\/p>\n","protected":false},"author":5,"featured_media":0,"parent":0,"menu_order":0,"comment_status":"closed","ping_status":"closed","template":"","meta":{"_acf_changed":false,"footnotes":""},"acf":[],"yoast_head":"<!-- This site is optimized with the Yoast SEO plugin v23.0 - https:\/\/yoast.com\/wordpress\/plugins\/seo\/ -->\n<title>Program zvestobe | Odiseja Ljubljana<\/title>\n<meta name=\"description\" content=\"Zvestoba se spla\u010da \u2013 zbirajte to\u010dke in koristite ugodnosti pri vsakem obisku.\" \/>\n<meta name=\"robots\" content=\"index, follow, max-snippet:-1, max-image-preview:large, max-video-preview:-1\" \/>\n<link rel=\"canonical\" href=\"https:\/\/test-www.odiseja.com\/sl\/program-zvestobe\/\" \/>\n<meta property=\"og:locale\" content=\"sl_SI\" \/>\n<meta property=\"og:type\" content=\"article\" \/>\n<meta property=\"og:title\" content=\"Program zvestobe | Odiseja Ljubljana\" \/>\n<meta property=\"og:description\" content=\"Zvestoba se spla\u010da \u2013 zbirajte to\u010dke in koristite ugodnosti pri vsakem obisku.\" \/>\n<meta property=\"og:url\" content=\"https:\/\/test-www.odiseja.com\/sl\/program-zvestobe\/\" \/>\n<meta property=\"og:site_name\" content=\"Odisejada\" \/>\n<meta property=\"article:modified_time\" content=\"2025-06-18T13:17:56+00:00\" \/>\n<meta property=\"og:image\" content=\"https:\/\/test-www.odiseja.com\/app\/uploads\/2025\/05\/cf85c8563f4f5e93e308afdb8cdd891c1f16ef8f.jpg\" \/>\n<meta name=\"twitter:card\" content=\"summary_large_image\" \/>\n<meta name=\"twitter:label1\" content=\"Est. reading time\" \/>\n\t<meta name=\"twitter:data1\" content=\"2 minutes\" \/>\n<script type=\"application\/ld+json\" class=\"yoast-schema-graph\">{\"@context\":\"https:\/\/schema.org\",\"@graph\":[{\"@type\":\"WebPage\",\"@id\":\"https:\/\/test-www.odiseja.com\/sl\/program-zvestobe\/\",\"url\":\"https:\/\/test-www.odiseja.com\/sl\/program-zvestobe\/\",\"name\":\"Program zvestobe | Odiseja Ljubljana\",\"isPartOf\":{\"@id\":\"https:\/\/test-www.odiseja.com\/sl\/#website\"},\"primaryImageOfPage\":{\"@id\":\"https:\/\/test-www.odiseja.com\/sl\/program-zvestobe\/#primaryimage\"},\"image\":{\"@id\":\"https:\/\/test-www.odiseja.com\/sl\/program-zvestobe\/#primaryimage\"},\"thumbnailUrl\":\"https:\/\/test-www.odiseja.com\/app\/uploads\/2025\/05\/cf85c8563f4f5e93e308afdb8cdd891c1f16ef8f.jpg\",\"datePublished\":\"2025-05-29T10:17:33+00:00\",\"dateModified\":\"2025-06-18T13:17:56+00:00\",\"description\":\"Zvestoba se spla\u010da \u2013 zbirajte to\u010dke in koristite ugodnosti pri vsakem obisku.\",\"breadcrumb\":{\"@id\":\"https:\/\/test-www.odiseja.com\/sl\/program-zvestobe\/#breadcrumb\"},\"inLanguage\":\"sl-SI\",\"potentialAction\":[{\"@type\":\"ReadAction\",\"target\":[\"https:\/\/test-www.odiseja.com\/sl\/program-zvestobe\/\"]}]},{\"@type\":\"ImageObject\",\"inLanguage\":\"sl-SI\",\"@id\":\"https:\/\/test-www.odiseja.com\/sl\/program-zvestobe\/#primaryimage\",\"url\":\"https:\/\/test-www.odiseja.com\/app\/uploads\/2025\/05\/cf85c8563f4f5e93e308afdb8cdd891c1f16ef8f.jpg\",\"contentUrl\":\"https:\/\/test-www.odiseja.com\/app\/uploads\/2025\/05\/cf85c8563f4f5e93e308afdb8cdd891c1f16ef8f.jpg\"},{\"@type\":\"BreadcrumbList\",\"@id\":\"https:\/\/test-www.odiseja.com\/sl\/program-zvestobe\/#breadcrumb\",\"itemListElement\":[{\"@type\":\"ListItem\",\"position\":1,\"name\":\"Home\",\"item\":\"https:\/\/test-www.odiseja.com\/sl\/\"},{\"@type\":\"ListItem\",\"position\":2,\"name\":\"Program zvestobe\"}]},{\"@type\":\"WebSite\",\"@id\":\"https:\/\/test-www.odiseja.com\/sl\/#website\",\"url\":\"https:\/\/test-www.odiseja.com\/sl\/\",\"name\":\"Odisejada DEV\",\"description\":\"\",\"potentialAction\":[{\"@type\":\"SearchAction\",\"target\":{\"@type\":\"EntryPoint\",\"urlTemplate\":\"https:\/\/test-www.odiseja.com\/sl\/?s={search_term_string}\"},\"query-input\":\"required name=search_term_string\"}],\"inLanguage\":\"sl-SI\"}]}<\/script>\n<!-- \/ Yoast SEO plugin. -->","yoast_head_json":{"title":"Program zvestobe | Odiseja Ljubljana","description":"Zvestoba se spla\u010da \u2013 zbirajte to\u010dke in koristite ugodnosti pri vsakem obisku.","robots":{"index":"index","follow":"follow","max-snippet":"max-snippet:-1","max-image-preview":"max-image-preview:large","max-video-preview":"max-video-preview:-1"},"canonical":"https:\/\/test-www.odiseja.com\/sl\/program-zvestobe\/","og_locale":"sl_SI","og_type":"article","og_title":"Program zvestobe | Odiseja Ljubljana","og_description":"Zvestoba se spla\u010da \u2013 zbirajte to\u010dke in koristite ugodnosti pri vsakem obisku.","og_url":"https:\/\/test-www.odiseja.com\/sl\/program-zvestobe\/","og_site_name":"Odisejada","article_modified_time":"2025-06-18T13:17:56+00:00","og_image":[{"url":"https:\/\/test-www.odiseja.com\/app\/uploads\/2025\/05\/cf85c8563f4f5e93e308afdb8cdd891c1f16ef8f.jpg"}],"twitter_card":"summary_large_image","twitter_misc":{"Est. reading time":"2 minutes"},"schema":{"@context":"https:\/\/schema.org","@graph":[{"@type":"WebPage","@id":"https:\/\/test-www.odiseja.com\/sl\/program-zvestobe\/","url":"https:\/\/test-www.odiseja.com\/sl\/program-zvestobe\/","name":"Program zvestobe | Odiseja Ljubljana","isPartOf":{"@id":"https:\/\/test-www.odiseja.com\/sl\/#website"},"primaryImageOfPage":{"@id":"https:\/\/test-www.odiseja.com\/sl\/program-zvestobe\/#primaryimage"},"image":{"@id":"https:\/\/test-www.odiseja.com\/sl\/program-zvestobe\/#primaryimage"},"thumbnailUrl":"https:\/\/test-www.odiseja.com\/app\/uploads\/2025\/05\/cf85c8563f4f5e93e308afdb8cdd891c1f16ef8f.jpg","datePublished":"2025-05-29T10:17:33+00:00","dateModified":"2025-06-18T13:17:56+00:00","description":"Zvestoba se spla\u010da \u2013 zbirajte to\u010dke in koristite ugodnosti pri vsakem obisku.","breadcrumb":{"@id":"https:\/\/test-www.odiseja.com\/sl\/program-zvestobe\/#breadcrumb"},"inLanguage":"sl-SI","potentialAction":[{"@type":"ReadAction","target":["https:\/\/test-www.odiseja.com\/sl\/program-zvestobe\/"]}]},{"@type":"ImageObject","inLanguage":"sl-SI","@id":"https:\/\/test-www.odiseja.com\/sl\/program-zvestobe\/#primaryimage","url":"https:\/\/test-www.odiseja.com\/app\/uploads\/2025\/05\/cf85c8563f4f5e93e308afdb8cdd891c1f16ef8f.jpg","contentUrl":"https:\/\/test-www.odiseja.com\/app\/uploads\/2025\/05\/cf85c8563f4f5e93e308afdb8cdd891c1f16ef8f.jpg"},{"@type":"BreadcrumbList","@id":"https:\/\/test-www.odiseja.com\/sl\/program-zvestobe\/#breadcrumb","itemListElement":[{"@type":"ListItem","position":1,"name":"Home","item":"https:\/\/test-www.odiseja.com\/sl\/"},{"@type":"ListItem","position":2,"name":"Program zvestobe"}]},{"@type":"WebSite","@id":"https:\/\/test-www.odiseja.com\/sl\/#website","url":"https:\/\/test-www.odiseja.com\/sl\/","name":"Odisejada DEV","description":"","potentialAction":[{"@type":"SearchAction","target":{"@type":"EntryPoint","urlTemplate":"https:\/\/test-www.odiseja.com\/sl\/?s={search_term_string}"},"query-input":"required name=search_term_string"}],"inLanguage":"sl-SI"}]}},"_links":{"self":[{"href":"https:\/\/test-www.odiseja.com\/sl\/wp-json\/wp\/v2\/pages\/4477"}],"collection":[{"href":"https:\/\/test-www.odiseja.com\/sl\/wp-json\/wp\/v2\/pages"}],"about":[{"href":"https:\/\/test-www.odiseja.com\/sl\/wp-json\/wp\/v2\/types\/page"}],"author":[{"embeddable":true,"href":"https:\/\/test-www.odiseja.com\/sl\/wp-json\/wp\/v2\/users\/5"}],"replies":[{"embeddable":true,"href":"https:\/\/test-www.odiseja.com\/sl\/wp-json\/wp\/v2\/comments?post=4477"}],"version-history":[{"count":55,"href":"https:\/\/test-www.odiseja.com\/sl\/wp-json\/wp\/v2\/pages\/4477\/revisions"}],"predecessor-version":[{"id":5600,"href":"https:\/\/test-www.odiseja.com\/sl\/wp-json\/wp\/v2\/pages\/4477\/revisions\/5600"}],"wp:attachment":[{"href":"https:\/\/test-www.odiseja.com\/sl\/wp-json\/wp\/v2\/media?parent=4477"}],"curies":[{"name":"wp","href":"https:\/\/api.w.org\/{rel}","templated":true}]}}