{"id":5049,"date":"2025-06-02T09:23:32","date_gmt":"2025-06-02T07:23:32","guid":{"rendered":"https:\/\/test-www.odiseja.com\/?page_id=5049"},"modified":"2025-06-11T14:15:42","modified_gmt":"2025-06-11T12:15:42","slug":"o-odiseji","status":"publish","type":"page","link":"https:\/\/test-www.odiseja.com\/sl\/o-odiseji\/","title":{"rendered":"O Odiseji"},"content":{"rendered":"\t\t<div data-elementor-type=\"wp-page\" data-elementor-id=\"5049\" class=\"elementor elementor-5049\" data-elementor-post-type=\"page\">\n\t\t\t\t<div class=\"elementor-element elementor-element-bc3512e odiseja-page-header e-flex e-con-boxed e-con e-parent\" data-id=\"bc3512e\" data-element_type=\"container\" data-settings=\"{&quot;background_background&quot;:&quot;classic&quot;}\">\n\t\t\t\t\t<div class=\"e-con-inner\">\n\t\t\t\t<div class=\"elementor-element elementor-element-4d7cf11 elementor-widget elementor-widget-heading\" data-id=\"4d7cf11\" data-element_type=\"widget\" data-widget_type=\"heading.default\">\n\t\t\t\t<div class=\"elementor-widget-container\">\n\t\t\t<style>\/*! elementor - v3.23.0 - 15-07-2024 *\/\n.elementor-heading-title{padding:0;margin:0;line-height:1}.elementor-widget-heading .elementor-heading-title[class*=elementor-size-]>a{color:inherit;font-size:inherit;line-height:inherit}.elementor-widget-heading .elementor-heading-title.elementor-size-small{font-size:15px}.elementor-widget-heading .elementor-heading-title.elementor-size-medium{font-size:19px}.elementor-widget-heading .elementor-heading-title.elementor-size-large{font-size:29px}.elementor-widget-heading .elementor-heading-title.elementor-size-xl{font-size:39px}.elementor-widget-heading .elementor-heading-title.elementor-size-xxl{font-size:59px}<\/style><h1 class=\"elementor-heading-title elementor-size-default\">O Odiseji<\/h1>\t\t<\/div>\n\t\t\t\t<\/div>\n\t\t\t\t\t<\/div>\n\t\t\t\t<\/div>\n\t\t<div class=\"elementor-element elementor-element-10a96b2 e-flex e-con-boxed e-con e-parent\" data-id=\"10a96b2\" data-element_type=\"container\">\n\t\t\t\t\t<div class=\"e-con-inner\">\n\t\t<div class=\"elementor-element elementor-element-0ae6020 e-con-full e-flex e-con e-child\" data-id=\"0ae6020\" data-element_type=\"container\">\n\t\t\t\t<div class=\"elementor-element elementor-element-95b5bd1 odiseja-body-text elementor-widget elementor-widget-text-editor\" data-id=\"95b5bd1\" data-element_type=\"widget\" data-widget_type=\"text-editor.default\">\n\t\t\t\t<div class=\"elementor-widget-container\">\n\t\t\t<style>\/*! elementor - v3.23.0 - 15-07-2024 *\/\n.elementor-widget-text-editor.elementor-drop-cap-view-stacked .elementor-drop-cap{background-color:#69727d;color:#fff}.elementor-widget-text-editor.elementor-drop-cap-view-framed .elementor-drop-cap{color:#69727d;border:3px solid;background-color:transparent}.elementor-widget-text-editor:not(.elementor-drop-cap-view-default) .elementor-drop-cap{margin-top:8px}.elementor-widget-text-editor:not(.elementor-drop-cap-view-default) .elementor-drop-cap-letter{width:1em;height:1em}.elementor-widget-text-editor .elementor-drop-cap{float:left;text-align:center;line-height:1;font-size:50px}.elementor-widget-text-editor .elementor-drop-cap-letter{display:inline-block}<\/style>\t\t\t\t<h2><strong>Kino<\/strong><\/h2>\n<p>V Odiseji je na voljo 11 kinodvoran z najsodobnej\u0161o tehnologijo za predvajanje hollywoodskih uspe\u0161nic in umetni\u0161kih filmov iz neodvisnih studiev. Skupno je na voljo ve\u010d kot 3100 udobnih sede\u017eev, ena od dvoran pa se pona\u0161a tudi z najve\u010djim LED-platnom v tem delu Evrope. Kino obratuje vsak dan v letu, s povpre\u010dno tremi projekcijami dnevno v vsaki dvorani. Poleg najnovej\u0161ih filmov Odiseja gosti tudi doma\u010de in mednarodne filmske festivale. Poseben poudarek je na premierah in tematskih filmskih dogodkih \u2013 Odiseja je prva izbira za vse ljubitelje filma v Sloveniji.<\/p>\n<h2><strong>Gledali\u0161\u010de in Stand-up<\/strong><\/h2>\n<p>Odiseja gosti komercialno gledali\u0161\u010de z dvema stalnima dvoranama. Ve\u010dja sprejme 500 obiskovalcev, manj\u0161a z 260 sede\u017ei pa je namenjena otro\u0161kim predstavam. Program poteka vse leto. Na repertoarju imamo predstave iz lastne produkcije ter \u0161irok nabor doma\u010dih in tujih ustvarjalcev ter najve\u010djih stand-up zvezd iz Slovenije in tujine. Obe dvorani sta opremljeni z vrhunsko odrsko tehnologijo za izvedbo umetni\u0161ko dovr\u0161enih uprizoritev.<\/p>\n<h2><strong>Koncerti<\/strong><\/h2>\n<p>Osrednja Velika dvorana Odiseje sprejme do 3500 obiskovalcev in je zaradi sodobne tehni\u010dne opreme ena izmed vodilnih koncertnih lokacij v Sloveniji. Zvi\u0161an oder, LED zasloni in skrbno zasnovana razporeditev zagotavljajo odli\u010dno vidljivost z vseh koti\u010dkov. Del galerije je namenjen VIP gostom.<\/p>\n<h2><strong>Dru\u017eabni dogodki<\/strong><\/h2>\n<p>Odiseja je sti\u010di\u0161\u010de najrazli\u010dnej\u0161ih dru\u017eabnih dogodkov \u2013 od medijskih in poslovnih, do zasebnih. Osrednja dvorana in lounge galerija z veliko zunanjo teraso sta prizori\u0161\u010de \u0161tevilnih sre\u010danj. Lounge bar Luna zdru\u017euje sodobnost z udobjem, z mislijo da izpolni vse \u017eelje in potrebe gostov. V Odiseji bo delovala tudi plesna \u0161ola, ki bo sodelovala pri organizaciji dogodkov in izvajala programe za vse generacije.<\/p>\n<h2><strong>Otro\u0161ko igri\u0161\u010de Profesor Baltazar in interaktivni park<\/strong><\/h2>\n<p>Otro\u0161ko igri\u0161\u010de Profesor Baltazar bo zdru\u017eevalo igro in znanost. Skozi zabavne eksperimente bodo otroci odkrivali skrivnosti narave \u2013 od nastanka tornadov do padavin. Igri\u0161\u010de bo odprto za javnost, organizirali pa bomo tudi znanstvene delavnice, predstavitve in animacije. Animatorji Odiseje bodo poskrbeli za nepozabna praznovanja rojstnih dni z izobra\u017eevalno-zabavno vsebino. Interaktivni park za mlaj\u0161e otroke se bo razprostiral na 200 m\u00b2. Otroci bodo vstopili v svet domi\u0161ljije \u2013 sprehodili se bodo \u010dez ocean ali vesolje, gugali na travniku, gradili vulkane in sanjske otoke.<\/p>\n<h2><strong>Video arkade, VR in gaming<\/strong><\/h2>\n<p>Raj za ljubitelje video iger, virtualne resni\u010dnosti in e-\u0161porta bodo gostje na\u0161li v spodnjem nadstopju. Na voljo bodo arkadne igre in gaming, organizirani pa bodo tudi turnirji, predstavitve in dogodki za vse, ki obo\u017eujejo igranje in digitalno zabavo.<\/p>\n<h2><strong>Rekreacija<\/strong><\/h2>\n<p>Za dobro po\u010dutje bo v Dvorani 12 vsak dan na voljo jutranja joga, pilates, plesne vadbe in programi za sprostitev telesa in duha. Vsebine bomo izvajali v sodelovanju s strokovnjaki in zunanjimi izvajalci.<\/p>\n<h2><strong>Hrana &amp; pija\u010da<\/strong><\/h2>\n<p>V Odiseji bo kar devet kulinari\u010dnih enot: dve restavraciji, tri enote s prigrizki in pija\u010do, trije bari ter sla\u0161\u010di\u010darna. Poleg stalne ponudbe bomo nudili tudi hi\u0161ni catering \u2013 tako za interne dogodke kot zunanje naro\u010dnike.<\/p>\n<h2><strong>Seminarji in konference<\/strong><\/h2>\n<p>Poslovni dogodki, kot so konference in seminarji, bodo ena klju\u010dnih dejavnosti v Odiseji. Vse dvorane bodo tehni\u010dno opremljene, nekatere pa bodo imele tudi napredno AV opremo, LED kino platna in udobne sede\u017ee s priklju\u010dki za polnjenje naprav. Program bo potekal skozi vse leto, med tednom od 7. do 17. ure. Gostili bomo organizatorje iz razli\u010dnih panog, ve\u010dkrat letno pa bomo pod znamko Boscarol pripravili tudi lastne konference. Za spro\u0161\u010dena sre\u010danja bo na voljo poslovni del galerije z Barom Sonce in teraso, ki bo odprt le za zaklju\u010dene dru\u017ebe.<\/p>\n<h2><strong>Sestanki in neformalna sre\u010danja (B2B\/B2C)<\/strong><\/h2>\n<p>V galeriji bo urejen poseben koti\u010dek za sestanke, poslovne zajtrke ali spro\u0161\u010dena sre\u010danja s partnerji in strankami v baru Sonce z veliko teraso. Podjetniki bodo imeli na voljo zasebne poslovne koti\u010dke z internetom in vso potrebno tehnologijo. Na voljo bo tudi sejna soba Sonce z bogato tehni\u010dno opremo, ki sprejme do 30 oseb. Mo\u017een je tudi najem Dvorane 1 VIP s 57 udobnimi sede\u017ei za individualne prezentacije oz. projekcije.<\/p>\n<h2><strong>Sejmi in razstave<\/strong><\/h2>\n<p>Odiseja bo gostila razli\u010dne sejme za poslovno in \u0161ir\u0161o javnost (B2B in B2C). Sejmi bodo sezonsko obarvani in tematsko raznoliki, potekali pa bodo v Veliki dvorani, z mo\u017enostjo dodatnih predstavitev v kino dvoranah. Prostor bo omogo\u010dal sodelovanje ve\u010d kot 200 ponudnikov na personaliziranih razstavnih prostorih.<\/p>\n<h2><strong>Trgovine in storitve<\/strong><\/h2>\n<p>V Odiseji bodo obiskovalcem na voljo lepotne storitve in trgovine s ponudbo daril, nakita, personaliziranih majic, telefonov in drugega programa, vezanega na dogajanje v centru. Nudili bomo tudi osnovne storitve, kot je pla\u010devanje telekomunikacijskih storitev in podobno.<\/p>\t\t\t\t\t\t<\/div>\n\t\t\t\t<\/div>\n\t\t\t\t<\/div>\n\t\t\t\t\t<\/div>\n\t\t\t\t<\/div>\n\t\t<div class=\"elementor-element elementor-element-706a1ae e-flex e-con-boxed e-con e-parent\" data-id=\"706a1ae\" data-element_type=\"container\">\n\t\t\t\t\t<div class=\"e-con-inner\">\n\t\t\t\t<div class=\"elementor-element elementor-element-a805e16 elementor-widget elementor-widget-spacer\" data-id=\"a805e16\" data-element_type=\"widget\" data-widget_type=\"spacer.default\">\n\t\t\t\t<div class=\"elementor-widget-container\">\n\t\t\t<style>\/*! elementor - v3.23.0 - 15-07-2024 *\/\n.elementor-column .elementor-spacer-inner{height:var(--spacer-size)}.e-con{--container-widget-width:100%}.e-con-inner>.elementor-widget-spacer,.e-con>.elementor-widget-spacer{width:var(--container-widget-width,var(--spacer-size));--align-self:var(--container-widget-align-self,initial);--flex-shrink:0}.e-con-inner>.elementor-widget-spacer>.elementor-widget-container,.e-con>.elementor-widget-spacer>.elementor-widget-container{height:100%;width:100%}.e-con-inner>.elementor-widget-spacer>.elementor-widget-container>.elementor-spacer,.e-con>.elementor-widget-spacer>.elementor-widget-container>.elementor-spacer{height:100%}.e-con-inner>.elementor-widget-spacer>.elementor-widget-container>.elementor-spacer>.elementor-spacer-inner,.e-con>.elementor-widget-spacer>.elementor-widget-container>.elementor-spacer>.elementor-spacer-inner{height:var(--container-widget-height,var(--spacer-size))}.e-con-inner>.elementor-widget-spacer.elementor-widget-empty,.e-con>.elementor-widget-spacer.elementor-widget-empty{position:relative;min-height:22px;min-width:22px}.e-con-inner>.elementor-widget-spacer.elementor-widget-empty .elementor-widget-empty-icon,.e-con>.elementor-widget-spacer.elementor-widget-empty .elementor-widget-empty-icon{position:absolute;top:0;bottom:0;left:0;right:0;margin:auto;padding:0;width:22px;height:22px}<\/style>\t\t<div class=\"elementor-spacer\">\n\t\t\t<div class=\"elementor-spacer-inner\"><\/div>\n\t\t<\/div>\n\t\t\t\t<\/div>\n\t\t\t\t<\/div>\n\t\t\t\t\t<\/div>\n\t\t\t\t<\/div>\n\t\t\t\t<\/div>\n\t\t","protected":false},"excerpt":{"rendered":"<p>O Odiseji Kino V Odiseji je na voljo 11 kinodvoran z najsodobnej\u0161o tehnologijo za predvajanje hollywoodskih uspe\u0161nic in umetni\u0161kih filmov iz neodvisnih studiev. Skupno je na voljo ve\u010d kot 3100 udobnih sede\u017eev, ena od dvoran pa se pona\u0161a tudi z najve\u010djim LED-platnom v tem delu Evrope. Kino obratuje vsak dan v letu, s povpre\u010dno tremi [&hellip;]<\/p>\n","protected":false},"author":5,"featured_media":0,"parent":0,"menu_order":0,"comment_status":"closed","ping_status":"closed","template":"","meta":{"_acf_changed":false,"footnotes":""},"acf":[],"yoast_head":"<!-- This site is optimized with the Yoast SEO plugin v23.0 - https:\/\/yoast.com\/wordpress\/plugins\/seo\/ -->\n<title>O Odiseji | Odiseja Ljubljana<\/title>\n<meta name=\"description\" content=\"Spoznajte Odisejo \u2013 vizijo, poslanstvo in ekipo, ki ustvarja kulturni utrip mesta.\" \/>\n<meta name=\"robots\" content=\"index, follow, max-snippet:-1, max-image-preview:large, max-video-preview:-1\" \/>\n<link rel=\"canonical\" href=\"https:\/\/test-www.odiseja.com\/sl\/o-odiseji\/\" \/>\n<meta property=\"og:locale\" content=\"sl_SI\" \/>\n<meta property=\"og:type\" content=\"article\" \/>\n<meta property=\"og:title\" content=\"O Odiseji | Odiseja Ljubljana\" \/>\n<meta property=\"og:description\" content=\"Spoznajte Odisejo \u2013 vizijo, poslanstvo in ekipo, ki ustvarja kulturni utrip mesta.\" \/>\n<meta property=\"og:url\" content=\"https:\/\/test-www.odiseja.com\/sl\/o-odiseji\/\" \/>\n<meta property=\"og:site_name\" content=\"Odisejada\" \/>\n<meta property=\"article:modified_time\" content=\"2025-06-11T12:15:42+00:00\" \/>\n<meta name=\"twitter:card\" content=\"summary_large_image\" \/>\n<meta name=\"twitter:label1\" content=\"Est. reading time\" \/>\n\t<meta name=\"twitter:data1\" content=\"4 minutes\" \/>\n<script type=\"application\/ld+json\" class=\"yoast-schema-graph\">{\"@context\":\"https:\/\/schema.org\",\"@graph\":[{\"@type\":\"WebPage\",\"@id\":\"https:\/\/test-www.odiseja.com\/sl\/o-odiseji\/\",\"url\":\"https:\/\/test-www.odiseja.com\/sl\/o-odiseji\/\",\"name\":\"O Odiseji | Odiseja Ljubljana\",\"isPartOf\":{\"@id\":\"https:\/\/test-www.odiseja.com\/sl\/#website\"},\"datePublished\":\"2025-06-02T07:23:32+00:00\",\"dateModified\":\"2025-06-11T12:15:42+00:00\",\"description\":\"Spoznajte Odisejo \u2013 vizijo, poslanstvo in ekipo, ki ustvarja kulturni utrip mesta.\",\"breadcrumb\":{\"@id\":\"https:\/\/test-www.odiseja.com\/sl\/o-odiseji\/#breadcrumb\"},\"inLanguage\":\"sl-SI\",\"potentialAction\":[{\"@type\":\"ReadAction\",\"target\":[\"https:\/\/test-www.odiseja.com\/sl\/o-odiseji\/\"]}]},{\"@type\":\"BreadcrumbList\",\"@id\":\"https:\/\/test-www.odiseja.com\/sl\/o-odiseji\/#breadcrumb\",\"itemListElement\":[{\"@type\":\"ListItem\",\"position\":1,\"name\":\"Home\",\"item\":\"https:\/\/test-www.odiseja.com\/sl\/\"},{\"@type\":\"ListItem\",\"position\":2,\"name\":\"O Odiseji\"}]},{\"@type\":\"WebSite\",\"@id\":\"https:\/\/test-www.odiseja.com\/sl\/#website\",\"url\":\"https:\/\/test-www.odiseja.com\/sl\/\",\"name\":\"Odisejada DEV\",\"description\":\"\",\"potentialAction\":[{\"@type\":\"SearchAction\",\"target\":{\"@type\":\"EntryPoint\",\"urlTemplate\":\"https:\/\/test-www.odiseja.com\/sl\/?s={search_term_string}\"},\"query-input\":\"required name=search_term_string\"}],\"inLanguage\":\"sl-SI\"}]}<\/script>\n<!-- \/ Yoast SEO plugin. -->","yoast_head_json":{"title":"O Odiseji | Odiseja Ljubljana","description":"Spoznajte Odisejo \u2013 vizijo, poslanstvo in ekipo, ki ustvarja kulturni utrip mesta.","robots":{"index":"index","follow":"follow","max-snippet":"max-snippet:-1","max-image-preview":"max-image-preview:large","max-video-preview":"max-video-preview:-1"},"canonical":"https:\/\/test-www.odiseja.com\/sl\/o-odiseji\/","og_locale":"sl_SI","og_type":"article","og_title":"O Odiseji | Odiseja Ljubljana","og_description":"Spoznajte Odisejo \u2013 vizijo, poslanstvo in ekipo, ki ustvarja kulturni utrip mesta.","og_url":"https:\/\/test-www.odiseja.com\/sl\/o-odiseji\/","og_site_name":"Odisejada","article_modified_time":"2025-06-11T12:15:42+00:00","twitter_card":"summary_large_image","twitter_misc":{"Est. reading time":"4 minutes"},"schema":{"@context":"https:\/\/schema.org","@graph":[{"@type":"WebPage","@id":"https:\/\/test-www.odiseja.com\/sl\/o-odiseji\/","url":"https:\/\/test-www.odiseja.com\/sl\/o-odiseji\/","name":"O Odiseji | Odiseja Ljubljana","isPartOf":{"@id":"https:\/\/test-www.odiseja.com\/sl\/#website"},"datePublished":"2025-06-02T07:23:32+00:00","dateModified":"2025-06-11T12:15:42+00:00","description":"Spoznajte Odisejo \u2013 vizijo, poslanstvo in ekipo, ki ustvarja kulturni utrip mesta.","breadcrumb":{"@id":"https:\/\/test-www.odiseja.com\/sl\/o-odiseji\/#breadcrumb"},"inLanguage":"sl-SI","potentialAction":[{"@type":"ReadAction","target":["https:\/\/test-www.odiseja.com\/sl\/o-odiseji\/"]}]},{"@type":"BreadcrumbList","@id":"https:\/\/test-www.odiseja.com\/sl\/o-odiseji\/#breadcrumb","itemListElement":[{"@type":"ListItem","position":1,"name":"Home","item":"https:\/\/test-www.odiseja.com\/sl\/"},{"@type":"ListItem","position":2,"name":"O Odiseji"}]},{"@type":"WebSite","@id":"https:\/\/test-www.odiseja.com\/sl\/#website","url":"https:\/\/test-www.odiseja.com\/sl\/","name":"Odisejada DEV","description":"","potentialAction":[{"@type":"SearchAction","target":{"@type":"EntryPoint","urlTemplate":"https:\/\/test-www.odiseja.com\/sl\/?s={search_term_string}"},"query-input":"required name=search_term_string"}],"inLanguage":"sl-SI"}]}},"_links":{"self":[{"href":"https:\/\/test-www.odiseja.com\/sl\/wp-json\/wp\/v2\/pages\/5049"}],"collection":[{"href":"https:\/\/test-www.odiseja.com\/sl\/wp-json\/wp\/v2\/pages"}],"about":[{"href":"https:\/\/test-www.odiseja.com\/sl\/wp-json\/wp\/v2\/types\/page"}],"author":[{"embeddable":true,"href":"https:\/\/test-www.odiseja.com\/sl\/wp-json\/wp\/v2\/users\/5"}],"replies":[{"embeddable":true,"href":"https:\/\/test-www.odiseja.com\/sl\/wp-json\/wp\/v2\/comments?post=5049"}],"version-history":[{"count":7,"href":"https:\/\/test-www.odiseja.com\/sl\/wp-json\/wp\/v2\/pages\/5049\/revisions"}],"predecessor-version":[{"id":5421,"href":"https:\/\/test-www.odiseja.com\/sl\/wp-json\/wp\/v2\/pages\/5049\/revisions\/5421"}],"wp:attachment":[{"href":"https:\/\/test-www.odiseja.com\/sl\/wp-json\/wp\/v2\/media?parent=5049"}],"curies":[{"name":"wp","href":"https:\/\/api.w.org\/{rel}","templated":true}]}}