{"id":851,"date":"2024-09-12T07:50:50","date_gmt":"2024-09-12T05:50:50","guid":{"rendered":"https:\/\/test-www.odiseja.com\/coming-soon\/"},"modified":"2025-09-18T15:45:40","modified_gmt":"2025-09-18T13:45:40","slug":"prihaja-kmalu-kino","status":"publish","type":"page","link":"https:\/\/test-www.odiseja.com\/sl\/prihaja-kmalu-kino\/","title":{"rendered":"Prihaja kmalu &#8211; Kino"},"content":{"rendered":"\t\t<div data-elementor-type=\"wp-page\" data-elementor-id=\"851\" class=\"elementor elementor-851 elementor-9\" data-elementor-post-type=\"page\">\n\t\t\t\t<div class=\"elementor-element elementor-element-2b8baee odiseja-page-header e-flex e-con-boxed e-con e-parent\" data-id=\"2b8baee\" data-element_type=\"container\" data-settings=\"{&quot;background_background&quot;:&quot;classic&quot;}\">\n\t\t\t\t\t<div class=\"e-con-inner\">\n\t\t\t\t<div class=\"elementor-element elementor-element-bbb668d elementor-widget elementor-widget-heading\" data-id=\"bbb668d\" data-element_type=\"widget\" data-widget_type=\"heading.default\">\n\t\t\t\t<div class=\"elementor-widget-container\">\n\t\t\t<style>\/*! elementor - v3.23.0 - 15-07-2024 *\/\n.elementor-heading-title{padding:0;margin:0;line-height:1}.elementor-widget-heading .elementor-heading-title[class*=elementor-size-]>a{color:inherit;font-size:inherit;line-height:inherit}.elementor-widget-heading .elementor-heading-title.elementor-size-small{font-size:15px}.elementor-widget-heading .elementor-heading-title.elementor-size-medium{font-size:19px}.elementor-widget-heading .elementor-heading-title.elementor-size-large{font-size:29px}.elementor-widget-heading .elementor-heading-title.elementor-size-xl{font-size:39px}.elementor-widget-heading .elementor-heading-title.elementor-size-xxl{font-size:59px}<\/style><h1 class=\"elementor-heading-title elementor-size-default\">Prihaja kmalu<\/h1>\t\t<\/div>\n\t\t\t\t<\/div>\n\t\t\t\t\t<\/div>\n\t\t\t\t<\/div>\n\t\t<div class=\"elementor-element elementor-element-0311b0b e-flex e-con-boxed e-con e-parent\" data-id=\"0311b0b\" data-element_type=\"container\">\n\t\t\t\t\t<div class=\"e-con-inner\">\n\t\t\t\t<div class=\"elementor-element elementor-element-0919b4b elementor-widget elementor-widget-coming-soon\" data-id=\"0919b4b\" data-element_type=\"widget\" data-widget_type=\"coming-soon.default\">\n\t\t\t\t<div class=\"elementor-widget-container\">\n\t\t\t<coming-soon options='{\"days\": 120, \"groupBy\": \"day\", \"comparePremiereDate\": \"national\", \"showFilters\": false, \"showAgeRating\": false, \"defaultTagGroups\": [],\"defaultTags\": []}'>\t\t<\/div>\n\t\t\t\t<\/div>\n\t\t\t\t\t<\/div>\n\t\t\t\t<\/div>\n\t\t\t\t<\/div>\n\t\t","protected":false},"excerpt":{"rendered":"<p>Prihaja kmalu<\/p>\n","protected":false},"author":1,"featured_media":0,"parent":0,"menu_order":0,"comment_status":"closed","ping_status":"closed","template":"template-parts\/template-page-untitled-full.php","meta":{"_acf_changed":false,"footnotes":""},"acf":[],"yoast_head":"<!-- This site is optimized with the Yoast SEO plugin v23.0 - https:\/\/yoast.com\/wordpress\/plugins\/seo\/ -->\n<title>Kino - Prihaja kmalu | Odiseja Ljubljana<\/title>\n<meta name=\"description\" content=\"Bodite med prvimi, ki bodo do\u017eiveli prihajajo\u010de filmske premiere v Odiseji Ljubljana. Vesolje zgodb vas \u010daka.\" \/>\n<meta name=\"robots\" content=\"index, follow, max-snippet:-1, max-image-preview:large, max-video-preview:-1\" \/>\n<link rel=\"canonical\" href=\"https:\/\/test-www.odiseja.com\/sl\/prihaja-kmalu-kino\/\" \/>\n<meta property=\"og:locale\" content=\"sl_SI\" \/>\n<meta property=\"og:type\" content=\"article\" \/>\n<meta property=\"og:title\" content=\"Kino - Prihaja kmalu | Odiseja Ljubljana\" \/>\n<meta property=\"og:description\" content=\"Bodite med prvimi, ki bodo do\u017eiveli prihajajo\u010de filmske premiere v Odiseji Ljubljana. Vesolje zgodb vas \u010daka.\" \/>\n<meta property=\"og:url\" content=\"https:\/\/test-www.odiseja.com\/sl\/prihaja-kmalu-kino\/\" \/>\n<meta property=\"og:site_name\" content=\"Odisejada\" \/>\n<meta property=\"article:modified_time\" content=\"2025-09-18T13:45:40+00:00\" \/>\n<meta name=\"twitter:card\" content=\"summary_large_image\" \/>\n<meta name=\"twitter:label1\" content=\"Est. reading time\" \/>\n\t<meta name=\"twitter:data1\" content=\"4 minutes\" \/>\n<script type=\"application\/ld+json\" class=\"yoast-schema-graph\">{\"@context\":\"https:\/\/schema.org\",\"@graph\":[{\"@type\":\"WebPage\",\"@id\":\"https:\/\/test-www.odiseja.com\/sl\/prihaja-kmalu-kino\/\",\"url\":\"https:\/\/test-www.odiseja.com\/sl\/prihaja-kmalu-kino\/\",\"name\":\"Kino - Prihaja kmalu | Odiseja Ljubljana\",\"isPartOf\":{\"@id\":\"https:\/\/test-www.odiseja.com\/sl\/#website\"},\"datePublished\":\"2024-09-12T05:50:50+00:00\",\"dateModified\":\"2025-09-18T13:45:40+00:00\",\"description\":\"Bodite med prvimi, ki bodo do\u017eiveli prihajajo\u010de filmske premiere v Odiseji Ljubljana. Vesolje zgodb vas \u010daka.\",\"breadcrumb\":{\"@id\":\"https:\/\/test-www.odiseja.com\/sl\/prihaja-kmalu-kino\/#breadcrumb\"},\"inLanguage\":\"sl-SI\",\"potentialAction\":[{\"@type\":\"ReadAction\",\"target\":[\"https:\/\/test-www.odiseja.com\/sl\/prihaja-kmalu-kino\/\"]}]},{\"@type\":\"BreadcrumbList\",\"@id\":\"https:\/\/test-www.odiseja.com\/sl\/prihaja-kmalu-kino\/#breadcrumb\",\"itemListElement\":[{\"@type\":\"ListItem\",\"position\":1,\"name\":\"Home\",\"item\":\"https:\/\/test-www.odiseja.com\/sl\/\"},{\"@type\":\"ListItem\",\"position\":2,\"name\":\"Prihaja kmalu &#8211; Kino\"}]},{\"@type\":\"WebSite\",\"@id\":\"https:\/\/test-www.odiseja.com\/sl\/#website\",\"url\":\"https:\/\/test-www.odiseja.com\/sl\/\",\"name\":\"Odisejada DEV\",\"description\":\"\",\"potentialAction\":[{\"@type\":\"SearchAction\",\"target\":{\"@type\":\"EntryPoint\",\"urlTemplate\":\"https:\/\/test-www.odiseja.com\/sl\/?s={search_term_string}\"},\"query-input\":\"required name=search_term_string\"}],\"inLanguage\":\"sl-SI\"}]}<\/script>\n<!-- \/ Yoast SEO plugin. -->","yoast_head_json":{"title":"Kino - Prihaja kmalu | Odiseja Ljubljana","description":"Bodite med prvimi, ki bodo do\u017eiveli prihajajo\u010de filmske premiere v Odiseji Ljubljana. Vesolje zgodb vas \u010daka.","robots":{"index":"index","follow":"follow","max-snippet":"max-snippet:-1","max-image-preview":"max-image-preview:large","max-video-preview":"max-video-preview:-1"},"canonical":"https:\/\/test-www.odiseja.com\/sl\/prihaja-kmalu-kino\/","og_locale":"sl_SI","og_type":"article","og_title":"Kino - Prihaja kmalu | Odiseja Ljubljana","og_description":"Bodite med prvimi, ki bodo do\u017eiveli prihajajo\u010de filmske premiere v Odiseji Ljubljana. Vesolje zgodb vas \u010daka.","og_url":"https:\/\/test-www.odiseja.com\/sl\/prihaja-kmalu-kino\/","og_site_name":"Odisejada","article_modified_time":"2025-09-18T13:45:40+00:00","twitter_card":"summary_large_image","twitter_misc":{"Est. reading time":"4 minutes"},"schema":{"@context":"https:\/\/schema.org","@graph":[{"@type":"WebPage","@id":"https:\/\/test-www.odiseja.com\/sl\/prihaja-kmalu-kino\/","url":"https:\/\/test-www.odiseja.com\/sl\/prihaja-kmalu-kino\/","name":"Kino - Prihaja kmalu | Odiseja Ljubljana","isPartOf":{"@id":"https:\/\/test-www.odiseja.com\/sl\/#website"},"datePublished":"2024-09-12T05:50:50+00:00","dateModified":"2025-09-18T13:45:40+00:00","description":"Bodite med prvimi, ki bodo do\u017eiveli prihajajo\u010de filmske premiere v Odiseji Ljubljana. Vesolje zgodb vas \u010daka.","breadcrumb":{"@id":"https:\/\/test-www.odiseja.com\/sl\/prihaja-kmalu-kino\/#breadcrumb"},"inLanguage":"sl-SI","potentialAction":[{"@type":"ReadAction","target":["https:\/\/test-www.odiseja.com\/sl\/prihaja-kmalu-kino\/"]}]},{"@type":"BreadcrumbList","@id":"https:\/\/test-www.odiseja.com\/sl\/prihaja-kmalu-kino\/#breadcrumb","itemListElement":[{"@type":"ListItem","position":1,"name":"Home","item":"https:\/\/test-www.odiseja.com\/sl\/"},{"@type":"ListItem","position":2,"name":"Prihaja kmalu &#8211; Kino"}]},{"@type":"WebSite","@id":"https:\/\/test-www.odiseja.com\/sl\/#website","url":"https:\/\/test-www.odiseja.com\/sl\/","name":"Odisejada DEV","description":"","potentialAction":[{"@type":"SearchAction","target":{"@type":"EntryPoint","urlTemplate":"https:\/\/test-www.odiseja.com\/sl\/?s={search_term_string}"},"query-input":"required name=search_term_string"}],"inLanguage":"sl-SI"}]}},"_links":{"self":[{"href":"https:\/\/test-www.odiseja.com\/sl\/wp-json\/wp\/v2\/pages\/851"}],"collection":[{"href":"https:\/\/test-www.odiseja.com\/sl\/wp-json\/wp\/v2\/pages"}],"about":[{"href":"https:\/\/test-www.odiseja.com\/sl\/wp-json\/wp\/v2\/types\/page"}],"author":[{"embeddable":true,"href":"https:\/\/test-www.odiseja.com\/sl\/wp-json\/wp\/v2\/users\/1"}],"replies":[{"embeddable":true,"href":"https:\/\/test-www.odiseja.com\/sl\/wp-json\/wp\/v2\/comments?post=851"}],"version-history":[{"count":19,"href":"https:\/\/test-www.odiseja.com\/sl\/wp-json\/wp\/v2\/pages\/851\/revisions"}],"predecessor-version":[{"id":8381,"href":"https:\/\/test-www.odiseja.com\/sl\/wp-json\/wp\/v2\/pages\/851\/revisions\/8381"}],"wp:attachment":[{"href":"https:\/\/test-www.odiseja.com\/sl\/wp-json\/wp\/v2\/media?parent=851"}],"curies":[{"name":"wp","href":"https:\/\/api.w.org\/{rel}","templated":true}]}}