{"id":8553,"date":"2025-11-04T14:11:31","date_gmt":"2025-11-04T13:11:31","guid":{"rendered":"https:\/\/test-www.odiseja.com\/?page_id=8553"},"modified":"2025-11-04T14:25:16","modified_gmt":"2025-11-04T13:25:16","slug":"asistent-v-it","status":"publish","type":"page","link":"https:\/\/test-www.odiseja.com\/sl\/zaposlitev\/asistent-v-it\/","title":{"rendered":"Asistent v IT"},"content":{"rendered":"\t\t<div data-elementor-type=\"wp-page\" data-elementor-id=\"8553\" class=\"elementor elementor-8553\" data-elementor-post-type=\"page\">\n\t\t\t\t<div class=\"elementor-element elementor-element-8028e07 odiseja-page-header e-flex e-con-boxed e-con e-parent\" data-id=\"8028e07\" data-element_type=\"container\" data-settings=\"{&quot;background_background&quot;:&quot;classic&quot;}\">\n\t\t\t\t\t<div class=\"e-con-inner\">\n\t\t\t\t<div class=\"elementor-element elementor-element-37f8c32 elementor-widget elementor-widget-heading\" data-id=\"37f8c32\" data-element_type=\"widget\" data-widget_type=\"heading.default\">\n\t\t\t\t<div class=\"elementor-widget-container\">\n\t\t\t<style>\/*! elementor - v3.23.0 - 15-07-2024 *\/\n.elementor-heading-title{padding:0;margin:0;line-height:1}.elementor-widget-heading .elementor-heading-title[class*=elementor-size-]>a{color:inherit;font-size:inherit;line-height:inherit}.elementor-widget-heading .elementor-heading-title.elementor-size-small{font-size:15px}.elementor-widget-heading .elementor-heading-title.elementor-size-medium{font-size:19px}.elementor-widget-heading .elementor-heading-title.elementor-size-large{font-size:29px}.elementor-widget-heading .elementor-heading-title.elementor-size-xl{font-size:39px}.elementor-widget-heading .elementor-heading-title.elementor-size-xxl{font-size:59px}<\/style><h1 class=\"elementor-heading-title elementor-size-default\">Zaposlitev<\/h1>\t\t<\/div>\n\t\t\t\t<\/div>\n\t\t\t\t\t<\/div>\n\t\t\t\t<\/div>\n\t\t<div class=\"elementor-element elementor-element-b50e78c e-flex e-con-boxed e-con e-parent\" data-id=\"b50e78c\" data-element_type=\"container\">\n\t\t\t\t\t<div class=\"e-con-inner\">\n\t\t<div class=\"elementor-element elementor-element-691c5f6 e-con-full e-flex e-con e-child\" data-id=\"691c5f6\" data-element_type=\"container\">\n\t\t\t\t<div class=\"elementor-element elementor-element-267e0df elementor-widget elementor-widget-heading\" data-id=\"267e0df\" data-element_type=\"widget\" data-widget_type=\"heading.default\">\n\t\t\t\t<div class=\"elementor-widget-container\">\n\t\t\t<h3 class=\"elementor-heading-title elementor-size-default\">asistent v it<\/h3>\t\t<\/div>\n\t\t\t\t<\/div>\n\t\t\t\t<div class=\"elementor-element elementor-element-e415934 elementor-widget elementor-widget-heading\" data-id=\"e415934\" data-element_type=\"widget\" data-widget_type=\"heading.default\">\n\t\t\t\t<div class=\"elementor-widget-container\">\n\t\t\t<h2 class=\"elementor-heading-title elementor-size-default\">\u0160tudentsko delo<\/h2>\t\t<\/div>\n\t\t\t\t<\/div>\n\t\t\t\t<div class=\"elementor-element elementor-element-1d0676a elementor-widget elementor-widget-image\" data-id=\"1d0676a\" data-element_type=\"widget\" data-widget_type=\"image.default\">\n\t\t\t\t<div class=\"elementor-widget-container\">\n\t\t\t<style>\/*! elementor - v3.23.0 - 15-07-2024 *\/\n.elementor-widget-image{text-align:center}.elementor-widget-image a{display:inline-block}.elementor-widget-image a img[src$=\".svg\"]{width:48px}.elementor-widget-image img{vertical-align:middle;display:inline-block}<\/style>\t\t\t\t\t\t\t\t\t\t<img fetchpriority=\"high\" decoding=\"async\" width=\"1024\" height=\"574\" src=\"https:\/\/test-www.odiseja.com\/app\/uploads\/2025\/11\/AdobeStock_905603018-1024x574.jpeg\" class=\"attachment-large size-large wp-image-8556\" alt=\"\" srcset=\"https:\/\/test-www.odiseja.com\/app\/uploads\/2025\/11\/AdobeStock_905603018-1024x574.jpeg 1024w, https:\/\/test-www.odiseja.com\/app\/uploads\/2025\/11\/AdobeStock_905603018-300x168.jpeg 300w, https:\/\/test-www.odiseja.com\/app\/uploads\/2025\/11\/AdobeStock_905603018-768x430.jpeg 768w, https:\/\/test-www.odiseja.com\/app\/uploads\/2025\/11\/AdobeStock_905603018-1536x861.jpeg 1536w, https:\/\/test-www.odiseja.com\/app\/uploads\/2025\/11\/AdobeStock_905603018-2048x1148.jpeg 2048w, https:\/\/test-www.odiseja.com\/app\/uploads\/2025\/11\/AdobeStock_905603018-460x258.jpeg 460w, https:\/\/test-www.odiseja.com\/app\/uploads\/2025\/11\/AdobeStock_905603018-1142x640.jpeg 1142w\" sizes=\"(max-width: 1024px) 100vw, 1024px\" \/>\t\t\t\t\t\t\t\t\t\t\t\t\t<\/div>\n\t\t\t\t<\/div>\n\t\t\t\t<div class=\"elementor-element elementor-element-ac5c152 elementor-widget elementor-widget-text-editor\" data-id=\"ac5c152\" data-element_type=\"widget\" data-widget_type=\"text-editor.default\">\n\t\t\t\t<div class=\"elementor-widget-container\">\n\t\t\t<style>\/*! elementor - v3.23.0 - 15-07-2024 *\/\n.elementor-widget-text-editor.elementor-drop-cap-view-stacked .elementor-drop-cap{background-color:#69727d;color:#fff}.elementor-widget-text-editor.elementor-drop-cap-view-framed .elementor-drop-cap{color:#69727d;border:3px solid;background-color:transparent}.elementor-widget-text-editor:not(.elementor-drop-cap-view-default) .elementor-drop-cap{margin-top:8px}.elementor-widget-text-editor:not(.elementor-drop-cap-view-default) .elementor-drop-cap-letter{width:1em;height:1em}.elementor-widget-text-editor .elementor-drop-cap{float:left;text-align:center;line-height:1;font-size:50px}.elementor-widget-text-editor .elementor-drop-cap-letter{display:inline-block}<\/style>\t\t\t\t<p><strong>Odisejada d.o.o.\u00a0<\/strong>je podjetje, ki upravlja poslovno-zabavi\u0161\u010dni center Odiseja (biv\u0161i Kolosej).<\/p><p>V\u00a0<strong>Odiseji\u00a0<\/strong>se odvijajo razli\u010dne dejavnosti, med drugim je v Odiseji mo\u017eno obiskati kino, gledali\u0161\u010de, koncerte, dru\u017eabne dogodke, konference, seminarje, otro\u0161ki program, program za najstnike in igri\u010darje ter se prepustiti pestri gostinski ponudbi. Odiseja je visokotehnolo\u0161ki objekt, ki je trajnostno naravnan in mo\u010dno povezan z lokalnim okoljem.<\/p><p>Odiseja je del skupine Boscarol.<\/p>\t\t\t\t\t\t<\/div>\n\t\t\t\t<\/div>\n\t\t\t\t<div class=\"elementor-element elementor-element-d05c0ac elementor-align-justify elementor-widget elementor-widget-button\" data-id=\"d05c0ac\" data-element_type=\"widget\" data-widget_type=\"button.default\">\n\t\t\t\t<div class=\"elementor-widget-container\">\n\t\t\t\t\t<div class=\"elementor-button-wrapper\">\n\t\t\t<a class=\"elementor-button elementor-button-link elementor-size-sm\" href=\"mailto:zaposlitev@odiseja.si\">\n\t\t\t\t\t\t<span class=\"elementor-button-content-wrapper\">\n\t\t\t\t\t\t<span class=\"elementor-button-icon\">\n\t\t\t\t<svg aria-hidden=\"true\" class=\"e-font-icon-svg e-far-envelope\" viewBox=\"0 0 512 512\" xmlns=\"http:\/\/www.w3.org\/2000\/svg\"><path d=\"M464 64H48C21.49 64 0 85.49 0 112v288c0 26.51 21.49 48 48 48h416c26.51 0 48-21.49 48-48V112c0-26.51-21.49-48-48-48zm0 48v40.805c-22.422 18.259-58.168 46.651-134.587 106.49-16.841 13.247-50.201 45.072-73.413 44.701-23.208.375-56.579-31.459-73.413-44.701C106.18 199.465 70.425 171.067 48 152.805V112h416zM48 400V214.398c22.914 18.251 55.409 43.862 104.938 82.646 21.857 17.205 60.134 55.186 103.062 54.955 42.717.231 80.509-37.199 103.053-54.947 49.528-38.783 82.032-64.401 104.947-82.653V400H48z\"><\/path><\/svg>\t\t\t<\/span>\n\t\t\t\t\t\t\t\t\t<span class=\"elementor-button-text\">Prijavite se<\/span>\n\t\t\t\t\t<\/span>\n\t\t\t\t\t<\/a>\n\t\t<\/div>\n\t\t\t\t<\/div>\n\t\t\t\t<\/div>\n\t\t\t\t<\/div>\n\t\t<div class=\"elementor-element elementor-element-31ba549 e-con-full e-flex e-con e-child\" data-id=\"31ba549\" data-element_type=\"container\">\n\t\t\t\t<div class=\"elementor-element elementor-element-7da0c93 elementor-widget elementor-widget-text-editor\" data-id=\"7da0c93\" data-element_type=\"widget\" data-widget_type=\"text-editor.default\">\n\t\t\t\t<div class=\"elementor-widget-container\">\n\t\t\t\t\t\t\t<h3 style=\"color: #00a1b1; font-family: 'UnitedSans', sans-serif; font-size: 22px;\">Opis nalog:<\/h3><p>\u00a0<\/p><ul><li><span class=\"TextRun SCXW215662011 BCX0\" lang=\"SL-SI\" xml:lang=\"SL-SI\" data-contrast=\"auto\"><span class=\"NormalTextRun SCXW215662011 BCX0\">pod<\/span><span class=\"NormalTextRun SCXW215662011 BCX0\">p<\/span><span class=\"NormalTextRun SCXW215662011 BCX0\">ora poslovnim uporabnikom,<\/span><\/span><span class=\"EOP SCXW215662011 BCX0\" data-ccp-props=\"{}\">\u00a0<\/span><\/li><li><span class=\"TextRun SCXW88853521 BCX0\" lang=\"SL-SI\" xml:lang=\"SL-SI\" data-contrast=\"auto\"><span class=\"NormalTextRun SCXW88853521 BCX0\">re\u0161evanje incidentov in tehni\u010dnih zahtevkov uporabnikov<\/span><span class=\"NormalTextRun SCXW88853521 BCX0\">,<\/span><\/span><span class=\"EOP SCXW88853521 BCX0\" data-ccp-props=\"{}\">\u00a0<\/span><\/li><li><span class=\"TextRun SCXW146327552 BCX0\" lang=\"SL-SI\" xml:lang=\"SL-SI\" data-contrast=\"auto\"><span class=\"NormalTextRun SCXW146327552 BCX0\">upravljanje aplikacij,\u00a0<\/span><\/span><span class=\"EOP SCXW146327552 BCX0\" data-ccp-props=\"{}\">\u00a0<\/span><\/li><li><span class=\"TextRun SCXW255172713 BCX0\" lang=\"SL-SI\" xml:lang=\"SL-SI\" data-contrast=\"auto\"><span class=\"NormalTextRun SCXW255172713 BCX0\">uporabni\u0161kih ra\u010dunov in delovnih postaj,\u00a0<\/span><\/span><span class=\"EOP SCXW255172713 BCX0\" data-ccp-props=\"{}\">\u00a0<\/span><\/li><li><span class=\"TextRun SCXW194262108 BCX0\" lang=\"SL-SI\" xml:lang=\"SL-SI\" data-contrast=\"auto\"><span class=\"NormalTextRun SCXW194262108 BCX0\">name\u0161\u010danje operacijskih sistemov in aplikacij,<\/span><\/span><span class=\"EOP SCXW194262108 BCX0\" data-ccp-props=\"{}\">\u00a0<\/span><\/li><li><span class=\"TextRun SCXW89565702 BCX0\" lang=\"SL-SI\" xml:lang=\"SL-SI\" data-contrast=\"auto\"><span class=\"NormalTextRun SCXW89565702 BCX0\">name\u0161\u010danje in konfiguracija programske opreme ter blagajn<\/span><span class=\"NormalTextRun SCXW89565702 BCX0\">,<\/span><\/span><span class=\"EOP SCXW89565702 BCX0\" data-ccp-props=\"{}\">\u00a0<\/span><\/li><li><span class=\"TextRun SCXW127355863 BCX0\" lang=\"SL-SI\" xml:lang=\"SL-SI\" data-contrast=\"auto\"><span class=\"NormalTextRun SCXW127355863 BCX0\">tehni\u010dna pomo\u010d uporabnikom.\u00a0<\/span><\/span><span class=\"EOP SCXW127355863 BCX0\" data-ccp-props=\"{}\">\u00a0<\/span><\/li><\/ul><h3 style=\"color: #00a1b1; font-family: 'UnitedSans', sans-serif; font-size: 22px;\">Pri\u010dakujemo:<\/h3><p>\u00a0<\/p><ul><li><span class=\"TextRun SCXW241675974 BCX0\" lang=\"SL-SI\" xml:lang=\"SL-SI\" data-contrast=\"auto\"><span class=\"NormalTextRun SCXW241675974 BCX0\">poznavanje okolja Windows, <\/span><span class=\"NormalTextRun SpellingErrorV2Themed SCXW241675974 BCX0\">MacOS<\/span><span class=\"NormalTextRun SCXW241675974 BCX0\">, Android in MS Office,\u00a0<\/span><\/span><span class=\"EOP SCXW241675974 BCX0\" data-ccp-props=\"{}\">\u00a0<\/span><\/li><li><span class=\"TextRun SCXW76159362 BCX0\" lang=\"SL-SI\" xml:lang=\"SL-SI\" data-contrast=\"auto\"><span class=\"NormalTextRun SCXW76159362 BCX0\">osnovno poznavanje ra\u010dunalni\u0161kih omre\u017eij (LAN\/<\/span><span class=\"NormalTextRun SpellingErrorV2Themed SCXW76159362 BCX0\">Wi<\/span><span class=\"NormalTextRun SCXW76159362 BCX0\">-Fi, IP nastavitve)<\/span><span class=\"NormalTextRun SCXW76159362 BCX0\">,<\/span><\/span><span class=\"EOP SCXW76159362 BCX0\" data-ccp-props=\"{}\">\u00a0<\/span><\/li><li><span class=\"TextRun SCXW16739493 BCX0\" lang=\"SL-SI\" xml:lang=\"SL-SI\" data-contrast=\"auto\"><span class=\"NormalTextRun SCXW16739493 BCX0\">obvezno znanje angle\u0161kega jezika (pisno in ustno)<\/span><span class=\"NormalTextRun SCXW16739493 BCX0\">.<\/span><\/span><span class=\"EOP SCXW16739493 BCX0\" data-ccp-props=\"{}\">\u00a0<\/span><\/li><\/ul><p>Prednost imajo \u0161tudenti ra\u010dunalni\u0161tva in informatike.<\/p><p>Mo\u017enost dolgoro\u010dnega sodelovanja in zaposlitve.<\/p><p>10\u20ac \/ uro neto<\/p><p>\u00a0<\/p><div>\u00a0<\/div>\t\t\t\t\t\t<\/div>\n\t\t\t\t<\/div>\n\t\t\t\t<\/div>\n\t\t\t\t\t<\/div>\n\t\t\t\t<\/div>\n\t\t\t\t<\/div>\n\t\t","protected":false},"excerpt":{"rendered":"<p>Zaposlitev asistent v it \u0160tudentsko delo Odisejada d.o.o.\u00a0je podjetje, ki upravlja poslovno-zabavi\u0161\u010dni center Odiseja (biv\u0161i Kolosej). V\u00a0Odiseji\u00a0se odvijajo razli\u010dne dejavnosti, med drugim je v Odiseji mo\u017eno obiskati kino, gledali\u0161\u010de, koncerte, dru\u017eabne dogodke, konference, seminarje, otro\u0161ki program, program za najstnike in igri\u010darje ter se prepustiti pestri gostinski ponudbi. Odiseja je visokotehnolo\u0161ki objekt, ki je trajnostno naravnan [&hellip;]<\/p>\n","protected":false},"author":12,"featured_media":0,"parent":4416,"menu_order":0,"comment_status":"closed","ping_status":"closed","template":"","meta":{"_acf_changed":false,"footnotes":""},"acf":[],"yoast_head":"<!-- This site is optimized with the Yoast SEO plugin v23.0 - https:\/\/yoast.com\/wordpress\/plugins\/seo\/ -->\n<title>Asistent v IT - Odisejada<\/title>\n<meta name=\"robots\" content=\"index, follow, max-snippet:-1, max-image-preview:large, max-video-preview:-1\" \/>\n<link rel=\"canonical\" href=\"https:\/\/test-www.odiseja.com\/sl\/zaposlitev\/asistent-v-it\/\" \/>\n<meta property=\"og:locale\" content=\"sl_SI\" \/>\n<meta property=\"og:type\" content=\"article\" \/>\n<meta property=\"og:title\" content=\"Asistent v IT - Odisejada\" \/>\n<meta property=\"og:description\" content=\"Zaposlitev asistent v it \u0160tudentsko delo Odisejada d.o.o.\u00a0je podjetje, ki upravlja poslovno-zabavi\u0161\u010dni center Odiseja (biv\u0161i Kolosej). V\u00a0Odiseji\u00a0se odvijajo razli\u010dne dejavnosti, med drugim je v Odiseji mo\u017eno obiskati kino, gledali\u0161\u010de, koncerte, dru\u017eabne dogodke, konference, seminarje, otro\u0161ki program, program za najstnike in igri\u010darje ter se prepustiti pestri gostinski ponudbi. Odiseja je visokotehnolo\u0161ki objekt, ki je trajnostno naravnan [&hellip;]\" \/>\n<meta property=\"og:url\" content=\"https:\/\/test-www.odiseja.com\/sl\/zaposlitev\/asistent-v-it\/\" \/>\n<meta property=\"og:site_name\" content=\"Odisejada\" \/>\n<meta property=\"article:modified_time\" content=\"2025-11-04T13:25:16+00:00\" \/>\n<meta property=\"og:image\" content=\"https:\/\/test-www.odiseja.com\/app\/uploads\/2025\/11\/AdobeStock_905603018-1024x574.jpeg\" \/>\n<meta name=\"twitter:card\" content=\"summary_large_image\" \/>\n<meta name=\"twitter:label1\" content=\"Est. reading time\" \/>\n\t<meta name=\"twitter:data1\" content=\"1 minute\" \/>\n<script type=\"application\/ld+json\" class=\"yoast-schema-graph\">{\"@context\":\"https:\/\/schema.org\",\"@graph\":[{\"@type\":\"WebPage\",\"@id\":\"https:\/\/test-www.odiseja.com\/sl\/zaposlitev\/asistent-v-it\/\",\"url\":\"https:\/\/test-www.odiseja.com\/sl\/zaposlitev\/asistent-v-it\/\",\"name\":\"Asistent v IT - Odisejada\",\"isPartOf\":{\"@id\":\"https:\/\/test-www.odiseja.com\/sl\/#website\"},\"primaryImageOfPage\":{\"@id\":\"https:\/\/test-www.odiseja.com\/sl\/zaposlitev\/asistent-v-it\/#primaryimage\"},\"image\":{\"@id\":\"https:\/\/test-www.odiseja.com\/sl\/zaposlitev\/asistent-v-it\/#primaryimage\"},\"thumbnailUrl\":\"https:\/\/test-www.odiseja.com\/app\/uploads\/2025\/11\/AdobeStock_905603018-1024x574.jpeg\",\"datePublished\":\"2025-11-04T13:11:31+00:00\",\"dateModified\":\"2025-11-04T13:25:16+00:00\",\"breadcrumb\":{\"@id\":\"https:\/\/test-www.odiseja.com\/sl\/zaposlitev\/asistent-v-it\/#breadcrumb\"},\"inLanguage\":\"sl-SI\",\"potentialAction\":[{\"@type\":\"ReadAction\",\"target\":[\"https:\/\/test-www.odiseja.com\/sl\/zaposlitev\/asistent-v-it\/\"]}]},{\"@type\":\"ImageObject\",\"inLanguage\":\"sl-SI\",\"@id\":\"https:\/\/test-www.odiseja.com\/sl\/zaposlitev\/asistent-v-it\/#primaryimage\",\"url\":\"https:\/\/test-www.odiseja.com\/app\/uploads\/2025\/11\/AdobeStock_905603018-1024x574.jpeg\",\"contentUrl\":\"https:\/\/test-www.odiseja.com\/app\/uploads\/2025\/11\/AdobeStock_905603018-1024x574.jpeg\"},{\"@type\":\"BreadcrumbList\",\"@id\":\"https:\/\/test-www.odiseja.com\/sl\/zaposlitev\/asistent-v-it\/#breadcrumb\",\"itemListElement\":[{\"@type\":\"ListItem\",\"position\":1,\"name\":\"Home\",\"item\":\"https:\/\/test-www.odiseja.com\/sl\/\"},{\"@type\":\"ListItem\",\"position\":2,\"name\":\"Zaposlitev\",\"item\":\"https:\/\/test-www.odiseja.com\/sl\/zaposlitev\/\"},{\"@type\":\"ListItem\",\"position\":3,\"name\":\"Asistent v IT\"}]},{\"@type\":\"WebSite\",\"@id\":\"https:\/\/test-www.odiseja.com\/sl\/#website\",\"url\":\"https:\/\/test-www.odiseja.com\/sl\/\",\"name\":\"Odisejada DEV\",\"description\":\"\",\"potentialAction\":[{\"@type\":\"SearchAction\",\"target\":{\"@type\":\"EntryPoint\",\"urlTemplate\":\"https:\/\/test-www.odiseja.com\/sl\/?s={search_term_string}\"},\"query-input\":\"required name=search_term_string\"}],\"inLanguage\":\"sl-SI\"}]}<\/script>\n<!-- \/ Yoast SEO plugin. -->","yoast_head_json":{"title":"Asistent v IT - Odisejada","robots":{"index":"index","follow":"follow","max-snippet":"max-snippet:-1","max-image-preview":"max-image-preview:large","max-video-preview":"max-video-preview:-1"},"canonical":"https:\/\/test-www.odiseja.com\/sl\/zaposlitev\/asistent-v-it\/","og_locale":"sl_SI","og_type":"article","og_title":"Asistent v IT - Odisejada","og_description":"Zaposlitev asistent v it \u0160tudentsko delo Odisejada d.o.o.\u00a0je podjetje, ki upravlja poslovno-zabavi\u0161\u010dni center Odiseja (biv\u0161i Kolosej). V\u00a0Odiseji\u00a0se odvijajo razli\u010dne dejavnosti, med drugim je v Odiseji mo\u017eno obiskati kino, gledali\u0161\u010de, koncerte, dru\u017eabne dogodke, konference, seminarje, otro\u0161ki program, program za najstnike in igri\u010darje ter se prepustiti pestri gostinski ponudbi. Odiseja je visokotehnolo\u0161ki objekt, ki je trajnostno naravnan [&hellip;]","og_url":"https:\/\/test-www.odiseja.com\/sl\/zaposlitev\/asistent-v-it\/","og_site_name":"Odisejada","article_modified_time":"2025-11-04T13:25:16+00:00","og_image":[{"url":"https:\/\/test-www.odiseja.com\/app\/uploads\/2025\/11\/AdobeStock_905603018-1024x574.jpeg"}],"twitter_card":"summary_large_image","twitter_misc":{"Est. reading time":"1 minute"},"schema":{"@context":"https:\/\/schema.org","@graph":[{"@type":"WebPage","@id":"https:\/\/test-www.odiseja.com\/sl\/zaposlitev\/asistent-v-it\/","url":"https:\/\/test-www.odiseja.com\/sl\/zaposlitev\/asistent-v-it\/","name":"Asistent v IT - Odisejada","isPartOf":{"@id":"https:\/\/test-www.odiseja.com\/sl\/#website"},"primaryImageOfPage":{"@id":"https:\/\/test-www.odiseja.com\/sl\/zaposlitev\/asistent-v-it\/#primaryimage"},"image":{"@id":"https:\/\/test-www.odiseja.com\/sl\/zaposlitev\/asistent-v-it\/#primaryimage"},"thumbnailUrl":"https:\/\/test-www.odiseja.com\/app\/uploads\/2025\/11\/AdobeStock_905603018-1024x574.jpeg","datePublished":"2025-11-04T13:11:31+00:00","dateModified":"2025-11-04T13:25:16+00:00","breadcrumb":{"@id":"https:\/\/test-www.odiseja.com\/sl\/zaposlitev\/asistent-v-it\/#breadcrumb"},"inLanguage":"sl-SI","potentialAction":[{"@type":"ReadAction","target":["https:\/\/test-www.odiseja.com\/sl\/zaposlitev\/asistent-v-it\/"]}]},{"@type":"ImageObject","inLanguage":"sl-SI","@id":"https:\/\/test-www.odiseja.com\/sl\/zaposlitev\/asistent-v-it\/#primaryimage","url":"https:\/\/test-www.odiseja.com\/app\/uploads\/2025\/11\/AdobeStock_905603018-1024x574.jpeg","contentUrl":"https:\/\/test-www.odiseja.com\/app\/uploads\/2025\/11\/AdobeStock_905603018-1024x574.jpeg"},{"@type":"BreadcrumbList","@id":"https:\/\/test-www.odiseja.com\/sl\/zaposlitev\/asistent-v-it\/#breadcrumb","itemListElement":[{"@type":"ListItem","position":1,"name":"Home","item":"https:\/\/test-www.odiseja.com\/sl\/"},{"@type":"ListItem","position":2,"name":"Zaposlitev","item":"https:\/\/test-www.odiseja.com\/sl\/zaposlitev\/"},{"@type":"ListItem","position":3,"name":"Asistent v IT"}]},{"@type":"WebSite","@id":"https:\/\/test-www.odiseja.com\/sl\/#website","url":"https:\/\/test-www.odiseja.com\/sl\/","name":"Odisejada DEV","description":"","potentialAction":[{"@type":"SearchAction","target":{"@type":"EntryPoint","urlTemplate":"https:\/\/test-www.odiseja.com\/sl\/?s={search_term_string}"},"query-input":"required name=search_term_string"}],"inLanguage":"sl-SI"}]}},"_links":{"self":[{"href":"https:\/\/test-www.odiseja.com\/sl\/wp-json\/wp\/v2\/pages\/8553"}],"collection":[{"href":"https:\/\/test-www.odiseja.com\/sl\/wp-json\/wp\/v2\/pages"}],"about":[{"href":"https:\/\/test-www.odiseja.com\/sl\/wp-json\/wp\/v2\/types\/page"}],"author":[{"embeddable":true,"href":"https:\/\/test-www.odiseja.com\/sl\/wp-json\/wp\/v2\/users\/12"}],"replies":[{"embeddable":true,"href":"https:\/\/test-www.odiseja.com\/sl\/wp-json\/wp\/v2\/comments?post=8553"}],"version-history":[{"count":8,"href":"https:\/\/test-www.odiseja.com\/sl\/wp-json\/wp\/v2\/pages\/8553\/revisions"}],"predecessor-version":[{"id":8566,"href":"https:\/\/test-www.odiseja.com\/sl\/wp-json\/wp\/v2\/pages\/8553\/revisions\/8566"}],"up":[{"embeddable":true,"href":"https:\/\/test-www.odiseja.com\/sl\/wp-json\/wp\/v2\/pages\/4416"}],"wp:attachment":[{"href":"https:\/\/test-www.odiseja.com\/sl\/wp-json\/wp\/v2\/media?parent=8553"}],"curies":[{"name":"wp","href":"https:\/\/api.w.org\/{rel}","templated":true}]}}